{"id":17411,"date":"2019-04-09T22:46:29","date_gmt":"2019-04-09T22:46:29","guid":{"rendered":"https:\/\/octaedro.com\/producto\/los-deberes-en-casa\/"},"modified":"2023-04-20T12:23:49","modified_gmt":"2023-04-20T10:23:49","slug":"los-deberes-en-casa","status":"publish","type":"product","link":"https:\/\/wizardly-davinci.82-223-8-23.plesk.page\/en\/producto\/los-deberes-en-casa\/","title":{"rendered":"Los deberes en casa"},"content":{"rendered":"<p><span class=\"destacat\">Los deberes en casa<\/span> son fuente de interminables conflictos entre padres, hijos y profesores. Aqu\u00ed se sit\u00faa esta cuesti\u00f3n en el conjunto de los problemas escolares de hoy, sin eufemismos y recordando a cada uno sus responsabilidades. El autor examina punto por punto todos los aspectos concretos del trabajo personal de los alumnos y proporciona una multitud de propuestas, aplicables inmediatamente. Esta obra, convertida ya en un cl\u00e1sico en Francia donde fue reeditada recientemente con el nuevo cap\u00edtulo sobre los deberes para las vacaciones, se dirige principalmente a padres de alumnos (de todos los niveles), al profesorado y al personal de los centros educativos. Tambi\u00e9n resultar\u00e1 de inter\u00e9s para los alumnos, que encontrar\u00e1n instrumentos para aprender a trabajar eficazmente.<\/p>\n","protected":false},"excerpt":{"rendered":"<p><span class=\"destacat\">Los deberes en casa<\/span> son fuente de interminables conflictos entre padres, hijos y profesores. Aqu\u00ed se sit\u00faa esta cuesti\u00f3n en el conjunto de los problemas escolares de hoy, sin eufemismos y recordando a cada uno sus responsabilidades. El autor examina punto por punto todos los aspectos concretos del trabajo personal de los alumnos y proporciona una multitud de propuestas, aplicables inmediatamente. Esta obra, convertida ya en un cl\u00e1sico en Francia donde fue reeditada recientemente con el nuevo cap\u00edtulo sobre los deberes para las vacaciones, se dirige principalmente a padres de alumnos (de todos los niveles), al profesorado y al personal de los centros educativos. Tambi\u00e9n resultar\u00e1 de inter\u00e9s para los alumnos, que encontrar\u00e1n instrumentos para aprender a trabajar eficazmente.<\/p>\n","protected":false},"featured_media":20883,"comment_status":"open","ping_status":"closed","template":"","meta":{"_et_pb_use_builder":"","_et_pb_old_content":"","_et_gb_content_width":""},"product_cat":[1512,6675,1502],"product_tag":[2602],"edicion":[1083],"editoriales":[1160,1163],"tienda":[],"autor_id":[5961],"universidades_coeditoras":[],"palabras_clave":[],"listado_alfabetico":[],"acf":[],"_links":{"self":[{"href":"https:\/\/wizardly-davinci.82-223-8-23.plesk.page\/en\/wp-json\/wp\/v2\/product\/17411"}],"collection":[{"href":"https:\/\/wizardly-davinci.82-223-8-23.plesk.page\/en\/wp-json\/wp\/v2\/product"}],"about":[{"href":"https:\/\/wizardly-davinci.82-223-8-23.plesk.page\/en\/wp-json\/wp\/v2\/types\/product"}],"replies":[{"embeddable":true,"href":"https:\/\/wizardly-davinci.82-223-8-23.plesk.page\/en\/wp-json\/wp\/v2\/comments?post=17411"}],"wp:featuredmedia":[{"embeddable":true,"href":"https:\/\/wizardly-davinci.82-223-8-23.plesk.page\/en\/wp-json\/wp\/v2\/media\/20883"}],"wp:attachment":[{"href":"https:\/\/wizardly-davinci.82-223-8-23.plesk.page\/en\/wp-json\/wp\/v2\/media?parent=17411"}],"wp:term":[{"taxonomy":"product_cat","embeddable":true,"href":"https:\/\/wizardly-davinci.82-223-8-23.plesk.page\/en\/wp-json\/wp\/v2\/product_cat?post=17411"},{"taxonomy":"product_tag","embeddable":true,"href":"https:\/\/wizardly-davinci.82-223-8-23.plesk.page\/en\/wp-json\/wp\/v2\/product_tag?post=17411"},{"taxonomy":"edicion","embeddable":true,"href":"https:\/\/wizardly-davinci.82-223-8-23.plesk.page\/en\/wp-json\/wp\/v2\/edicion?post=17411"},{"taxonomy":"editoriales","embeddable":true,"href":"https:\/\/wizardly-davinci.82-223-8-23.plesk.page\/en\/wp-json\/wp\/v2\/editoriales?post=17411"},{"taxonomy":"tienda","embeddable":true,"href":"https:\/\/wizardly-davinci.82-223-8-23.plesk.page\/en\/wp-json\/wp\/v2\/tienda?post=17411"},{"taxonomy":"autor_id","embeddable":true,"href":"https:\/\/wizardly-davinci.82-223-8-23.plesk.page\/en\/wp-json\/wp\/v2\/autor_id?post=17411"},{"taxonomy":"universidades_coeditoras","embeddable":true,"href":"https:\/\/wizardly-davinci.82-223-8-23.plesk.page\/en\/wp-json\/wp\/v2\/universidades_coeditoras?post=17411"},{"taxonomy":"palabras_clave","embeddable":true,"href":"https:\/\/wizardly-davinci.82-223-8-23.plesk.page\/en\/wp-json\/wp\/v2\/palabras_clave?post=17411"},{"taxonomy":"listado_alfabetico","embeddable":true,"href":"https:\/\/wizardly-davinci.82-223-8-23.plesk.page\/en\/wp-json\/wp\/v2\/listado_alfabetico?post=17411"}],"curies":[{"name":"wp","href":"https:\/\/api.w.org\/{rel}","templated":true}]}}