{"id":17414,"date":"2021-07-01T23:59:35","date_gmt":"2021-07-01T23:59:35","guid":{"rendered":"https:\/\/octaedro.com\/producto\/la-biblioteca-el-corazon-de-la-escuela\/"},"modified":"2023-04-20T12:25:42","modified_gmt":"2023-04-20T10:25:42","slug":"la-biblioteca-el-corazon-de-la-escuela","status":"publish","type":"product","link":"https:\/\/wizardly-davinci.82-223-8-23.plesk.page\/en\/producto\/la-biblioteca-el-corazon-de-la-escuela\/","title":{"rendered":"La biblioteca, el coraz\u00f3n de la escuela"},"content":{"rendered":"<p><span class=\"destacat\">La biblioteca, el coraz\u00f3n de la escuela<\/span> es un documento dirigido a los maestros y a las maestras, de car\u00e1cter eminentemente pr\u00e1ctico, donde se defiende la necesidad de este espacio fundamental de comunicaci\u00f3n e intercambio, en el cual la lectura, la consulta y la investigaci\u00f3n de informaci\u00f3n tengan su lugar de encuentro. Encontrar\u00e1n el soporte t\u00e9cnico que fundamenta, defiende y justifica la importancia de la existencia de buenas bibliotecas escolares. Tambi\u00e9n se facilitan pistas, ideas y sugerencias pr\u00e1cticas con el fin de organizar las actividades que se han de realizar en una biblioteca de un centro de educaci\u00f3n infantil de primaria. Son acciones encaminadas a aficionar al alumnado en la lectura recreativa y como fuente de placer.<\/p>\n","protected":false},"excerpt":{"rendered":"<p><span class=\"destacat\">La biblioteca, el coraz\u00f3n de la escuela<\/span> es un documento dirigido a los maestros y a las maestras, de car\u00e1cter eminentemente pr\u00e1ctico, donde se defiende la necesidad de este espacio fundamental de comunicaci\u00f3n e intercambio, en el cual la lectura, la consulta y la investigaci\u00f3n de informaci\u00f3n tengan su lugar de encuentro. Encontrar\u00e1n el soporte t\u00e9cnico que fundamenta, defiende y justifica la importancia de la existencia de buenas bibliotecas escolares. Tambi\u00e9n se facilitan pistas, ideas y sugerencias pr\u00e1cticas con el fin de organizar las actividades que se han de realizar en una biblioteca de un centro de educaci\u00f3n infantil de primaria. Son acciones encaminadas a aficionar al alumnado en la lectura recreativa y como fuente de placer.<\/p>\n","protected":false},"featured_media":46396,"comment_status":"open","ping_status":"closed","template":"","meta":{"_et_pb_use_builder":"","_et_pb_old_content":"","_et_gb_content_width":""},"product_cat":[2606,6674,6675,1502],"product_tag":[2608],"edicion":[1085,1083],"editoriales":[1160,1163],"tienda":[],"autor_id":[5277],"universidades_coeditoras":[],"palabras_clave":[],"listado_alfabetico":[],"acf":[],"_links":{"self":[{"href":"https:\/\/wizardly-davinci.82-223-8-23.plesk.page\/en\/wp-json\/wp\/v2\/product\/17414"}],"collection":[{"href":"https:\/\/wizardly-davinci.82-223-8-23.plesk.page\/en\/wp-json\/wp\/v2\/product"}],"about":[{"href":"https:\/\/wizardly-davinci.82-223-8-23.plesk.page\/en\/wp-json\/wp\/v2\/types\/product"}],"replies":[{"embeddable":true,"href":"https:\/\/wizardly-davinci.82-223-8-23.plesk.page\/en\/wp-json\/wp\/v2\/comments?post=17414"}],"wp:featuredmedia":[{"embeddable":true,"href":"https:\/\/wizardly-davinci.82-223-8-23.plesk.page\/en\/wp-json\/wp\/v2\/media\/46396"}],"wp:attachment":[{"href":"https:\/\/wizardly-davinci.82-223-8-23.plesk.page\/en\/wp-json\/wp\/v2\/media?parent=17414"}],"wp:term":[{"taxonomy":"product_cat","embeddable":true,"href":"https:\/\/wizardly-davinci.82-223-8-23.plesk.page\/en\/wp-json\/wp\/v2\/product_cat?post=17414"},{"taxonomy":"product_tag","embeddable":true,"href":"https:\/\/wizardly-davinci.82-223-8-23.plesk.page\/en\/wp-json\/wp\/v2\/product_tag?post=17414"},{"taxonomy":"edicion","embeddable":true,"href":"https:\/\/wizardly-davinci.82-223-8-23.plesk.page\/en\/wp-json\/wp\/v2\/edicion?post=17414"},{"taxonomy":"editoriales","embeddable":true,"href":"https:\/\/wizardly-davinci.82-223-8-23.plesk.page\/en\/wp-json\/wp\/v2\/editoriales?post=17414"},{"taxonomy":"tienda","embeddable":true,"href":"https:\/\/wizardly-davinci.82-223-8-23.plesk.page\/en\/wp-json\/wp\/v2\/tienda?post=17414"},{"taxonomy":"autor_id","embeddable":true,"href":"https:\/\/wizardly-davinci.82-223-8-23.plesk.page\/en\/wp-json\/wp\/v2\/autor_id?post=17414"},{"taxonomy":"universidades_coeditoras","embeddable":true,"href":"https:\/\/wizardly-davinci.82-223-8-23.plesk.page\/en\/wp-json\/wp\/v2\/universidades_coeditoras?post=17414"},{"taxonomy":"palabras_clave","embeddable":true,"href":"https:\/\/wizardly-davinci.82-223-8-23.plesk.page\/en\/wp-json\/wp\/v2\/palabras_clave?post=17414"},{"taxonomy":"listado_alfabetico","embeddable":true,"href":"https:\/\/wizardly-davinci.82-223-8-23.plesk.page\/en\/wp-json\/wp\/v2\/listado_alfabetico?post=17414"}],"curies":[{"name":"wp","href":"https:\/\/api.w.org\/{rel}","templated":true}]}}