{"id":17415,"date":"2019-04-09T22:46:37","date_gmt":"2019-04-09T22:46:37","guid":{"rendered":"https:\/\/octaedro.com\/producto\/la-vuelta-a-la-escuela-en-ochenta-mundos\/"},"modified":"2023-04-20T12:25:51","modified_gmt":"2023-04-20T10:25:51","slug":"la-vuelta-a-la-escuela-en-ochenta-mundos","status":"publish","type":"product","link":"https:\/\/wizardly-davinci.82-223-8-23.plesk.page\/en\/producto\/la-vuelta-a-la-escuela-en-ochenta-mundos\/","title":{"rendered":"La vuelta a la escuela en ochenta mundos"},"content":{"rendered":"<p>Muchos maestros, al estilo de la rep\u00fablica, todav\u00eda llevan un diario. En \u00e9ste anotan las dificultades que se van encontrando y c\u00f3mo las resuelven o c\u00f3mo intentan resolverlas. Dificultades del d\u00eda a d\u00eda de la clase, dificultades en las relaciones o en la tutor\u00eda de sus alumnos. Este libro no es m\u00e1s que una parte de este diario, la parte m\u00e1s diferenciada de los otros diarios, la parte dedicada a la diversidad y donde el autor ha aprendido que todos los hombres, sean de donde sean, tienen los mismos deseos, las mismas esperanzas e, independiente de su origen, siempre merecen una oportunidad.<\/p>\n","protected":false},"excerpt":{"rendered":"<p>Muchos maestros, al estilo de la rep\u00fablica, todav\u00eda llevan un diario. En \u00e9ste anotan las dificultades que se van encontrando y c\u00f3mo las resuelven o c\u00f3mo intentan resolverlas. Dificultades del d\u00eda a d\u00eda de la clase, dificultades en las relaciones o en la tutor\u00eda de sus alumnos. Este libro no es m\u00e1s que una parte de este diario, la parte m\u00e1s diferenciada de los otros diarios, la parte dedicada a la diversidad y donde el autor ha aprendido que todos los hombres, sean de donde sean, tienen los mismos deseos, las mismas esperanzas e, independiente de su origen, siempre merecen una oportunidad.<\/p>\n","protected":false},"featured_media":40775,"comment_status":"open","ping_status":"closed","template":"","meta":{"_et_pb_use_builder":"","_et_pb_old_content":"","_et_gb_content_width":""},"product_cat":[1512,6675,1502],"product_tag":[2602],"edicion":[1083],"editoriales":[1160,1163],"tienda":[],"autor_id":[5527],"universidades_coeditoras":[],"palabras_clave":[],"listado_alfabetico":[],"acf":[],"_links":{"self":[{"href":"https:\/\/wizardly-davinci.82-223-8-23.plesk.page\/en\/wp-json\/wp\/v2\/product\/17415"}],"collection":[{"href":"https:\/\/wizardly-davinci.82-223-8-23.plesk.page\/en\/wp-json\/wp\/v2\/product"}],"about":[{"href":"https:\/\/wizardly-davinci.82-223-8-23.plesk.page\/en\/wp-json\/wp\/v2\/types\/product"}],"replies":[{"embeddable":true,"href":"https:\/\/wizardly-davinci.82-223-8-23.plesk.page\/en\/wp-json\/wp\/v2\/comments?post=17415"}],"wp:featuredmedia":[{"embeddable":true,"href":"https:\/\/wizardly-davinci.82-223-8-23.plesk.page\/en\/wp-json\/wp\/v2\/media\/40775"}],"wp:attachment":[{"href":"https:\/\/wizardly-davinci.82-223-8-23.plesk.page\/en\/wp-json\/wp\/v2\/media?parent=17415"}],"wp:term":[{"taxonomy":"product_cat","embeddable":true,"href":"https:\/\/wizardly-davinci.82-223-8-23.plesk.page\/en\/wp-json\/wp\/v2\/product_cat?post=17415"},{"taxonomy":"product_tag","embeddable":true,"href":"https:\/\/wizardly-davinci.82-223-8-23.plesk.page\/en\/wp-json\/wp\/v2\/product_tag?post=17415"},{"taxonomy":"edicion","embeddable":true,"href":"https:\/\/wizardly-davinci.82-223-8-23.plesk.page\/en\/wp-json\/wp\/v2\/edicion?post=17415"},{"taxonomy":"editoriales","embeddable":true,"href":"https:\/\/wizardly-davinci.82-223-8-23.plesk.page\/en\/wp-json\/wp\/v2\/editoriales?post=17415"},{"taxonomy":"tienda","embeddable":true,"href":"https:\/\/wizardly-davinci.82-223-8-23.plesk.page\/en\/wp-json\/wp\/v2\/tienda?post=17415"},{"taxonomy":"autor_id","embeddable":true,"href":"https:\/\/wizardly-davinci.82-223-8-23.plesk.page\/en\/wp-json\/wp\/v2\/autor_id?post=17415"},{"taxonomy":"universidades_coeditoras","embeddable":true,"href":"https:\/\/wizardly-davinci.82-223-8-23.plesk.page\/en\/wp-json\/wp\/v2\/universidades_coeditoras?post=17415"},{"taxonomy":"palabras_clave","embeddable":true,"href":"https:\/\/wizardly-davinci.82-223-8-23.plesk.page\/en\/wp-json\/wp\/v2\/palabras_clave?post=17415"},{"taxonomy":"listado_alfabetico","embeddable":true,"href":"https:\/\/wizardly-davinci.82-223-8-23.plesk.page\/en\/wp-json\/wp\/v2\/listado_alfabetico?post=17415"}],"curies":[{"name":"wp","href":"https:\/\/api.w.org\/{rel}","templated":true}]}}