{"id":17416,"date":"2021-07-01T22:46:38","date_gmt":"2021-07-01T22:46:38","guid":{"rendered":"https:\/\/octaedro.com\/producto\/la-tarea-de-educar\/"},"modified":"2023-04-20T12:25:58","modified_gmt":"2023-04-20T10:25:58","slug":"la-tarea-de-educar","status":"publish","type":"product","link":"https:\/\/wizardly-davinci.82-223-8-23.plesk.page\/en\/producto\/la-tarea-de-educar\/","title":{"rendered":"La tarea de educar"},"content":{"rendered":"<p>La tarea de educar pretende describir la cotidianeidad de la educaci\u00f3n en valores en una clase de primaria. Quiere mostrar porqu\u00e9 la educaci\u00f3n moral se hace por todas partes y en todo momento, por qu\u00e9 los valores se aprenden como por osmosis en el d\u00eda a d\u00eda del trabajo y la convivencia en el aula. Pero la respuesta que da no es especulativa. Para saber c\u00f3mo funciona la cotidianeidad de la educaci\u00f3n moral en una escuela, la \u00fanica soluci\u00f3n es ir a verlo.<br \/>\nEn esta obra se presentan los resultados de un trabajo etnogr\u00e1fico de un a\u00f1o de duraci\u00f3n. Y en la manera de presentarlos se mezclan la descripci\u00f3n, la narraci\u00f3n y la reflexi\u00f3n.<\/p>\n","protected":false},"excerpt":{"rendered":"<p>La tarea de educar pretende describir la cotidianeidad de la educaci\u00f3n en valores en una clase de primaria. Quiere mostrar porqu\u00e9 la educaci\u00f3n moral se hace por todas partes y en todo momento, por qu\u00e9 los valores se aprenden como por osmosis en el d\u00eda a d\u00eda del trabajo y la convivencia en el aula. Pero la respuesta que da no es especulativa. Para saber c\u00f3mo funciona la cotidianeidad de la educaci\u00f3n moral en una escuela, la \u00fanica soluci\u00f3n es ir a verlo.<br \/>\nEn esta obra se presentan los resultados de un trabajo etnogr\u00e1fico de un a\u00f1o de duraci\u00f3n. Y en la manera de presentarlos se mezclan la descripci\u00f3n, la narraci\u00f3n y la reflexi\u00f3n.<\/p>\n","protected":false},"featured_media":46268,"comment_status":"open","ping_status":"closed","template":"","meta":{"_et_pb_use_builder":"","_et_pb_old_content":"","_et_gb_content_width":""},"product_cat":[2606,6674,6675,1502],"product_tag":[2608],"edicion":[1083],"editoriales":[1160,1163],"tienda":[],"autor_id":[6185],"universidades_coeditoras":[],"palabras_clave":[],"listado_alfabetico":[],"acf":[],"_links":{"self":[{"href":"https:\/\/wizardly-davinci.82-223-8-23.plesk.page\/en\/wp-json\/wp\/v2\/product\/17416"}],"collection":[{"href":"https:\/\/wizardly-davinci.82-223-8-23.plesk.page\/en\/wp-json\/wp\/v2\/product"}],"about":[{"href":"https:\/\/wizardly-davinci.82-223-8-23.plesk.page\/en\/wp-json\/wp\/v2\/types\/product"}],"replies":[{"embeddable":true,"href":"https:\/\/wizardly-davinci.82-223-8-23.plesk.page\/en\/wp-json\/wp\/v2\/comments?post=17416"}],"wp:featuredmedia":[{"embeddable":true,"href":"https:\/\/wizardly-davinci.82-223-8-23.plesk.page\/en\/wp-json\/wp\/v2\/media\/46268"}],"wp:attachment":[{"href":"https:\/\/wizardly-davinci.82-223-8-23.plesk.page\/en\/wp-json\/wp\/v2\/media?parent=17416"}],"wp:term":[{"taxonomy":"product_cat","embeddable":true,"href":"https:\/\/wizardly-davinci.82-223-8-23.plesk.page\/en\/wp-json\/wp\/v2\/product_cat?post=17416"},{"taxonomy":"product_tag","embeddable":true,"href":"https:\/\/wizardly-davinci.82-223-8-23.plesk.page\/en\/wp-json\/wp\/v2\/product_tag?post=17416"},{"taxonomy":"edicion","embeddable":true,"href":"https:\/\/wizardly-davinci.82-223-8-23.plesk.page\/en\/wp-json\/wp\/v2\/edicion?post=17416"},{"taxonomy":"editoriales","embeddable":true,"href":"https:\/\/wizardly-davinci.82-223-8-23.plesk.page\/en\/wp-json\/wp\/v2\/editoriales?post=17416"},{"taxonomy":"tienda","embeddable":true,"href":"https:\/\/wizardly-davinci.82-223-8-23.plesk.page\/en\/wp-json\/wp\/v2\/tienda?post=17416"},{"taxonomy":"autor_id","embeddable":true,"href":"https:\/\/wizardly-davinci.82-223-8-23.plesk.page\/en\/wp-json\/wp\/v2\/autor_id?post=17416"},{"taxonomy":"universidades_coeditoras","embeddable":true,"href":"https:\/\/wizardly-davinci.82-223-8-23.plesk.page\/en\/wp-json\/wp\/v2\/universidades_coeditoras?post=17416"},{"taxonomy":"palabras_clave","embeddable":true,"href":"https:\/\/wizardly-davinci.82-223-8-23.plesk.page\/en\/wp-json\/wp\/v2\/palabras_clave?post=17416"},{"taxonomy":"listado_alfabetico","embeddable":true,"href":"https:\/\/wizardly-davinci.82-223-8-23.plesk.page\/en\/wp-json\/wp\/v2\/listado_alfabetico?post=17416"}],"curies":[{"name":"wp","href":"https:\/\/api.w.org\/{rel}","templated":true}]}}