{"id":17417,"date":"2019-04-09T22:46:40","date_gmt":"2019-04-09T22:46:40","guid":{"rendered":"https:\/\/octaedro.com\/producto\/un-mundo-por-leer\/"},"modified":"2023-04-20T12:26:05","modified_gmt":"2023-04-20T10:26:05","slug":"un-mundo-por-leer","status":"publish","type":"product","link":"https:\/\/wizardly-davinci.82-223-8-23.plesk.page\/en\/producto\/un-mundo-por-leer\/","title":{"rendered":"Un mundo por leer"},"content":{"rendered":"<p>\u00bfC\u00f3mo contribuir a la educaci\u00f3n literaria de los adolescentes? Entre los viejos programas de historia de la literatura nacional y las aventuras individuales de animaci\u00f3n a la lectura hay un territorio com\u00fan por explorar. Este libro quisiera ofrecer herramientas para ello.Bajo un t\u00edtulo deliberadamente ambiguo, se apuntan tres de las coordenadas que debieran enmarcar este debate. <em>Un mundo por leer <\/em>nos recuerda que hay libros m\u00e1s all\u00e1 de los programas escolares, m\u00e1s all\u00e1 de las propias fronteras; libros excelentes con los que chicos y chicas podr\u00edan entablar un di\u00e1logo fecundo. <em>Un mundo por leer<\/em> nos sugiere tambi\u00e9n, en la estela de Paulo Freire, que en el \u00e1mbito educativo es imprescindible ligar la lectura de la palabra y la lectura del mundo. Un mundo por leer nos invita, adem\u00e1s, a considerar el horizonte de expectativas en que se sit\u00faan los adolescentes, pues es a sus miedos e inquietudes, anhelos y sue\u00f1os a los que han de dar respuesta los libros con que pretendemos ense\u00f1arles a leer.<\/p>\n","protected":false},"excerpt":{"rendered":"<p>\u00bfC\u00f3mo contribuir a la educaci\u00f3n literaria de los adolescentes? Entre los viejos programas de historia de la literatura nacional y las aventuras individuales de animaci\u00f3n a la lectura hay un territorio com\u00fan por explorar. Este libro quisiera ofrecer herramientas para ello.Bajo un t\u00edtulo deliberadamente ambiguo, se apuntan tres de las coordenadas que debieran enmarcar este debate. <em>Un mundo por leer <\/em>nos recuerda que hay libros m\u00e1s all\u00e1 de los programas escolares, m\u00e1s all\u00e1 de las propias fronteras; libros excelentes con los que chicos y chicas podr\u00edan entablar un di\u00e1logo fecundo. <em>Un mundo por leer<\/em> nos sugiere tambi\u00e9n, en la estela de Paulo Freire, que en el \u00e1mbito educativo es imprescindible ligar la lectura de la palabra y la lectura del mundo. Un mundo por leer nos invita, adem\u00e1s, a considerar el horizonte de expectativas en que se sit\u00faan los adolescentes, pues es a sus miedos e inquietudes, anhelos y sue\u00f1os a los que han de dar respuesta los libros con que pretendemos ense\u00f1arles a leer.<\/p>\n","protected":false},"featured_media":20880,"comment_status":"open","ping_status":"closed","template":"","meta":{"_et_pb_use_builder":"","_et_pb_old_content":"","_et_gb_content_width":""},"product_cat":[1512,6675,1502],"product_tag":[2602],"edicion":[1083],"editoriales":[1160,1163],"tienda":[],"autor_id":[5752],"universidades_coeditoras":[],"palabras_clave":[],"listado_alfabetico":[],"acf":[],"_links":{"self":[{"href":"https:\/\/wizardly-davinci.82-223-8-23.plesk.page\/en\/wp-json\/wp\/v2\/product\/17417"}],"collection":[{"href":"https:\/\/wizardly-davinci.82-223-8-23.plesk.page\/en\/wp-json\/wp\/v2\/product"}],"about":[{"href":"https:\/\/wizardly-davinci.82-223-8-23.plesk.page\/en\/wp-json\/wp\/v2\/types\/product"}],"replies":[{"embeddable":true,"href":"https:\/\/wizardly-davinci.82-223-8-23.plesk.page\/en\/wp-json\/wp\/v2\/comments?post=17417"}],"wp:featuredmedia":[{"embeddable":true,"href":"https:\/\/wizardly-davinci.82-223-8-23.plesk.page\/en\/wp-json\/wp\/v2\/media\/20880"}],"wp:attachment":[{"href":"https:\/\/wizardly-davinci.82-223-8-23.plesk.page\/en\/wp-json\/wp\/v2\/media?parent=17417"}],"wp:term":[{"taxonomy":"product_cat","embeddable":true,"href":"https:\/\/wizardly-davinci.82-223-8-23.plesk.page\/en\/wp-json\/wp\/v2\/product_cat?post=17417"},{"taxonomy":"product_tag","embeddable":true,"href":"https:\/\/wizardly-davinci.82-223-8-23.plesk.page\/en\/wp-json\/wp\/v2\/product_tag?post=17417"},{"taxonomy":"edicion","embeddable":true,"href":"https:\/\/wizardly-davinci.82-223-8-23.plesk.page\/en\/wp-json\/wp\/v2\/edicion?post=17417"},{"taxonomy":"editoriales","embeddable":true,"href":"https:\/\/wizardly-davinci.82-223-8-23.plesk.page\/en\/wp-json\/wp\/v2\/editoriales?post=17417"},{"taxonomy":"tienda","embeddable":true,"href":"https:\/\/wizardly-davinci.82-223-8-23.plesk.page\/en\/wp-json\/wp\/v2\/tienda?post=17417"},{"taxonomy":"autor_id","embeddable":true,"href":"https:\/\/wizardly-davinci.82-223-8-23.plesk.page\/en\/wp-json\/wp\/v2\/autor_id?post=17417"},{"taxonomy":"universidades_coeditoras","embeddable":true,"href":"https:\/\/wizardly-davinci.82-223-8-23.plesk.page\/en\/wp-json\/wp\/v2\/universidades_coeditoras?post=17417"},{"taxonomy":"palabras_clave","embeddable":true,"href":"https:\/\/wizardly-davinci.82-223-8-23.plesk.page\/en\/wp-json\/wp\/v2\/palabras_clave?post=17417"},{"taxonomy":"listado_alfabetico","embeddable":true,"href":"https:\/\/wizardly-davinci.82-223-8-23.plesk.page\/en\/wp-json\/wp\/v2\/listado_alfabetico?post=17417"}],"curies":[{"name":"wp","href":"https:\/\/api.w.org\/{rel}","templated":true}]}}