{"id":17418,"date":"2019-04-09T22:46:41","date_gmt":"2019-04-09T22:46:41","guid":{"rendered":"https:\/\/octaedro.com\/producto\/albumes-y-otras-lecturas\/"},"modified":"2023-04-20T12:26:11","modified_gmt":"2023-04-20T10:26:11","slug":"albumes-y-otras-lecturas","status":"publish","type":"product","link":"https:\/\/wizardly-davinci.82-223-8-23.plesk.page\/en\/producto\/albumes-y-otras-lecturas\/","title":{"rendered":"\u00c1lbumes y otras lecturas"},"content":{"rendered":"<p>En nuestra sociedad de la comunicaci\u00f3n y de la cultura de la imagen, aprender a leer y aprender a imaginar son dos objetivos muy importantes de la pedagog\u00eda actual. Pero \u00a1hay tantas maneras de leer! La actividad lectora desarrolla en tantas direcciones\u2026<br \/>\nEn este estudio, la autora se centra en el an\u00e1lisis de los tres lenguajes primordiales \u2013el oral, el textual y el visual- que confluyen en la literatura infantil, y mas concretamente en el \u00e1lbum ilustrado. El \u00e1lbum es un libro compuesto indistintamente, pero no arbitrariamente, por im\u00e1genes y palabras. Estos dos soportes comunicativos, aprehendidos en toda su dimensi\u00f3n cognitiva, otorgan a los lectores una visi\u00f3n perspicua del mundo, a la vez que desarrollan una muy necesaria pedagog\u00eda del imaginario propia de la era postmoderna.<\/p>\n","protected":false},"excerpt":{"rendered":"<p>En nuestra sociedad de la comunicaci\u00f3n y de la cultura de la imagen, aprender a leer y aprender a imaginar son dos objetivos muy importantes de la pedagog\u00eda actual. Pero \u00a1hay tantas maneras de leer! La actividad lectora desarrolla en tantas direcciones\u2026<br \/>\nEn este estudio, la autora se centra en el an\u00e1lisis de los tres lenguajes primordiales \u2013el oral, el textual y el visual- que confluyen en la literatura infantil, y mas concretamente en el \u00e1lbum ilustrado. El \u00e1lbum es un libro compuesto indistintamente, pero no arbitrariamente, por im\u00e1genes y palabras. Estos dos soportes comunicativos, aprehendidos en toda su dimensi\u00f3n cognitiva, otorgan a los lectores una visi\u00f3n perspicua del mundo, a la vez que desarrollan una muy necesaria pedagog\u00eda del imaginario propia de la era postmoderna.<\/p>\n","protected":false},"featured_media":20843,"comment_status":"open","ping_status":"closed","template":"","meta":{"_et_pb_use_builder":"","_et_pb_old_content":"","_et_gb_content_width":""},"product_cat":[1512,6675,1502],"product_tag":[2602],"edicion":[1083],"editoriales":[1160,1163],"tienda":[],"autor_id":[5391],"universidades_coeditoras":[],"palabras_clave":[],"listado_alfabetico":[],"acf":[],"_links":{"self":[{"href":"https:\/\/wizardly-davinci.82-223-8-23.plesk.page\/en\/wp-json\/wp\/v2\/product\/17418"}],"collection":[{"href":"https:\/\/wizardly-davinci.82-223-8-23.plesk.page\/en\/wp-json\/wp\/v2\/product"}],"about":[{"href":"https:\/\/wizardly-davinci.82-223-8-23.plesk.page\/en\/wp-json\/wp\/v2\/types\/product"}],"replies":[{"embeddable":true,"href":"https:\/\/wizardly-davinci.82-223-8-23.plesk.page\/en\/wp-json\/wp\/v2\/comments?post=17418"}],"wp:featuredmedia":[{"embeddable":true,"href":"https:\/\/wizardly-davinci.82-223-8-23.plesk.page\/en\/wp-json\/wp\/v2\/media\/20843"}],"wp:attachment":[{"href":"https:\/\/wizardly-davinci.82-223-8-23.plesk.page\/en\/wp-json\/wp\/v2\/media?parent=17418"}],"wp:term":[{"taxonomy":"product_cat","embeddable":true,"href":"https:\/\/wizardly-davinci.82-223-8-23.plesk.page\/en\/wp-json\/wp\/v2\/product_cat?post=17418"},{"taxonomy":"product_tag","embeddable":true,"href":"https:\/\/wizardly-davinci.82-223-8-23.plesk.page\/en\/wp-json\/wp\/v2\/product_tag?post=17418"},{"taxonomy":"edicion","embeddable":true,"href":"https:\/\/wizardly-davinci.82-223-8-23.plesk.page\/en\/wp-json\/wp\/v2\/edicion?post=17418"},{"taxonomy":"editoriales","embeddable":true,"href":"https:\/\/wizardly-davinci.82-223-8-23.plesk.page\/en\/wp-json\/wp\/v2\/editoriales?post=17418"},{"taxonomy":"tienda","embeddable":true,"href":"https:\/\/wizardly-davinci.82-223-8-23.plesk.page\/en\/wp-json\/wp\/v2\/tienda?post=17418"},{"taxonomy":"autor_id","embeddable":true,"href":"https:\/\/wizardly-davinci.82-223-8-23.plesk.page\/en\/wp-json\/wp\/v2\/autor_id?post=17418"},{"taxonomy":"universidades_coeditoras","embeddable":true,"href":"https:\/\/wizardly-davinci.82-223-8-23.plesk.page\/en\/wp-json\/wp\/v2\/universidades_coeditoras?post=17418"},{"taxonomy":"palabras_clave","embeddable":true,"href":"https:\/\/wizardly-davinci.82-223-8-23.plesk.page\/en\/wp-json\/wp\/v2\/palabras_clave?post=17418"},{"taxonomy":"listado_alfabetico","embeddable":true,"href":"https:\/\/wizardly-davinci.82-223-8-23.plesk.page\/en\/wp-json\/wp\/v2\/listado_alfabetico?post=17418"}],"curies":[{"name":"wp","href":"https:\/\/api.w.org\/{rel}","templated":true}]}}