{"id":17420,"date":"2019-04-09T22:46:44","date_gmt":"2019-04-09T22:46:44","guid":{"rendered":"https:\/\/octaedro.com\/producto\/la-pantalla-infinita\/"},"modified":"2023-04-20T12:26:25","modified_gmt":"2023-04-20T10:26:25","slug":"la-pantalla-infinita","status":"publish","type":"product","link":"https:\/\/wizardly-davinci.82-223-8-23.plesk.page\/en\/producto\/la-pantalla-infinita\/","title":{"rendered":"La pantalla infinita"},"content":{"rendered":"<p>A trav\u00e9s de estas p\u00e1ginas, Marta, una esforzada tutora de Secundaria, nos dejar\u00e1 entrar en su clase para que podamos observar c\u00f3mo habla con su alumnado de los medios y c\u00f3mo trabaja para luchar contra el analfabetismo medi\u00e1tico. Y despu\u00e9s, encontraremos un conjunto de actividades, pr\u00e1cticas y competenciales, para llevar al aula y empezar a educar en comunicaci\u00f3n, a educar en pantallas.<\/p>\n","protected":false},"excerpt":{"rendered":"<p>A trav\u00e9s de estas p\u00e1ginas, Marta, una esforzada tutora de Secundaria, nos dejar\u00e1 entrar en su clase para que podamos observar c\u00f3mo habla con su alumnado de los medios y c\u00f3mo trabaja para luchar contra el analfabetismo medi\u00e1tico. Y despu\u00e9s, encontraremos un conjunto de actividades, pr\u00e1cticas y competenciales, para llevar al aula y empezar a educar en comunicaci\u00f3n, a educar en pantallas.<\/p>\n","protected":false},"featured_media":20877,"comment_status":"open","ping_status":"closed","template":"","meta":{"_et_pb_use_builder":"","_et_pb_old_content":"","_et_gb_content_width":""},"product_cat":[1512,6675,1502],"product_tag":[2602],"edicion":[1083],"editoriales":[1160,1163],"tienda":[],"autor_id":[5186],"universidades_coeditoras":[],"palabras_clave":[],"listado_alfabetico":[],"acf":[],"_links":{"self":[{"href":"https:\/\/wizardly-davinci.82-223-8-23.plesk.page\/en\/wp-json\/wp\/v2\/product\/17420"}],"collection":[{"href":"https:\/\/wizardly-davinci.82-223-8-23.plesk.page\/en\/wp-json\/wp\/v2\/product"}],"about":[{"href":"https:\/\/wizardly-davinci.82-223-8-23.plesk.page\/en\/wp-json\/wp\/v2\/types\/product"}],"replies":[{"embeddable":true,"href":"https:\/\/wizardly-davinci.82-223-8-23.plesk.page\/en\/wp-json\/wp\/v2\/comments?post=17420"}],"wp:featuredmedia":[{"embeddable":true,"href":"https:\/\/wizardly-davinci.82-223-8-23.plesk.page\/en\/wp-json\/wp\/v2\/media\/20877"}],"wp:attachment":[{"href":"https:\/\/wizardly-davinci.82-223-8-23.plesk.page\/en\/wp-json\/wp\/v2\/media?parent=17420"}],"wp:term":[{"taxonomy":"product_cat","embeddable":true,"href":"https:\/\/wizardly-davinci.82-223-8-23.plesk.page\/en\/wp-json\/wp\/v2\/product_cat?post=17420"},{"taxonomy":"product_tag","embeddable":true,"href":"https:\/\/wizardly-davinci.82-223-8-23.plesk.page\/en\/wp-json\/wp\/v2\/product_tag?post=17420"},{"taxonomy":"edicion","embeddable":true,"href":"https:\/\/wizardly-davinci.82-223-8-23.plesk.page\/en\/wp-json\/wp\/v2\/edicion?post=17420"},{"taxonomy":"editoriales","embeddable":true,"href":"https:\/\/wizardly-davinci.82-223-8-23.plesk.page\/en\/wp-json\/wp\/v2\/editoriales?post=17420"},{"taxonomy":"tienda","embeddable":true,"href":"https:\/\/wizardly-davinci.82-223-8-23.plesk.page\/en\/wp-json\/wp\/v2\/tienda?post=17420"},{"taxonomy":"autor_id","embeddable":true,"href":"https:\/\/wizardly-davinci.82-223-8-23.plesk.page\/en\/wp-json\/wp\/v2\/autor_id?post=17420"},{"taxonomy":"universidades_coeditoras","embeddable":true,"href":"https:\/\/wizardly-davinci.82-223-8-23.plesk.page\/en\/wp-json\/wp\/v2\/universidades_coeditoras?post=17420"},{"taxonomy":"palabras_clave","embeddable":true,"href":"https:\/\/wizardly-davinci.82-223-8-23.plesk.page\/en\/wp-json\/wp\/v2\/palabras_clave?post=17420"},{"taxonomy":"listado_alfabetico","embeddable":true,"href":"https:\/\/wizardly-davinci.82-223-8-23.plesk.page\/en\/wp-json\/wp\/v2\/listado_alfabetico?post=17420"}],"curies":[{"name":"wp","href":"https:\/\/api.w.org\/{rel}","templated":true}]}}