{"id":17421,"date":"2019-04-09T22:46:46","date_gmt":"2019-04-09T22:46:46","guid":{"rendered":"https:\/\/octaedro.com\/producto\/que-educacion-queremos\/"},"modified":"2023-04-20T12:26:32","modified_gmt":"2023-04-20T10:26:32","slug":"que-educacion-queremos","status":"publish","type":"product","link":"https:\/\/wizardly-davinci.82-223-8-23.plesk.page\/en\/producto\/que-educacion-queremos\/","title":{"rendered":"\u00bfQu\u00e9 educaci\u00f3n queremos?"},"content":{"rendered":"<p>\u00abLos dos campos que han centrado mi actividad docente e investigadora son la did\u00e1ctica de las ciencias sociales y la formaci\u00f3n del profesorado\u00bb, dice la maestra, pedagoga y ge\u00f3grafa Pilar Benejam.<br \/>\nBenejam expone y argumenta en este libro su pensamiento y su pr\u00e1ctica. Como dice ella misma, se ha escrito \u00abcuando ya tengo una edad avanzada\u00bb, desde el conocimiento, la serenidad y la benevolencia que dan la experiencia, la reflexi\u00f3n y la memoria.<br \/>\nEn un momento como el presente, quiz\u00e1 es necesario que personas como Pilar Benejam hablen de la dignidad de la profesi\u00f3n de maestro, de su complejidad, de sus exigencias, de la satisfacci\u00f3n de trabajar con ni\u00f1os y ni\u00f1as y con j\u00f3venes y de la responsabilidad social que representa. Sin ning\u00fan tipo de duda, este libro es el legado de un referente de la pedagog\u00eda catalana contempor\u00e1nea.<\/p>\n","protected":false},"excerpt":{"rendered":"<p>\u00abLos dos campos que han centrado mi actividad docente e investigadora son la did\u00e1ctica de las ciencias sociales y la formaci\u00f3n del profesorado\u00bb, dice la maestra, pedagoga y ge\u00f3grafa Pilar Benejam.<br \/>\nBenejam expone y argumenta en este libro su pensamiento y su pr\u00e1ctica. Como dice ella misma, se ha escrito \u00abcuando ya tengo una edad avanzada\u00bb, desde el conocimiento, la serenidad y la benevolencia que dan la experiencia, la reflexi\u00f3n y la memoria.<br \/>\nEn un momento como el presente, quiz\u00e1 es necesario que personas como Pilar Benejam hablen de la dignidad de la profesi\u00f3n de maestro, de su complejidad, de sus exigencias, de la satisfacci\u00f3n de trabajar con ni\u00f1os y ni\u00f1as y con j\u00f3venes y de la responsabilidad social que representa. Sin ning\u00fan tipo de duda, este libro es el legado de un referente de la pedagog\u00eda catalana contempor\u00e1nea.<\/p>\n","protected":false},"featured_media":62410,"comment_status":"open","ping_status":"closed","template":"","meta":{"_et_pb_use_builder":"","_et_pb_old_content":"","_et_gb_content_width":""},"product_cat":[2606,1512,6675,6673,1502],"product_tag":[2604],"edicion":[1083],"editoriales":[1160,1163],"tienda":[],"autor_id":[5140],"universidades_coeditoras":[],"palabras_clave":[],"listado_alfabetico":[],"acf":[],"_links":{"self":[{"href":"https:\/\/wizardly-davinci.82-223-8-23.plesk.page\/en\/wp-json\/wp\/v2\/product\/17421"}],"collection":[{"href":"https:\/\/wizardly-davinci.82-223-8-23.plesk.page\/en\/wp-json\/wp\/v2\/product"}],"about":[{"href":"https:\/\/wizardly-davinci.82-223-8-23.plesk.page\/en\/wp-json\/wp\/v2\/types\/product"}],"replies":[{"embeddable":true,"href":"https:\/\/wizardly-davinci.82-223-8-23.plesk.page\/en\/wp-json\/wp\/v2\/comments?post=17421"}],"wp:featuredmedia":[{"embeddable":true,"href":"https:\/\/wizardly-davinci.82-223-8-23.plesk.page\/en\/wp-json\/wp\/v2\/media\/62410"}],"wp:attachment":[{"href":"https:\/\/wizardly-davinci.82-223-8-23.plesk.page\/en\/wp-json\/wp\/v2\/media?parent=17421"}],"wp:term":[{"taxonomy":"product_cat","embeddable":true,"href":"https:\/\/wizardly-davinci.82-223-8-23.plesk.page\/en\/wp-json\/wp\/v2\/product_cat?post=17421"},{"taxonomy":"product_tag","embeddable":true,"href":"https:\/\/wizardly-davinci.82-223-8-23.plesk.page\/en\/wp-json\/wp\/v2\/product_tag?post=17421"},{"taxonomy":"edicion","embeddable":true,"href":"https:\/\/wizardly-davinci.82-223-8-23.plesk.page\/en\/wp-json\/wp\/v2\/edicion?post=17421"},{"taxonomy":"editoriales","embeddable":true,"href":"https:\/\/wizardly-davinci.82-223-8-23.plesk.page\/en\/wp-json\/wp\/v2\/editoriales?post=17421"},{"taxonomy":"tienda","embeddable":true,"href":"https:\/\/wizardly-davinci.82-223-8-23.plesk.page\/en\/wp-json\/wp\/v2\/tienda?post=17421"},{"taxonomy":"autor_id","embeddable":true,"href":"https:\/\/wizardly-davinci.82-223-8-23.plesk.page\/en\/wp-json\/wp\/v2\/autor_id?post=17421"},{"taxonomy":"universidades_coeditoras","embeddable":true,"href":"https:\/\/wizardly-davinci.82-223-8-23.plesk.page\/en\/wp-json\/wp\/v2\/universidades_coeditoras?post=17421"},{"taxonomy":"palabras_clave","embeddable":true,"href":"https:\/\/wizardly-davinci.82-223-8-23.plesk.page\/en\/wp-json\/wp\/v2\/palabras_clave?post=17421"},{"taxonomy":"listado_alfabetico","embeddable":true,"href":"https:\/\/wizardly-davinci.82-223-8-23.plesk.page\/en\/wp-json\/wp\/v2\/listado_alfabetico?post=17421"}],"curies":[{"name":"wp","href":"https:\/\/api.w.org\/{rel}","templated":true}]}}