{"id":17422,"date":"2019-04-09T22:46:47","date_gmt":"2019-04-09T22:46:47","guid":{"rendered":"https:\/\/octaedro.com\/producto\/la-realizacion-de-trabajos-de-investigacion\/"},"modified":"2023-04-20T12:26:39","modified_gmt":"2023-04-20T10:26:39","slug":"la-realizacion-de-trabajos-de-investigacion","status":"publish","type":"product","link":"https:\/\/wizardly-davinci.82-223-8-23.plesk.page\/en\/producto\/la-realizacion-de-trabajos-de-investigacion\/","title":{"rendered":"La realizaci\u00f3n de trabajos de investigaci\u00f3n"},"content":{"rendered":"<p>Si queremos una educaci\u00f3n para toda la poblaci\u00f3n, que acepte las diferencias y aproveche la diversidad como una oportunidad para promover el aprendizaje entre iguales, es preciso llevar a cabo pr\u00e1cticas educativas para estimular la creatividad, la gesti\u00f3n de la informaci\u00f3n y la comunicaci\u00f3n de resultados. Una pr\u00e1ctica educativa en esta l\u00ednea implica favorecer y fomentar la realizaci\u00f3n de trabajos de investigaci\u00f3n por parte de todo el alumnado, sin exclusi\u00f3n, es decir, de todos los estudiantes de Secundaria desde primero de ESO, no \u00fanicamente de los que estudian Bachillerato o de aquellos que obtienen mejores resultados acad\u00e9micos, ya que la competencia en investigaci\u00f3n es un indicador para determinar si el estudiante ha aprendido a trabajar de forma aut\u00f3noma y con esp\u00edritu cr\u00edtico, y estas caracter\u00edsticas son unas de las finalidades educativas m\u00e1s importantes. Ahora bien, el profesorado hemos de tener presente que aprender a investigar requiere tiempo y actividades adecuadas a lo lago de la escolaridad. No se puede pretender que los alumnos sepan hacerlo sin que se les haya ense\u00f1ado.<\/p>\n<p>A lo largo de estas p\u00e1ginas se muestran propuestas de gradaci\u00f3n y actuaci\u00f3n para incorporar la investigaci\u00f3n desde primero de ESO.<\/p>\n","protected":false},"excerpt":{"rendered":"<p>Si queremos una educaci\u00f3n para toda la poblaci\u00f3n, que acepte las diferencias y aproveche la diversidad como una oportunidad para promover el aprendizaje entre iguales, es preciso llevar a cabo pr\u00e1cticas educativas para estimular la creatividad, la gesti\u00f3n de la informaci\u00f3n y la comunicaci\u00f3n de resultados. Una pr\u00e1ctica educativa en esta l\u00ednea implica favorecer y fomentar la realizaci\u00f3n de trabajos de investigaci\u00f3n por parte de todo el alumnado, sin exclusi\u00f3n, es decir, de todos los estudiantes de Secundaria desde primero de ESO, no \u00fanicamente de los que estudian Bachillerato o de aquellos que obtienen mejores resultados acad\u00e9micos, ya que la competencia en investigaci\u00f3n es un indicador para determinar si el estudiante ha aprendido a trabajar de forma aut\u00f3noma y con esp\u00edritu cr\u00edtico, y estas caracter\u00edsticas son unas de las finalidades educativas m\u00e1s importantes. Ahora bien, el profesorado hemos de tener presente que aprender a investigar requiere tiempo y actividades adecuadas a lo lago de la escolaridad. No se puede pretender que los alumnos sepan hacerlo sin que se les haya ense\u00f1ado.<\/p>\n<p>A lo largo de estas p\u00e1ginas se muestran propuestas de gradaci\u00f3n y actuaci\u00f3n para incorporar la investigaci\u00f3n desde primero de ESO.<\/p>\n","protected":false},"featured_media":20875,"comment_status":"open","ping_status":"closed","template":"","meta":{"_et_pb_use_builder":"","_et_pb_old_content":"","_et_gb_content_width":""},"product_cat":[1512,6675,1502],"product_tag":[2602],"edicion":[1083],"editoriales":[1160,1163],"tienda":[],"autor_id":[5965],"universidades_coeditoras":[],"palabras_clave":[],"listado_alfabetico":[],"acf":[],"_links":{"self":[{"href":"https:\/\/wizardly-davinci.82-223-8-23.plesk.page\/en\/wp-json\/wp\/v2\/product\/17422"}],"collection":[{"href":"https:\/\/wizardly-davinci.82-223-8-23.plesk.page\/en\/wp-json\/wp\/v2\/product"}],"about":[{"href":"https:\/\/wizardly-davinci.82-223-8-23.plesk.page\/en\/wp-json\/wp\/v2\/types\/product"}],"replies":[{"embeddable":true,"href":"https:\/\/wizardly-davinci.82-223-8-23.plesk.page\/en\/wp-json\/wp\/v2\/comments?post=17422"}],"wp:featuredmedia":[{"embeddable":true,"href":"https:\/\/wizardly-davinci.82-223-8-23.plesk.page\/en\/wp-json\/wp\/v2\/media\/20875"}],"wp:attachment":[{"href":"https:\/\/wizardly-davinci.82-223-8-23.plesk.page\/en\/wp-json\/wp\/v2\/media?parent=17422"}],"wp:term":[{"taxonomy":"product_cat","embeddable":true,"href":"https:\/\/wizardly-davinci.82-223-8-23.plesk.page\/en\/wp-json\/wp\/v2\/product_cat?post=17422"},{"taxonomy":"product_tag","embeddable":true,"href":"https:\/\/wizardly-davinci.82-223-8-23.plesk.page\/en\/wp-json\/wp\/v2\/product_tag?post=17422"},{"taxonomy":"edicion","embeddable":true,"href":"https:\/\/wizardly-davinci.82-223-8-23.plesk.page\/en\/wp-json\/wp\/v2\/edicion?post=17422"},{"taxonomy":"editoriales","embeddable":true,"href":"https:\/\/wizardly-davinci.82-223-8-23.plesk.page\/en\/wp-json\/wp\/v2\/editoriales?post=17422"},{"taxonomy":"tienda","embeddable":true,"href":"https:\/\/wizardly-davinci.82-223-8-23.plesk.page\/en\/wp-json\/wp\/v2\/tienda?post=17422"},{"taxonomy":"autor_id","embeddable":true,"href":"https:\/\/wizardly-davinci.82-223-8-23.plesk.page\/en\/wp-json\/wp\/v2\/autor_id?post=17422"},{"taxonomy":"universidades_coeditoras","embeddable":true,"href":"https:\/\/wizardly-davinci.82-223-8-23.plesk.page\/en\/wp-json\/wp\/v2\/universidades_coeditoras?post=17422"},{"taxonomy":"palabras_clave","embeddable":true,"href":"https:\/\/wizardly-davinci.82-223-8-23.plesk.page\/en\/wp-json\/wp\/v2\/palabras_clave?post=17422"},{"taxonomy":"listado_alfabetico","embeddable":true,"href":"https:\/\/wizardly-davinci.82-223-8-23.plesk.page\/en\/wp-json\/wp\/v2\/listado_alfabetico?post=17422"}],"curies":[{"name":"wp","href":"https:\/\/api.w.org\/{rel}","templated":true}]}}