{"id":17423,"date":"2019-04-09T22:46:49","date_gmt":"2019-04-09T22:46:49","guid":{"rendered":"https:\/\/octaedro.com\/producto\/maria-antonia-canals-i-tolosa\/"},"modified":"2023-04-20T12:26:47","modified_gmt":"2023-04-20T10:26:47","slug":"maria-antonia-canals-i-tolosa","status":"publish","type":"product","link":"https:\/\/wizardly-davinci.82-223-8-23.plesk.page\/en\/producto\/maria-antonia-canals-i-tolosa\/","title":{"rendered":"Maria Antonia Canals i Tolosa"},"content":{"rendered":"<p>Esta obra pretende sistematizar y analizar la historia de <span class=\"destacat\">Maria Ant\u00f2nia Canals i Tolosa<\/span>. Su trayectoria personal y profesional coincide con una parte importante del movimiento de renovaci\u00f3n pedag\u00f3gica catalana que desde principios del siglo XX, y pese a la barbarie de la dictadura franquista, contin\u00faa hasta hoy. En ese contexto, Maria Ant\u00f2nia es el principal referente de la ense\u00f1anza de las matem\u00e1ticas en educaci\u00f3n infantil en Espa\u00f1a.<br \/>\nLas historias de vida de maestras y maestros son una herramienta valiosa para reflexionar sobre la ense\u00f1anza, y en ellas se pueden descubrir elementos que contribuyen notablemente a que esa ense\u00f1anza sea la mejor posible. Es importante que la investigaci\u00f3n educativa dedique parte de sus esfuerzos a recuperar el conocimiento adquirido por nuestras mejores maestras, porque solo a hombros de gigantes podremos llegar a ver m\u00e1s lejos.<br \/>\nPor este motivo, la obra no est\u00e1 dirigida \u00fanicamente a aquellas personas interesadas por la investigaci\u00f3n pedag\u00f3gica, sino que tambi\u00e9n puede servir de gu\u00eda para todas aquellas que se dediquen a la ense\u00f1anza y cuyo inter\u00e9s principal sea la educaci\u00f3n de las ni\u00f1as y los ni\u00f1os.<\/p>\n","protected":false},"excerpt":{"rendered":"<p>Esta obra pretende sistematizar y analizar la historia de <span class=\"destacat\">Maria Ant\u00f2nia Canals i Tolosa<\/span>. Su trayectoria personal y profesional coincide con una parte importante del movimiento de renovaci\u00f3n pedag\u00f3gica catalana que desde principios del siglo XX, y pese a la barbarie de la dictadura franquista, contin\u00faa hasta hoy. En ese contexto, Maria Ant\u00f2nia es el principal referente de la ense\u00f1anza de las matem\u00e1ticas en educaci\u00f3n infantil en Espa\u00f1a.<br \/>\nLas historias de vida de maestras y maestros son una herramienta valiosa para reflexionar sobre la ense\u00f1anza, y en ellas se pueden descubrir elementos que contribuyen notablemente a que esa ense\u00f1anza sea la mejor posible. Es importante que la investigaci\u00f3n educativa dedique parte de sus esfuerzos a recuperar el conocimiento adquirido por nuestras mejores maestras, porque solo a hombros de gigantes podremos llegar a ver m\u00e1s lejos.<br \/>\nPor este motivo, la obra no est\u00e1 dirigida \u00fanicamente a aquellas personas interesadas por la investigaci\u00f3n pedag\u00f3gica, sino que tambi\u00e9n puede servir de gu\u00eda para todas aquellas que se dediquen a la ense\u00f1anza y cuyo inter\u00e9s principal sea la educaci\u00f3n de las ni\u00f1as y los ni\u00f1os.<\/p>\n","protected":false},"featured_media":20874,"comment_status":"open","ping_status":"closed","template":"","meta":{"_et_pb_use_builder":"","_et_pb_old_content":"","_et_gb_content_width":""},"product_cat":[2606,1512,6674,6675,1502],"product_tag":[2608],"edicion":[1085,1083],"editoriales":[1160,1163],"tienda":[],"autor_id":[6438],"universidades_coeditoras":[7242],"palabras_clave":[],"listado_alfabetico":[],"acf":[],"_links":{"self":[{"href":"https:\/\/wizardly-davinci.82-223-8-23.plesk.page\/en\/wp-json\/wp\/v2\/product\/17423"}],"collection":[{"href":"https:\/\/wizardly-davinci.82-223-8-23.plesk.page\/en\/wp-json\/wp\/v2\/product"}],"about":[{"href":"https:\/\/wizardly-davinci.82-223-8-23.plesk.page\/en\/wp-json\/wp\/v2\/types\/product"}],"replies":[{"embeddable":true,"href":"https:\/\/wizardly-davinci.82-223-8-23.plesk.page\/en\/wp-json\/wp\/v2\/comments?post=17423"}],"wp:featuredmedia":[{"embeddable":true,"href":"https:\/\/wizardly-davinci.82-223-8-23.plesk.page\/en\/wp-json\/wp\/v2\/media\/20874"}],"wp:attachment":[{"href":"https:\/\/wizardly-davinci.82-223-8-23.plesk.page\/en\/wp-json\/wp\/v2\/media?parent=17423"}],"wp:term":[{"taxonomy":"product_cat","embeddable":true,"href":"https:\/\/wizardly-davinci.82-223-8-23.plesk.page\/en\/wp-json\/wp\/v2\/product_cat?post=17423"},{"taxonomy":"product_tag","embeddable":true,"href":"https:\/\/wizardly-davinci.82-223-8-23.plesk.page\/en\/wp-json\/wp\/v2\/product_tag?post=17423"},{"taxonomy":"edicion","embeddable":true,"href":"https:\/\/wizardly-davinci.82-223-8-23.plesk.page\/en\/wp-json\/wp\/v2\/edicion?post=17423"},{"taxonomy":"editoriales","embeddable":true,"href":"https:\/\/wizardly-davinci.82-223-8-23.plesk.page\/en\/wp-json\/wp\/v2\/editoriales?post=17423"},{"taxonomy":"tienda","embeddable":true,"href":"https:\/\/wizardly-davinci.82-223-8-23.plesk.page\/en\/wp-json\/wp\/v2\/tienda?post=17423"},{"taxonomy":"autor_id","embeddable":true,"href":"https:\/\/wizardly-davinci.82-223-8-23.plesk.page\/en\/wp-json\/wp\/v2\/autor_id?post=17423"},{"taxonomy":"universidades_coeditoras","embeddable":true,"href":"https:\/\/wizardly-davinci.82-223-8-23.plesk.page\/en\/wp-json\/wp\/v2\/universidades_coeditoras?post=17423"},{"taxonomy":"palabras_clave","embeddable":true,"href":"https:\/\/wizardly-davinci.82-223-8-23.plesk.page\/en\/wp-json\/wp\/v2\/palabras_clave?post=17423"},{"taxonomy":"listado_alfabetico","embeddable":true,"href":"https:\/\/wizardly-davinci.82-223-8-23.plesk.page\/en\/wp-json\/wp\/v2\/listado_alfabetico?post=17423"}],"curies":[{"name":"wp","href":"https:\/\/api.w.org\/{rel}","templated":true}]}}