{"id":17424,"date":"2019-04-09T22:46:51","date_gmt":"2019-04-09T22:46:51","guid":{"rendered":"https:\/\/octaedro.com\/producto\/que-nos-hace-humanos\/"},"modified":"2023-04-20T12:26:54","modified_gmt":"2023-04-20T10:26:54","slug":"que-nos-hace-humanos","status":"publish","type":"product","link":"https:\/\/wizardly-davinci.82-223-8-23.plesk.page\/en\/producto\/que-nos-hace-humanos\/","title":{"rendered":"\u00bfQu\u00e9 nos hace humanos?"},"content":{"rendered":"<p>Este libro ofrece una programaci\u00f3n para la ense\u00f1anza de las ciencias sociales que trata de comprender e interpretar los grandes problemas de la humanidad. Es, no obstante, una programaci\u00f3n \u00abalternativa\u00bb al curr\u00edculum oficial, que quiere superar la vieja escuela transmisora y reproductiva y rompe con la compartimentaci\u00f3n tradicional de las distintas asignaturas.<\/p>\n<p>La propuesta incluye, adem\u00e1s, una gran diversidad de recursos para la investigaci\u00f3n y la elaboraci\u00f3n y comunicaci\u00f3n de informaci\u00f3n y de conocimientos. Hay textos escritos, webs de referencia y una gran profusi\u00f3n de soportes y herramientas digitales. En definitiva, es una puerta abierta para que el alumnado se sienta interpelado, con autonom\u00eda y con la ayuda necesaria por parte del profesorado, para gestionar la construcci\u00f3n de conocimiento.<\/p>\n","protected":false},"excerpt":{"rendered":"<p>Este libro ofrece una programaci\u00f3n para la ense\u00f1anza de las ciencias sociales que trata de comprender e interpretar los grandes problemas de la humanidad. Es, no obstante, una programaci\u00f3n \u00abalternativa\u00bb al curr\u00edculum oficial, que quiere superar la vieja escuela transmisora y reproductiva y rompe con la compartimentaci\u00f3n tradicional de las distintas asignaturas.<\/p>\n<p>La propuesta incluye, adem\u00e1s, una gran diversidad de recursos para la investigaci\u00f3n y la elaboraci\u00f3n y comunicaci\u00f3n de informaci\u00f3n y de conocimientos. Hay textos escritos, webs de referencia y una gran profusi\u00f3n de soportes y herramientas digitales. En definitiva, es una puerta abierta para que el alumnado se sienta interpelado, con autonom\u00eda y con la ayuda necesaria por parte del profesorado, para gestionar la construcci\u00f3n de conocimiento.<\/p>\n","protected":false},"featured_media":36999,"comment_status":"open","ping_status":"closed","template":"","meta":{"_et_pb_use_builder":"","_et_pb_old_content":"","_et_gb_content_width":""},"product_cat":[1512,6944,6675,1502],"product_tag":[2602],"edicion":[1083],"editoriales":[1160,1163],"tienda":[],"autor_id":[4969],"universidades_coeditoras":[],"palabras_clave":[],"listado_alfabetico":[],"acf":[],"_links":{"self":[{"href":"https:\/\/wizardly-davinci.82-223-8-23.plesk.page\/en\/wp-json\/wp\/v2\/product\/17424"}],"collection":[{"href":"https:\/\/wizardly-davinci.82-223-8-23.plesk.page\/en\/wp-json\/wp\/v2\/product"}],"about":[{"href":"https:\/\/wizardly-davinci.82-223-8-23.plesk.page\/en\/wp-json\/wp\/v2\/types\/product"}],"replies":[{"embeddable":true,"href":"https:\/\/wizardly-davinci.82-223-8-23.plesk.page\/en\/wp-json\/wp\/v2\/comments?post=17424"}],"wp:featuredmedia":[{"embeddable":true,"href":"https:\/\/wizardly-davinci.82-223-8-23.plesk.page\/en\/wp-json\/wp\/v2\/media\/36999"}],"wp:attachment":[{"href":"https:\/\/wizardly-davinci.82-223-8-23.plesk.page\/en\/wp-json\/wp\/v2\/media?parent=17424"}],"wp:term":[{"taxonomy":"product_cat","embeddable":true,"href":"https:\/\/wizardly-davinci.82-223-8-23.plesk.page\/en\/wp-json\/wp\/v2\/product_cat?post=17424"},{"taxonomy":"product_tag","embeddable":true,"href":"https:\/\/wizardly-davinci.82-223-8-23.plesk.page\/en\/wp-json\/wp\/v2\/product_tag?post=17424"},{"taxonomy":"edicion","embeddable":true,"href":"https:\/\/wizardly-davinci.82-223-8-23.plesk.page\/en\/wp-json\/wp\/v2\/edicion?post=17424"},{"taxonomy":"editoriales","embeddable":true,"href":"https:\/\/wizardly-davinci.82-223-8-23.plesk.page\/en\/wp-json\/wp\/v2\/editoriales?post=17424"},{"taxonomy":"tienda","embeddable":true,"href":"https:\/\/wizardly-davinci.82-223-8-23.plesk.page\/en\/wp-json\/wp\/v2\/tienda?post=17424"},{"taxonomy":"autor_id","embeddable":true,"href":"https:\/\/wizardly-davinci.82-223-8-23.plesk.page\/en\/wp-json\/wp\/v2\/autor_id?post=17424"},{"taxonomy":"universidades_coeditoras","embeddable":true,"href":"https:\/\/wizardly-davinci.82-223-8-23.plesk.page\/en\/wp-json\/wp\/v2\/universidades_coeditoras?post=17424"},{"taxonomy":"palabras_clave","embeddable":true,"href":"https:\/\/wizardly-davinci.82-223-8-23.plesk.page\/en\/wp-json\/wp\/v2\/palabras_clave?post=17424"},{"taxonomy":"listado_alfabetico","embeddable":true,"href":"https:\/\/wizardly-davinci.82-223-8-23.plesk.page\/en\/wp-json\/wp\/v2\/listado_alfabetico?post=17424"}],"curies":[{"name":"wp","href":"https:\/\/api.w.org\/{rel}","templated":true}]}}