{"id":17427,"date":"2019-04-09T22:46:55","date_gmt":"2019-04-09T22:46:55","guid":{"rendered":"https:\/\/octaedro.com\/producto\/educarse-es-de-valientes\/"},"modified":"2023-04-20T12:27:56","modified_gmt":"2023-04-20T10:27:56","slug":"educarse-es-de-valientes","status":"publish","type":"product","link":"https:\/\/wizardly-davinci.82-223-8-23.plesk.page\/en\/producto\/educarse-es-de-valientes\/","title":{"rendered":"Educarse es de valientes"},"content":{"rendered":"<p><em>Educarse es de valientes<\/em> habla de adolescentes que para curar las heridas de la exclusi\u00f3n social activan su capacidad de dar y se implican en la mejora del bien com\u00fan mediante actividades de aprendizaje servicio. Acostumbrados a ser receptores de ayudas sociales, el cambio de rol \u2013ser ellos quienes dan, quienes aportan y quienes obsequian\u2013 los desubica y los sit\u00faa ante nuevos retos. Mientras ayudan a colectivos de su comunidad, en su entorno pero tambi\u00e9n en su interior, ocurren muchas cosas. <em>Educarse es de valientes<\/em> quiere mostrar como la educaci\u00f3n puede contribuir a dar un giro en la vida de unos adolescentes que se creen abocados al fracaso.<\/p>\n<p>Las autoras del libro forman parte del grupo Pedagog\u00eda del don y j\u00f3venes en riesgo de exclusi\u00f3n, coordinado por Xus Mart\u00edn, profesora de la facultad de Educaci\u00f3n de la Universitat de Barcelona y miembro del GREM (Grupo de Investigaci\u00f3n en Educaci\u00f3n Moral), que ha orientado su actividad de investigaci\u00f3n a la educaci\u00f3n en valores, el aprendizaje servicio y los adolescentes vulnerables. El objetivo del grupo, creado en 2015, es favorecer experiencias de aprendizaje servicio en entidades socioeducativas que trabajan con chicos y chicas v\u00edctimas del fracaso escolar y valorar el impacto formativo de esta metodolog\u00eda en los j\u00f3venes.<\/p>\n","protected":false},"excerpt":{"rendered":"<p><em>Educarse es de valientes<\/em> habla de adolescentes que para curar las heridas de la exclusi\u00f3n social activan su capacidad de dar y se implican en la mejora del bien com\u00fan mediante actividades de aprendizaje servicio. Acostumbrados a ser receptores de ayudas sociales, el cambio de rol \u2013ser ellos quienes dan, quienes aportan y quienes obsequian\u2013 los desubica y los sit\u00faa ante nuevos retos. Mientras ayudan a colectivos de su comunidad, en su entorno pero tambi\u00e9n en su interior, ocurren muchas cosas. <em>Educarse es de valientes<\/em> quiere mostrar como la educaci\u00f3n puede contribuir a dar un giro en la vida de unos adolescentes que se creen abocados al fracaso.<\/p>\n<p>Las autoras del libro forman parte del grupo Pedagog\u00eda del don y j\u00f3venes en riesgo de exclusi\u00f3n, coordinado por Xus Mart\u00edn, profesora de la facultad de Educaci\u00f3n de la Universitat de Barcelona y miembro del GREM (Grupo de Investigaci\u00f3n en Educaci\u00f3n Moral), que ha orientado su actividad de investigaci\u00f3n a la educaci\u00f3n en valores, el aprendizaje servicio y los adolescentes vulnerables. El objetivo del grupo, creado en 2015, es favorecer experiencias de aprendizaje servicio en entidades socioeducativas que trabajan con chicos y chicas v\u00edctimas del fracaso escolar y valorar el impacto formativo de esta metodolog\u00eda en los j\u00f3venes.<\/p>\n","protected":false},"featured_media":20873,"comment_status":"open","ping_status":"closed","template":"","meta":{"_et_pb_use_builder":"","_et_pb_old_content":"","_et_gb_content_width":""},"product_cat":[1512,6944,6675,1502],"product_tag":[2602],"edicion":[1083],"editoriales":[1160,1163],"tienda":[],"autor_id":[],"universidades_coeditoras":[],"palabras_clave":[],"listado_alfabetico":[],"acf":[],"_links":{"self":[{"href":"https:\/\/wizardly-davinci.82-223-8-23.plesk.page\/en\/wp-json\/wp\/v2\/product\/17427"}],"collection":[{"href":"https:\/\/wizardly-davinci.82-223-8-23.plesk.page\/en\/wp-json\/wp\/v2\/product"}],"about":[{"href":"https:\/\/wizardly-davinci.82-223-8-23.plesk.page\/en\/wp-json\/wp\/v2\/types\/product"}],"replies":[{"embeddable":true,"href":"https:\/\/wizardly-davinci.82-223-8-23.plesk.page\/en\/wp-json\/wp\/v2\/comments?post=17427"}],"wp:featuredmedia":[{"embeddable":true,"href":"https:\/\/wizardly-davinci.82-223-8-23.plesk.page\/en\/wp-json\/wp\/v2\/media\/20873"}],"wp:attachment":[{"href":"https:\/\/wizardly-davinci.82-223-8-23.plesk.page\/en\/wp-json\/wp\/v2\/media?parent=17427"}],"wp:term":[{"taxonomy":"product_cat","embeddable":true,"href":"https:\/\/wizardly-davinci.82-223-8-23.plesk.page\/en\/wp-json\/wp\/v2\/product_cat?post=17427"},{"taxonomy":"product_tag","embeddable":true,"href":"https:\/\/wizardly-davinci.82-223-8-23.plesk.page\/en\/wp-json\/wp\/v2\/product_tag?post=17427"},{"taxonomy":"edicion","embeddable":true,"href":"https:\/\/wizardly-davinci.82-223-8-23.plesk.page\/en\/wp-json\/wp\/v2\/edicion?post=17427"},{"taxonomy":"editoriales","embeddable":true,"href":"https:\/\/wizardly-davinci.82-223-8-23.plesk.page\/en\/wp-json\/wp\/v2\/editoriales?post=17427"},{"taxonomy":"tienda","embeddable":true,"href":"https:\/\/wizardly-davinci.82-223-8-23.plesk.page\/en\/wp-json\/wp\/v2\/tienda?post=17427"},{"taxonomy":"autor_id","embeddable":true,"href":"https:\/\/wizardly-davinci.82-223-8-23.plesk.page\/en\/wp-json\/wp\/v2\/autor_id?post=17427"},{"taxonomy":"universidades_coeditoras","embeddable":true,"href":"https:\/\/wizardly-davinci.82-223-8-23.plesk.page\/en\/wp-json\/wp\/v2\/universidades_coeditoras?post=17427"},{"taxonomy":"palabras_clave","embeddable":true,"href":"https:\/\/wizardly-davinci.82-223-8-23.plesk.page\/en\/wp-json\/wp\/v2\/palabras_clave?post=17427"},{"taxonomy":"listado_alfabetico","embeddable":true,"href":"https:\/\/wizardly-davinci.82-223-8-23.plesk.page\/en\/wp-json\/wp\/v2\/listado_alfabetico?post=17427"}],"curies":[{"name":"wp","href":"https:\/\/api.w.org\/{rel}","templated":true}]}}