{"id":17429,"date":"2019-04-10T00:46:57","date_gmt":"2019-04-09T22:46:57","guid":{"rendered":"https:\/\/octaedro.com\/producto\/las-primeras-semanas-de-su-bebe\/"},"modified":"2023-04-25T10:21:13","modified_gmt":"2023-04-25T08:21:13","slug":"las-primeras-semanas-de-su-bebe","status":"publish","type":"product","link":"https:\/\/wizardly-davinci.82-223-8-23.plesk.page\/en\/producto\/las-primeras-semanas-de-su-bebe\/","title":{"rendered":"Las primeras semanas de su beb\u00e9"},"content":{"rendered":"<p>Queridos padres:<\/p>\n<p>Tenemos algunos amigos y, entre ellos, algunos padres y madres que, en la educaci\u00f3n de sus reci\u00e9n nacidos, se han inspirado en consejos de las personas cuyos escritos encontrar\u00e9is aqu\u00ed. Nuestros amigos dicen que les han ido bien ya que tienen beb\u00e9s activos, interesados, que se mueven armoniosamente, ni\u00f1os tranquilos y con quienes se puede \u201cconversar\u201d.<\/p>\n<p>Las autoras son pediatras y psic\u00f3logos. Han trabajado con familias y en el Instituto Pikler de Budapest. Comparten con vosotros, futuros padres, padres primerizos e incluso no tan primerizos, su larga y variada experiencia. Encontrar\u00e9is una mina de \u201cpeque\u00f1os detalles\u201d de la vida cotidiana, \u00a1no tan \u201cpeque\u00f1os\u201d cuando hay que enfrentarse a ellos!<\/p>\n<p>Siendo estos consejos tan apreciados por nuestros amigos, hemos pensado que podr\u00edan ser igualmente muy \u00fatiles para otros ni\u00f1os a punto de llegar, para reci\u00e9n nacidos, para beb\u00e9s. De ah\u00ed que, desde la Asociaci\u00f3n de Maestros Rosa Sensat, hayamos considerado interesante la idea de publicar esta colecci\u00f3n de libros de bolsillo en el centenario del nacimiento de Emmi Pikler. Esperamos que sean \u00fatiles para vuestros hijos y, por lo tanto, para vosotros, sus padres.<\/p>\n","protected":false},"excerpt":{"rendered":"<p>Queridos padres:<\/p>\n<p>Tenemos algunos amigos y, entre ellos, algunos padres y madres que, en la educaci\u00f3n de sus reci\u00e9n nacidos, se han inspirado en consejos de las personas cuyos escritos encontrar\u00e9is aqu\u00ed. Nuestros amigos dicen que les han ido bien ya que tienen beb\u00e9s activos, interesados, que se mueven armoniosamente, ni\u00f1os tranquilos y con quienes se puede \u201cconversar\u201d.<\/p>\n<p>Las autoras son pediatras y psic\u00f3logos. Han trabajado con familias y en el Instituto Pikler de Budapest. Comparten con vosotros, futuros padres, padres primerizos e incluso no tan primerizos, su larga y variada experiencia. Encontrar\u00e9is una mina de \u201cpeque\u00f1os detalles\u201d de la vida cotidiana, \u00a1no tan \u201cpeque\u00f1os\u201d cuando hay que enfrentarse a ellos!<\/p>\n<p>Siendo estos consejos tan apreciados por nuestros amigos, hemos pensado que podr\u00edan ser igualmente muy \u00fatiles para otros ni\u00f1os a punto de llegar, para reci\u00e9n nacidos, para beb\u00e9s. De ah\u00ed que, desde la Asociaci\u00f3n de Maestros Rosa Sensat, hayamos considerado interesante la idea de publicar esta colecci\u00f3n de libros de bolsillo en el centenario del nacimiento de Emmi Pikler. Esperamos que sean \u00fatiles para vuestros hijos y, por lo tanto, para vosotros, sus padres.<\/p>\n","protected":false},"featured_media":22000,"comment_status":"open","ping_status":"closed","template":"","meta":{"_et_pb_use_builder":"","_et_pb_old_content":"","_et_gb_content_width":""},"product_cat":[1512,6675,7184],"product_tag":[2602],"edicion":[1083],"editoriales":[1160,1163],"tienda":[],"autor_id":[5449,5880],"universidades_coeditoras":[14947],"palabras_clave":[],"listado_alfabetico":[],"acf":[],"_links":{"self":[{"href":"https:\/\/wizardly-davinci.82-223-8-23.plesk.page\/en\/wp-json\/wp\/v2\/product\/17429"}],"collection":[{"href":"https:\/\/wizardly-davinci.82-223-8-23.plesk.page\/en\/wp-json\/wp\/v2\/product"}],"about":[{"href":"https:\/\/wizardly-davinci.82-223-8-23.plesk.page\/en\/wp-json\/wp\/v2\/types\/product"}],"replies":[{"embeddable":true,"href":"https:\/\/wizardly-davinci.82-223-8-23.plesk.page\/en\/wp-json\/wp\/v2\/comments?post=17429"}],"wp:featuredmedia":[{"embeddable":true,"href":"https:\/\/wizardly-davinci.82-223-8-23.plesk.page\/en\/wp-json\/wp\/v2\/media\/22000"}],"wp:attachment":[{"href":"https:\/\/wizardly-davinci.82-223-8-23.plesk.page\/en\/wp-json\/wp\/v2\/media?parent=17429"}],"wp:term":[{"taxonomy":"product_cat","embeddable":true,"href":"https:\/\/wizardly-davinci.82-223-8-23.plesk.page\/en\/wp-json\/wp\/v2\/product_cat?post=17429"},{"taxonomy":"product_tag","embeddable":true,"href":"https:\/\/wizardly-davinci.82-223-8-23.plesk.page\/en\/wp-json\/wp\/v2\/product_tag?post=17429"},{"taxonomy":"edicion","embeddable":true,"href":"https:\/\/wizardly-davinci.82-223-8-23.plesk.page\/en\/wp-json\/wp\/v2\/edicion?post=17429"},{"taxonomy":"editoriales","embeddable":true,"href":"https:\/\/wizardly-davinci.82-223-8-23.plesk.page\/en\/wp-json\/wp\/v2\/editoriales?post=17429"},{"taxonomy":"tienda","embeddable":true,"href":"https:\/\/wizardly-davinci.82-223-8-23.plesk.page\/en\/wp-json\/wp\/v2\/tienda?post=17429"},{"taxonomy":"autor_id","embeddable":true,"href":"https:\/\/wizardly-davinci.82-223-8-23.plesk.page\/en\/wp-json\/wp\/v2\/autor_id?post=17429"},{"taxonomy":"universidades_coeditoras","embeddable":true,"href":"https:\/\/wizardly-davinci.82-223-8-23.plesk.page\/en\/wp-json\/wp\/v2\/universidades_coeditoras?post=17429"},{"taxonomy":"palabras_clave","embeddable":true,"href":"https:\/\/wizardly-davinci.82-223-8-23.plesk.page\/en\/wp-json\/wp\/v2\/palabras_clave?post=17429"},{"taxonomy":"listado_alfabetico","embeddable":true,"href":"https:\/\/wizardly-davinci.82-223-8-23.plesk.page\/en\/wp-json\/wp\/v2\/listado_alfabetico?post=17429"}],"curies":[{"name":"wp","href":"https:\/\/api.w.org\/{rel}","templated":true}]}}