{"id":17432,"date":"2019-04-09T22:47:02","date_gmt":"2019-04-09T22:47:02","guid":{"rendered":"https:\/\/octaedro.com\/producto\/mudanzas\/"},"modified":"2023-04-20T12:28:26","modified_gmt":"2023-04-20T10:28:26","slug":"mudanzas","status":"publish","type":"product","link":"https:\/\/wizardly-davinci.82-223-8-23.plesk.page\/en\/producto\/mudanzas\/","title":{"rendered":"Mudanzas"},"content":{"rendered":"<p>Con esta edici\u00f3n se inicia una colecci\u00f3n de una veintena de publicaciones titulada Fragmentos que corresponden a buena parte de la labor pedag\u00f3gica realizada desde el a\u00f1o 1980 en el taller municipal de pl\u00e1stica de Sant Just Desvern y complementada en la formaci\u00f3n inicial y permanente de maestros. Su significado va m\u00e1s all\u00e1 de este entorno; es una tarea, un trabajo, que hacemos extensivo a otros \u00e1mbitos.En las \u00faltimas p\u00e1ginas de esta publicaci\u00f3n, como Fragmentos de este primer Fragmento, se habla de la creatividad y la motivaci\u00f3n. La motivaci\u00f3n como motor, como impulso\u2026, y la creatividad como manera de integrar grandes y peque\u00f1as cuestiones, y de relacionarnos los unos con los otros.<\/p>\n","protected":false},"excerpt":{"rendered":"<p>Con esta edici\u00f3n se inicia una colecci\u00f3n de una veintena de publicaciones titulada Fragmentos que corresponden a buena parte de la labor pedag\u00f3gica realizada desde el a\u00f1o 1980 en el taller municipal de pl\u00e1stica de Sant Just Desvern y complementada en la formaci\u00f3n inicial y permanente de maestros. Su significado va m\u00e1s all\u00e1 de este entorno; es una tarea, un trabajo, que hacemos extensivo a otros \u00e1mbitos.En las \u00faltimas p\u00e1ginas de esta publicaci\u00f3n, como Fragmentos de este primer Fragmento, se habla de la creatividad y la motivaci\u00f3n. La motivaci\u00f3n como motor, como impulso\u2026, y la creatividad como manera de integrar grandes y peque\u00f1as cuestiones, y de relacionarnos los unos con los otros.<\/p>\n","protected":false},"featured_media":22007,"comment_status":"open","ping_status":"closed","template":"","meta":{"_et_pb_use_builder":"","_et_pb_old_content":"","_et_gb_content_width":""},"product_cat":[1512,6675,1502,7184],"product_tag":[2602],"edicion":[],"editoriales":[1160,1163],"tienda":[],"autor_id":[5078],"universidades_coeditoras":[],"palabras_clave":[],"listado_alfabetico":[],"acf":[],"_links":{"self":[{"href":"https:\/\/wizardly-davinci.82-223-8-23.plesk.page\/en\/wp-json\/wp\/v2\/product\/17432"}],"collection":[{"href":"https:\/\/wizardly-davinci.82-223-8-23.plesk.page\/en\/wp-json\/wp\/v2\/product"}],"about":[{"href":"https:\/\/wizardly-davinci.82-223-8-23.plesk.page\/en\/wp-json\/wp\/v2\/types\/product"}],"replies":[{"embeddable":true,"href":"https:\/\/wizardly-davinci.82-223-8-23.plesk.page\/en\/wp-json\/wp\/v2\/comments?post=17432"}],"wp:featuredmedia":[{"embeddable":true,"href":"https:\/\/wizardly-davinci.82-223-8-23.plesk.page\/en\/wp-json\/wp\/v2\/media\/22007"}],"wp:attachment":[{"href":"https:\/\/wizardly-davinci.82-223-8-23.plesk.page\/en\/wp-json\/wp\/v2\/media?parent=17432"}],"wp:term":[{"taxonomy":"product_cat","embeddable":true,"href":"https:\/\/wizardly-davinci.82-223-8-23.plesk.page\/en\/wp-json\/wp\/v2\/product_cat?post=17432"},{"taxonomy":"product_tag","embeddable":true,"href":"https:\/\/wizardly-davinci.82-223-8-23.plesk.page\/en\/wp-json\/wp\/v2\/product_tag?post=17432"},{"taxonomy":"edicion","embeddable":true,"href":"https:\/\/wizardly-davinci.82-223-8-23.plesk.page\/en\/wp-json\/wp\/v2\/edicion?post=17432"},{"taxonomy":"editoriales","embeddable":true,"href":"https:\/\/wizardly-davinci.82-223-8-23.plesk.page\/en\/wp-json\/wp\/v2\/editoriales?post=17432"},{"taxonomy":"tienda","embeddable":true,"href":"https:\/\/wizardly-davinci.82-223-8-23.plesk.page\/en\/wp-json\/wp\/v2\/tienda?post=17432"},{"taxonomy":"autor_id","embeddable":true,"href":"https:\/\/wizardly-davinci.82-223-8-23.plesk.page\/en\/wp-json\/wp\/v2\/autor_id?post=17432"},{"taxonomy":"universidades_coeditoras","embeddable":true,"href":"https:\/\/wizardly-davinci.82-223-8-23.plesk.page\/en\/wp-json\/wp\/v2\/universidades_coeditoras?post=17432"},{"taxonomy":"palabras_clave","embeddable":true,"href":"https:\/\/wizardly-davinci.82-223-8-23.plesk.page\/en\/wp-json\/wp\/v2\/palabras_clave?post=17432"},{"taxonomy":"listado_alfabetico","embeddable":true,"href":"https:\/\/wizardly-davinci.82-223-8-23.plesk.page\/en\/wp-json\/wp\/v2\/listado_alfabetico?post=17432"}],"curies":[{"name":"wp","href":"https:\/\/api.w.org\/{rel}","templated":true}]}}