{"id":17434,"date":"2019-04-09T22:47:05","date_gmt":"2019-04-09T22:47:05","guid":{"rendered":"https:\/\/octaedro.com\/producto\/miravaca\/"},"modified":"2023-04-20T12:28:40","modified_gmt":"2023-04-20T10:28:40","slug":"miravaca","status":"publish","type":"product","link":"https:\/\/wizardly-davinci.82-223-8-23.plesk.page\/en\/producto\/miravaca\/","title":{"rendered":"Miravaca"},"content":{"rendered":"<p>\u201cUn d\u00eda me dieron una sorpresa en el Taller. La sorpresa era una vaca. Y la dibujamos todos los ni\u00f1os del Carrau. Antes la tocamos y fue muy divertido. Entonces la subimos por la escalera y fue \u201ctope\u201d duro y nos cansamos mucho.Despu\u00e9s, en el Taller, la dibujamos m\u00e1s grande con un cart\u00f3n y un d\u00eda la dibujamos por trozos. Por Navidad la adornamos y por Sant Jordi la colocamos en la mesa, comiendo.\u201d Alberto Garc\u00eda<\/p>\n","protected":false},"excerpt":{"rendered":"<p>\u201cUn d\u00eda me dieron una sorpresa en el Taller. La sorpresa era una vaca. Y la dibujamos todos los ni\u00f1os del Carrau. Antes la tocamos y fue muy divertido. Entonces la subimos por la escalera y fue \u201ctope\u201d duro y nos cansamos mucho.Despu\u00e9s, en el Taller, la dibujamos m\u00e1s grande con un cart\u00f3n y un d\u00eda la dibujamos por trozos. Por Navidad la adornamos y por Sant Jordi la colocamos en la mesa, comiendo.\u201d Alberto Garc\u00eda<\/p>\n","protected":false},"featured_media":22004,"comment_status":"open","ping_status":"closed","template":"","meta":{"_et_pb_use_builder":"","_et_pb_old_content":"","_et_gb_content_width":""},"product_cat":[1512,6675,1502,7184],"product_tag":[2602],"edicion":[],"editoriales":[1160,1163],"tienda":[],"autor_id":[5078,5101,6365],"universidades_coeditoras":[],"palabras_clave":[],"listado_alfabetico":[],"acf":[],"_links":{"self":[{"href":"https:\/\/wizardly-davinci.82-223-8-23.plesk.page\/en\/wp-json\/wp\/v2\/product\/17434"}],"collection":[{"href":"https:\/\/wizardly-davinci.82-223-8-23.plesk.page\/en\/wp-json\/wp\/v2\/product"}],"about":[{"href":"https:\/\/wizardly-davinci.82-223-8-23.plesk.page\/en\/wp-json\/wp\/v2\/types\/product"}],"replies":[{"embeddable":true,"href":"https:\/\/wizardly-davinci.82-223-8-23.plesk.page\/en\/wp-json\/wp\/v2\/comments?post=17434"}],"wp:featuredmedia":[{"embeddable":true,"href":"https:\/\/wizardly-davinci.82-223-8-23.plesk.page\/en\/wp-json\/wp\/v2\/media\/22004"}],"wp:attachment":[{"href":"https:\/\/wizardly-davinci.82-223-8-23.plesk.page\/en\/wp-json\/wp\/v2\/media?parent=17434"}],"wp:term":[{"taxonomy":"product_cat","embeddable":true,"href":"https:\/\/wizardly-davinci.82-223-8-23.plesk.page\/en\/wp-json\/wp\/v2\/product_cat?post=17434"},{"taxonomy":"product_tag","embeddable":true,"href":"https:\/\/wizardly-davinci.82-223-8-23.plesk.page\/en\/wp-json\/wp\/v2\/product_tag?post=17434"},{"taxonomy":"edicion","embeddable":true,"href":"https:\/\/wizardly-davinci.82-223-8-23.plesk.page\/en\/wp-json\/wp\/v2\/edicion?post=17434"},{"taxonomy":"editoriales","embeddable":true,"href":"https:\/\/wizardly-davinci.82-223-8-23.plesk.page\/en\/wp-json\/wp\/v2\/editoriales?post=17434"},{"taxonomy":"tienda","embeddable":true,"href":"https:\/\/wizardly-davinci.82-223-8-23.plesk.page\/en\/wp-json\/wp\/v2\/tienda?post=17434"},{"taxonomy":"autor_id","embeddable":true,"href":"https:\/\/wizardly-davinci.82-223-8-23.plesk.page\/en\/wp-json\/wp\/v2\/autor_id?post=17434"},{"taxonomy":"universidades_coeditoras","embeddable":true,"href":"https:\/\/wizardly-davinci.82-223-8-23.plesk.page\/en\/wp-json\/wp\/v2\/universidades_coeditoras?post=17434"},{"taxonomy":"palabras_clave","embeddable":true,"href":"https:\/\/wizardly-davinci.82-223-8-23.plesk.page\/en\/wp-json\/wp\/v2\/palabras_clave?post=17434"},{"taxonomy":"listado_alfabetico","embeddable":true,"href":"https:\/\/wizardly-davinci.82-223-8-23.plesk.page\/en\/wp-json\/wp\/v2\/listado_alfabetico?post=17434"}],"curies":[{"name":"wp","href":"https:\/\/api.w.org\/{rel}","templated":true}]}}