{"id":17438,"date":"2019-04-09T22:47:11","date_gmt":"2019-04-09T22:47:11","guid":{"rendered":"https:\/\/octaedro.com\/producto\/la-biblioteca-mediateca-educacion-secundaria\/"},"modified":"2023-04-20T12:33:04","modified_gmt":"2023-04-20T10:33:04","slug":"la-biblioteca-mediateca-educacion-secundaria","status":"publish","type":"product","link":"https:\/\/wizardly-davinci.82-223-8-23.plesk.page\/en\/producto\/la-biblioteca-mediateca-educacion-secundaria\/","title":{"rendered":"La biblioteca mediateca. Educaci\u00f3n Secundaria"},"content":{"rendered":"<p>En una sociedad en que cada vez hay m\u00e1s informaci\u00f3n al alcance de los ciudadanos, es necesaria la formaci\u00f3n de ni\u00f1os y j\u00f3venes en torno a la lectura y a la selecci\u00f3n y tratamiento de informaci\u00f3n. Desde el Grup Bibliom\u00e8dia de la Federaci\u00f3 de Moviments de Renovaci\u00f3 Pedalg\u00f2gica de Catalanya (FMRPC) se plante\u00f3 la posibilidad de recoger y formular propuestas de actividades de biblioteca que pudiesen ser desarrolladas en la mayor\u00eda de los centros docentes.<br \/>\nEste volumen recoge la justificaci\u00f3n y el marco conceptual, acompa\u00f1adas por un compendio de actividades de biblioteca para educaci\u00f3n secundaria, agrupadas por ciclos. Las actividades est\u00e1n organizadas en tres bloques: El desarrollo del h\u00e1bito lector, B\u00fasqueda y tratamiento de la informaci\u00f3n y Formaci\u00f3n de usuarios. Se trata de propuestas claras, de f\u00e1cil aplicaci\u00f3n que cada escuela puede adapatar a su realidad y que esperamos que sean de utilidad.<\/p>\n","protected":false},"excerpt":{"rendered":"<p>En una sociedad en que cada vez hay m\u00e1s informaci\u00f3n al alcance de los ciudadanos, es necesaria la formaci\u00f3n de ni\u00f1os y j\u00f3venes en torno a la lectura y a la selecci\u00f3n y tratamiento de informaci\u00f3n. Desde el Grup Bibliom\u00e8dia de la Federaci\u00f3 de Moviments de Renovaci\u00f3 Pedalg\u00f2gica de Catalanya (FMRPC) se plante\u00f3 la posibilidad de recoger y formular propuestas de actividades de biblioteca que pudiesen ser desarrolladas en la mayor\u00eda de los centros docentes.<br \/>\nEste volumen recoge la justificaci\u00f3n y el marco conceptual, acompa\u00f1adas por un compendio de actividades de biblioteca para educaci\u00f3n secundaria, agrupadas por ciclos. Las actividades est\u00e1n organizadas en tres bloques: El desarrollo del h\u00e1bito lector, B\u00fasqueda y tratamiento de la informaci\u00f3n y Formaci\u00f3n de usuarios. Se trata de propuestas claras, de f\u00e1cil aplicaci\u00f3n que cada escuela puede adapatar a su realidad y que esperamos que sean de utilidad.<\/p>\n","protected":false},"featured_media":22010,"comment_status":"open","ping_status":"closed","template":"","meta":{"_et_pb_use_builder":"","_et_pb_old_content":"","_et_gb_content_width":""},"product_cat":[7638,1512,6675],"product_tag":[2602],"edicion":[1083],"editoriales":[1160,1163],"tienda":[],"autor_id":[4984,5011,5538,5599,5814,5909,6034,6214,6432],"universidades_coeditoras":[],"palabras_clave":[],"listado_alfabetico":[],"acf":[],"_links":{"self":[{"href":"https:\/\/wizardly-davinci.82-223-8-23.plesk.page\/en\/wp-json\/wp\/v2\/product\/17438"}],"collection":[{"href":"https:\/\/wizardly-davinci.82-223-8-23.plesk.page\/en\/wp-json\/wp\/v2\/product"}],"about":[{"href":"https:\/\/wizardly-davinci.82-223-8-23.plesk.page\/en\/wp-json\/wp\/v2\/types\/product"}],"replies":[{"embeddable":true,"href":"https:\/\/wizardly-davinci.82-223-8-23.plesk.page\/en\/wp-json\/wp\/v2\/comments?post=17438"}],"wp:featuredmedia":[{"embeddable":true,"href":"https:\/\/wizardly-davinci.82-223-8-23.plesk.page\/en\/wp-json\/wp\/v2\/media\/22010"}],"wp:attachment":[{"href":"https:\/\/wizardly-davinci.82-223-8-23.plesk.page\/en\/wp-json\/wp\/v2\/media?parent=17438"}],"wp:term":[{"taxonomy":"product_cat","embeddable":true,"href":"https:\/\/wizardly-davinci.82-223-8-23.plesk.page\/en\/wp-json\/wp\/v2\/product_cat?post=17438"},{"taxonomy":"product_tag","embeddable":true,"href":"https:\/\/wizardly-davinci.82-223-8-23.plesk.page\/en\/wp-json\/wp\/v2\/product_tag?post=17438"},{"taxonomy":"edicion","embeddable":true,"href":"https:\/\/wizardly-davinci.82-223-8-23.plesk.page\/en\/wp-json\/wp\/v2\/edicion?post=17438"},{"taxonomy":"editoriales","embeddable":true,"href":"https:\/\/wizardly-davinci.82-223-8-23.plesk.page\/en\/wp-json\/wp\/v2\/editoriales?post=17438"},{"taxonomy":"tienda","embeddable":true,"href":"https:\/\/wizardly-davinci.82-223-8-23.plesk.page\/en\/wp-json\/wp\/v2\/tienda?post=17438"},{"taxonomy":"autor_id","embeddable":true,"href":"https:\/\/wizardly-davinci.82-223-8-23.plesk.page\/en\/wp-json\/wp\/v2\/autor_id?post=17438"},{"taxonomy":"universidades_coeditoras","embeddable":true,"href":"https:\/\/wizardly-davinci.82-223-8-23.plesk.page\/en\/wp-json\/wp\/v2\/universidades_coeditoras?post=17438"},{"taxonomy":"palabras_clave","embeddable":true,"href":"https:\/\/wizardly-davinci.82-223-8-23.plesk.page\/en\/wp-json\/wp\/v2\/palabras_clave?post=17438"},{"taxonomy":"listado_alfabetico","embeddable":true,"href":"https:\/\/wizardly-davinci.82-223-8-23.plesk.page\/en\/wp-json\/wp\/v2\/listado_alfabetico?post=17438"}],"curies":[{"name":"wp","href":"https:\/\/api.w.org\/{rel}","templated":true}]}}