{"id":17448,"date":"2019-04-09T22:47:19","date_gmt":"2019-04-09T22:47:19","guid":{"rendered":"https:\/\/octaedro.com\/producto\/el-sonido-en-la-comunicacion-humana\/"},"modified":"2023-04-20T12:33:50","modified_gmt":"2023-04-20T10:33:50","slug":"el-sonido-en-la-comunicacion-humana","status":"publish","type":"product","link":"https:\/\/wizardly-davinci.82-223-8-23.plesk.page\/en\/producto\/el-sonido-en-la-comunicacion-humana\/","title":{"rendered":"El sonido en la comunicaci\u00f3n humana"},"content":{"rendered":"<p>Este libro tiene el subt\u00edtulo Introducci\u00f3n a la fon\u00e9tica porque pretende mostrar todos los campos, de los que trata esta disciplina, de una forma clara y sencilla; pero ello no se hace en detrimento del rigor necesario en los planteamientos. Existen otras \u201cintroducciones a la fon\u00e9tica\u201d escritas en espa\u00f1ol; la diferencia que este libro intenta establecer con ellas es la incorporaci\u00f3n de todo aquello m\u00e1s interesante que se ha ido investigando y descubriendo en estos \u00faltimos a\u00f1os. Desde este punto de vista, creemos que hay que destacar, sobre todo, el cap\u00edtulo dedicado a la percepci\u00f3n, que es el m\u00e1s novedoso de todo el libro. S\u00f3lo en la \u00faltima d\u00e9cada algunos manuales de fon\u00e9tica han incorporado estas nociones. Hay que poner de relieve, adem\u00e1s, que si la fon\u00e9tica conectaba, desde antiguo, con la fisiolog\u00eda y la ac\u00fastica, ahora se adentra tambi\u00e9n en el terreno de la psicolog\u00eda cognitiva, de ah\u00ed que a la tradicional definici\u00f3n de fon\u00e9tica como \u201cla disciplina ling\u00fc\u00edstica que estudia la producci\u00f3n y la percepci\u00f3n de los sonidos utilizados en el habla\u201d haya que a\u00f1adir actualmente: \u201cy los procesos cognitivos que subyacen a tales actividades\u201d.<\/p>\n","protected":false},"excerpt":{"rendered":"<p>Este libro tiene el subt\u00edtulo Introducci\u00f3n a la fon\u00e9tica porque pretende mostrar todos los campos, de los que trata esta disciplina, de una forma clara y sencilla; pero ello no se hace en detrimento del rigor necesario en los planteamientos. Existen otras \u201cintroducciones a la fon\u00e9tica\u201d escritas en espa\u00f1ol; la diferencia que este libro intenta establecer con ellas es la incorporaci\u00f3n de todo aquello m\u00e1s interesante que se ha ido investigando y descubriendo en estos \u00faltimos a\u00f1os. Desde este punto de vista, creemos que hay que destacar, sobre todo, el cap\u00edtulo dedicado a la percepci\u00f3n, que es el m\u00e1s novedoso de todo el libro. S\u00f3lo en la \u00faltima d\u00e9cada algunos manuales de fon\u00e9tica han incorporado estas nociones. Hay que poner de relieve, adem\u00e1s, que si la fon\u00e9tica conectaba, desde antiguo, con la fisiolog\u00eda y la ac\u00fastica, ahora se adentra tambi\u00e9n en el terreno de la psicolog\u00eda cognitiva, de ah\u00ed que a la tradicional definici\u00f3n de fon\u00e9tica como \u201cla disciplina ling\u00fc\u00edstica que estudia la producci\u00f3n y la percepci\u00f3n de los sonidos utilizados en el habla\u201d haya que a\u00f1adir actualmente: \u201cy los procesos cognitivos que subyacen a tales actividades\u201d.<\/p>\n","protected":false},"featured_media":17449,"comment_status":"open","ping_status":"closed","template":"","meta":{"_et_pb_use_builder":"","_et_pb_old_content":"","_et_gb_content_width":""},"product_cat":[1512],"product_tag":[2602],"edicion":[1083],"editoriales":[1160],"tienda":[],"autor_id":[5916],"universidades_coeditoras":[],"palabras_clave":[],"listado_alfabetico":[],"acf":[],"_links":{"self":[{"href":"https:\/\/wizardly-davinci.82-223-8-23.plesk.page\/en\/wp-json\/wp\/v2\/product\/17448"}],"collection":[{"href":"https:\/\/wizardly-davinci.82-223-8-23.plesk.page\/en\/wp-json\/wp\/v2\/product"}],"about":[{"href":"https:\/\/wizardly-davinci.82-223-8-23.plesk.page\/en\/wp-json\/wp\/v2\/types\/product"}],"replies":[{"embeddable":true,"href":"https:\/\/wizardly-davinci.82-223-8-23.plesk.page\/en\/wp-json\/wp\/v2\/comments?post=17448"}],"wp:featuredmedia":[{"embeddable":true,"href":"https:\/\/wizardly-davinci.82-223-8-23.plesk.page\/en\/wp-json\/wp\/v2\/media\/17449"}],"wp:attachment":[{"href":"https:\/\/wizardly-davinci.82-223-8-23.plesk.page\/en\/wp-json\/wp\/v2\/media?parent=17448"}],"wp:term":[{"taxonomy":"product_cat","embeddable":true,"href":"https:\/\/wizardly-davinci.82-223-8-23.plesk.page\/en\/wp-json\/wp\/v2\/product_cat?post=17448"},{"taxonomy":"product_tag","embeddable":true,"href":"https:\/\/wizardly-davinci.82-223-8-23.plesk.page\/en\/wp-json\/wp\/v2\/product_tag?post=17448"},{"taxonomy":"edicion","embeddable":true,"href":"https:\/\/wizardly-davinci.82-223-8-23.plesk.page\/en\/wp-json\/wp\/v2\/edicion?post=17448"},{"taxonomy":"editoriales","embeddable":true,"href":"https:\/\/wizardly-davinci.82-223-8-23.plesk.page\/en\/wp-json\/wp\/v2\/editoriales?post=17448"},{"taxonomy":"tienda","embeddable":true,"href":"https:\/\/wizardly-davinci.82-223-8-23.plesk.page\/en\/wp-json\/wp\/v2\/tienda?post=17448"},{"taxonomy":"autor_id","embeddable":true,"href":"https:\/\/wizardly-davinci.82-223-8-23.plesk.page\/en\/wp-json\/wp\/v2\/autor_id?post=17448"},{"taxonomy":"universidades_coeditoras","embeddable":true,"href":"https:\/\/wizardly-davinci.82-223-8-23.plesk.page\/en\/wp-json\/wp\/v2\/universidades_coeditoras?post=17448"},{"taxonomy":"palabras_clave","embeddable":true,"href":"https:\/\/wizardly-davinci.82-223-8-23.plesk.page\/en\/wp-json\/wp\/v2\/palabras_clave?post=17448"},{"taxonomy":"listado_alfabetico","embeddable":true,"href":"https:\/\/wizardly-davinci.82-223-8-23.plesk.page\/en\/wp-json\/wp\/v2\/listado_alfabetico?post=17448"}],"curies":[{"name":"wp","href":"https:\/\/api.w.org\/{rel}","templated":true}]}}