{"id":17454,"date":"2019-04-09T22:47:20","date_gmt":"2019-04-09T22:47:20","guid":{"rendered":"https:\/\/octaedro.com\/producto\/la-escritura\/"},"modified":"2023-04-20T12:34:11","modified_gmt":"2023-04-20T10:34:11","slug":"la-escritura","status":"publish","type":"product","link":"https:\/\/wizardly-davinci.82-223-8-23.plesk.page\/en\/producto\/la-escritura\/","title":{"rendered":"La escritura"},"content":{"rendered":"<p>El alfabeto es, en opini\u00f3n casi un\u00e1nime, una de las conquistas culturales y tecnol\u00f3gicas de mayor trascendencia en la historia de la Humanidad porque ha permitido acumular los conocimientos de muchas generaciones y se ha constituido en dep\u00f3sito de la memoria al que todos pueden acudir. Es as\u00ed como cada generaci\u00f3n nueva est\u00e1 en condiciones de construir un saber tambi\u00e9n nuevo, sin verse obligada a comenzar desde cero. La escritura. Una introducci\u00f3n a la cultura alfab\u00e9tica es un compendio de f\u00e1cil lectura en el que se re\u00fane informaci\u00f3n sobre teor\u00eda y tipolog\u00eda de la escritura, historia y perspectivas de futuro.<\/p>\n","protected":false},"excerpt":{"rendered":"<p>El alfabeto es, en opini\u00f3n casi un\u00e1nime, una de las conquistas culturales y tecnol\u00f3gicas de mayor trascendencia en la historia de la Humanidad porque ha permitido acumular los conocimientos de muchas generaciones y se ha constituido en dep\u00f3sito de la memoria al que todos pueden acudir. Es as\u00ed como cada generaci\u00f3n nueva est\u00e1 en condiciones de construir un saber tambi\u00e9n nuevo, sin verse obligada a comenzar desde cero. La escritura. Una introducci\u00f3n a la cultura alfab\u00e9tica es un compendio de f\u00e1cil lectura en el que se re\u00fane informaci\u00f3n sobre teor\u00eda y tipolog\u00eda de la escritura, historia y perspectivas de futuro.<\/p>\n","protected":false},"featured_media":17455,"comment_status":"open","ping_status":"closed","template":"","meta":{"_et_pb_use_builder":"","_et_pb_old_content":"","_et_gb_content_width":""},"product_cat":[1512,6675],"product_tag":[2602],"edicion":[],"editoriales":[1160],"tienda":[],"autor_id":[6530],"universidades_coeditoras":[],"palabras_clave":[],"listado_alfabetico":[],"acf":[],"_links":{"self":[{"href":"https:\/\/wizardly-davinci.82-223-8-23.plesk.page\/en\/wp-json\/wp\/v2\/product\/17454"}],"collection":[{"href":"https:\/\/wizardly-davinci.82-223-8-23.plesk.page\/en\/wp-json\/wp\/v2\/product"}],"about":[{"href":"https:\/\/wizardly-davinci.82-223-8-23.plesk.page\/en\/wp-json\/wp\/v2\/types\/product"}],"replies":[{"embeddable":true,"href":"https:\/\/wizardly-davinci.82-223-8-23.plesk.page\/en\/wp-json\/wp\/v2\/comments?post=17454"}],"wp:featuredmedia":[{"embeddable":true,"href":"https:\/\/wizardly-davinci.82-223-8-23.plesk.page\/en\/wp-json\/wp\/v2\/media\/17455"}],"wp:attachment":[{"href":"https:\/\/wizardly-davinci.82-223-8-23.plesk.page\/en\/wp-json\/wp\/v2\/media?parent=17454"}],"wp:term":[{"taxonomy":"product_cat","embeddable":true,"href":"https:\/\/wizardly-davinci.82-223-8-23.plesk.page\/en\/wp-json\/wp\/v2\/product_cat?post=17454"},{"taxonomy":"product_tag","embeddable":true,"href":"https:\/\/wizardly-davinci.82-223-8-23.plesk.page\/en\/wp-json\/wp\/v2\/product_tag?post=17454"},{"taxonomy":"edicion","embeddable":true,"href":"https:\/\/wizardly-davinci.82-223-8-23.plesk.page\/en\/wp-json\/wp\/v2\/edicion?post=17454"},{"taxonomy":"editoriales","embeddable":true,"href":"https:\/\/wizardly-davinci.82-223-8-23.plesk.page\/en\/wp-json\/wp\/v2\/editoriales?post=17454"},{"taxonomy":"tienda","embeddable":true,"href":"https:\/\/wizardly-davinci.82-223-8-23.plesk.page\/en\/wp-json\/wp\/v2\/tienda?post=17454"},{"taxonomy":"autor_id","embeddable":true,"href":"https:\/\/wizardly-davinci.82-223-8-23.plesk.page\/en\/wp-json\/wp\/v2\/autor_id?post=17454"},{"taxonomy":"universidades_coeditoras","embeddable":true,"href":"https:\/\/wizardly-davinci.82-223-8-23.plesk.page\/en\/wp-json\/wp\/v2\/universidades_coeditoras?post=17454"},{"taxonomy":"palabras_clave","embeddable":true,"href":"https:\/\/wizardly-davinci.82-223-8-23.plesk.page\/en\/wp-json\/wp\/v2\/palabras_clave?post=17454"},{"taxonomy":"listado_alfabetico","embeddable":true,"href":"https:\/\/wizardly-davinci.82-223-8-23.plesk.page\/en\/wp-json\/wp\/v2\/listado_alfabetico?post=17454"}],"curies":[{"name":"wp","href":"https:\/\/api.w.org\/{rel}","templated":true}]}}