{"id":17456,"date":"2019-04-09T22:47:20","date_gmt":"2019-04-09T22:47:20","guid":{"rendered":"https:\/\/octaedro.com\/producto\/psicolinguistica-del-discurso\/"},"modified":"2023-04-20T12:34:19","modified_gmt":"2023-04-20T10:34:19","slug":"psicolinguistica-del-discurso","status":"publish","type":"product","link":"https:\/\/wizardly-davinci.82-223-8-23.plesk.page\/en\/producto\/psicolinguistica-del-discurso\/","title":{"rendered":"Psicoling\u00fc\u00edstica del discurso"},"content":{"rendered":"<p>El objetivo de este libro es exponer un m\u00e9todo de an\u00e1lisis del discurso centrado en las ideas del emisor pero no ce\u00f1ido a las ideas de propio discurso, sino a toda la concepci\u00f3n del mundo emisor: al modelo del mundo que ha dirigido la formaci\u00f3n de dicho discurso, sobre el cual \u00e9ste nos dar\u00e1 pistas exactas. Por tanto, no se trata de un tipo de an\u00e1lisis estrictamente ling\u00fc\u00edstico, sino de un an\u00e1lisis psicoling\u00fc\u00edstico del discurso, que estudia c\u00f3mo se relacionan, espec\u00edficamente, las emisiones ling\u00fc\u00edsticas completas \u2013los discursos- con la mente del emisor \u2013su conciencia, su modelo del mundo-.<\/p>\n","protected":false},"excerpt":{"rendered":"<p>El objetivo de este libro es exponer un m\u00e9todo de an\u00e1lisis del discurso centrado en las ideas del emisor pero no ce\u00f1ido a las ideas de propio discurso, sino a toda la concepci\u00f3n del mundo emisor: al modelo del mundo que ha dirigido la formaci\u00f3n de dicho discurso, sobre el cual \u00e9ste nos dar\u00e1 pistas exactas. Por tanto, no se trata de un tipo de an\u00e1lisis estrictamente ling\u00fc\u00edstico, sino de un an\u00e1lisis psicoling\u00fc\u00edstico del discurso, que estudia c\u00f3mo se relacionan, espec\u00edficamente, las emisiones ling\u00fc\u00edsticas completas \u2013los discursos- con la mente del emisor \u2013su conciencia, su modelo del mundo-.<\/p>\n","protected":false},"featured_media":17457,"comment_status":"open","ping_status":"closed","template":"","meta":{"_et_pb_use_builder":"","_et_pb_old_content":"","_et_gb_content_width":""},"product_cat":[1512,6675],"product_tag":[2602],"edicion":[1083],"editoriales":[1160],"tienda":[],"autor_id":[5072,5244],"universidades_coeditoras":[],"palabras_clave":[],"listado_alfabetico":[],"acf":[],"_links":{"self":[{"href":"https:\/\/wizardly-davinci.82-223-8-23.plesk.page\/en\/wp-json\/wp\/v2\/product\/17456"}],"collection":[{"href":"https:\/\/wizardly-davinci.82-223-8-23.plesk.page\/en\/wp-json\/wp\/v2\/product"}],"about":[{"href":"https:\/\/wizardly-davinci.82-223-8-23.plesk.page\/en\/wp-json\/wp\/v2\/types\/product"}],"replies":[{"embeddable":true,"href":"https:\/\/wizardly-davinci.82-223-8-23.plesk.page\/en\/wp-json\/wp\/v2\/comments?post=17456"}],"wp:featuredmedia":[{"embeddable":true,"href":"https:\/\/wizardly-davinci.82-223-8-23.plesk.page\/en\/wp-json\/wp\/v2\/media\/17457"}],"wp:attachment":[{"href":"https:\/\/wizardly-davinci.82-223-8-23.plesk.page\/en\/wp-json\/wp\/v2\/media?parent=17456"}],"wp:term":[{"taxonomy":"product_cat","embeddable":true,"href":"https:\/\/wizardly-davinci.82-223-8-23.plesk.page\/en\/wp-json\/wp\/v2\/product_cat?post=17456"},{"taxonomy":"product_tag","embeddable":true,"href":"https:\/\/wizardly-davinci.82-223-8-23.plesk.page\/en\/wp-json\/wp\/v2\/product_tag?post=17456"},{"taxonomy":"edicion","embeddable":true,"href":"https:\/\/wizardly-davinci.82-223-8-23.plesk.page\/en\/wp-json\/wp\/v2\/edicion?post=17456"},{"taxonomy":"editoriales","embeddable":true,"href":"https:\/\/wizardly-davinci.82-223-8-23.plesk.page\/en\/wp-json\/wp\/v2\/editoriales?post=17456"},{"taxonomy":"tienda","embeddable":true,"href":"https:\/\/wizardly-davinci.82-223-8-23.plesk.page\/en\/wp-json\/wp\/v2\/tienda?post=17456"},{"taxonomy":"autor_id","embeddable":true,"href":"https:\/\/wizardly-davinci.82-223-8-23.plesk.page\/en\/wp-json\/wp\/v2\/autor_id?post=17456"},{"taxonomy":"universidades_coeditoras","embeddable":true,"href":"https:\/\/wizardly-davinci.82-223-8-23.plesk.page\/en\/wp-json\/wp\/v2\/universidades_coeditoras?post=17456"},{"taxonomy":"palabras_clave","embeddable":true,"href":"https:\/\/wizardly-davinci.82-223-8-23.plesk.page\/en\/wp-json\/wp\/v2\/palabras_clave?post=17456"},{"taxonomy":"listado_alfabetico","embeddable":true,"href":"https:\/\/wizardly-davinci.82-223-8-23.plesk.page\/en\/wp-json\/wp\/v2\/listado_alfabetico?post=17456"}],"curies":[{"name":"wp","href":"https:\/\/api.w.org\/{rel}","templated":true}]}}