{"id":17472,"date":"2019-04-09T22:47:21","date_gmt":"2019-04-09T22:47:21","guid":{"rendered":"https:\/\/octaedro.com\/producto\/ese-relato-que-somos\/"},"modified":"2023-04-20T12:35:16","modified_gmt":"2023-04-20T10:35:16","slug":"ese-relato-que-somos","status":"publish","type":"product","link":"https:\/\/wizardly-davinci.82-223-8-23.plesk.page\/en\/producto\/ese-relato-que-somos\/","title":{"rendered":"Ese relato que somos"},"content":{"rendered":"<p>El presente trabajo incursiona en el intersticio que se abre entre el pensar y el narrar. Intentamos acercarnos de una manera accesible a la vertiente narrativa del pensar. Hoy sabemos que el conocimiento hermen\u00e9utico, es decir, el que interpreta el sentido del discurso, existe desde los inicios de la filosof\u00eda, desde ese origen marcado por el paso de una raz\u00f3n m\u00edtica a una raz\u00f3n l\u00f3gica \u2013 de logos, ciertamente \u2013 un anhelo de lucidez que nos llev\u00f3 hace dos mil seiscientos a\u00f1os, en Mileto, a iniciar la enorme aventura del pensamiento.<\/p>\n","protected":false},"excerpt":{"rendered":"<p>El presente trabajo incursiona en el intersticio que se abre entre el pensar y el narrar. Intentamos acercarnos de una manera accesible a la vertiente narrativa del pensar. Hoy sabemos que el conocimiento hermen\u00e9utico, es decir, el que interpreta el sentido del discurso, existe desde los inicios de la filosof\u00eda, desde ese origen marcado por el paso de una raz\u00f3n m\u00edtica a una raz\u00f3n l\u00f3gica \u2013 de logos, ciertamente \u2013 un anhelo de lucidez que nos llev\u00f3 hace dos mil seiscientos a\u00f1os, en Mileto, a iniciar la enorme aventura del pensamiento.<\/p>\n","protected":false},"featured_media":17473,"comment_status":"open","ping_status":"closed","template":"","meta":{"_et_pb_use_builder":"","_et_pb_old_content":"","_et_gb_content_width":""},"product_cat":[1512],"product_tag":[2602],"edicion":[1083],"editoriales":[1160],"tienda":[],"autor_id":[5517],"universidades_coeditoras":[],"palabras_clave":[],"listado_alfabetico":[],"acf":[],"_links":{"self":[{"href":"https:\/\/wizardly-davinci.82-223-8-23.plesk.page\/en\/wp-json\/wp\/v2\/product\/17472"}],"collection":[{"href":"https:\/\/wizardly-davinci.82-223-8-23.plesk.page\/en\/wp-json\/wp\/v2\/product"}],"about":[{"href":"https:\/\/wizardly-davinci.82-223-8-23.plesk.page\/en\/wp-json\/wp\/v2\/types\/product"}],"replies":[{"embeddable":true,"href":"https:\/\/wizardly-davinci.82-223-8-23.plesk.page\/en\/wp-json\/wp\/v2\/comments?post=17472"}],"wp:featuredmedia":[{"embeddable":true,"href":"https:\/\/wizardly-davinci.82-223-8-23.plesk.page\/en\/wp-json\/wp\/v2\/media\/17473"}],"wp:attachment":[{"href":"https:\/\/wizardly-davinci.82-223-8-23.plesk.page\/en\/wp-json\/wp\/v2\/media?parent=17472"}],"wp:term":[{"taxonomy":"product_cat","embeddable":true,"href":"https:\/\/wizardly-davinci.82-223-8-23.plesk.page\/en\/wp-json\/wp\/v2\/product_cat?post=17472"},{"taxonomy":"product_tag","embeddable":true,"href":"https:\/\/wizardly-davinci.82-223-8-23.plesk.page\/en\/wp-json\/wp\/v2\/product_tag?post=17472"},{"taxonomy":"edicion","embeddable":true,"href":"https:\/\/wizardly-davinci.82-223-8-23.plesk.page\/en\/wp-json\/wp\/v2\/edicion?post=17472"},{"taxonomy":"editoriales","embeddable":true,"href":"https:\/\/wizardly-davinci.82-223-8-23.plesk.page\/en\/wp-json\/wp\/v2\/editoriales?post=17472"},{"taxonomy":"tienda","embeddable":true,"href":"https:\/\/wizardly-davinci.82-223-8-23.plesk.page\/en\/wp-json\/wp\/v2\/tienda?post=17472"},{"taxonomy":"autor_id","embeddable":true,"href":"https:\/\/wizardly-davinci.82-223-8-23.plesk.page\/en\/wp-json\/wp\/v2\/autor_id?post=17472"},{"taxonomy":"universidades_coeditoras","embeddable":true,"href":"https:\/\/wizardly-davinci.82-223-8-23.plesk.page\/en\/wp-json\/wp\/v2\/universidades_coeditoras?post=17472"},{"taxonomy":"palabras_clave","embeddable":true,"href":"https:\/\/wizardly-davinci.82-223-8-23.plesk.page\/en\/wp-json\/wp\/v2\/palabras_clave?post=17472"},{"taxonomy":"listado_alfabetico","embeddable":true,"href":"https:\/\/wizardly-davinci.82-223-8-23.plesk.page\/en\/wp-json\/wp\/v2\/listado_alfabetico?post=17472"}],"curies":[{"name":"wp","href":"https:\/\/api.w.org\/{rel}","templated":true}]}}