{"id":17474,"date":"2019-04-09T22:47:22","date_gmt":"2019-04-09T22:47:22","guid":{"rendered":"https:\/\/octaedro.com\/producto\/caminos-de-escritura\/"},"modified":"2023-04-20T12:35:22","modified_gmt":"2023-04-20T10:35:22","slug":"caminos-de-escritura","status":"publish","type":"product","link":"https:\/\/wizardly-davinci.82-223-8-23.plesk.page\/en\/producto\/caminos-de-escritura\/","title":{"rendered":"Caminos de escritura"},"content":{"rendered":"<p>El proceso de la escritura creativa es consecuencia de un aprendizaje que, unido a la aspiraci\u00f3n de dar forma a todo aquello que habita en nuestra interioridad, nos impulsa a componer y modelar el texto personal. Este libro se propone ayudar al lector a descubrir \u201ccaminos de escritura\u201d, estimulando la imaginaci\u00f3n y la fantas\u00eda, el di\u00e1logo con el mundo, y la b\u00fasqueda de una expresi\u00f3n original, mediante reflexiones sobre el lenguaje creativo, ejemplos literarios y ejercicios aplicando distintas t\u00e9cnicas de escritura.<\/p>\n","protected":false},"excerpt":{"rendered":"<p>El proceso de la escritura creativa es consecuencia de un aprendizaje que, unido a la aspiraci\u00f3n de dar forma a todo aquello que habita en nuestra interioridad, nos impulsa a componer y modelar el texto personal. Este libro se propone ayudar al lector a descubrir \u201ccaminos de escritura\u201d, estimulando la imaginaci\u00f3n y la fantas\u00eda, el di\u00e1logo con el mundo, y la b\u00fasqueda de una expresi\u00f3n original, mediante reflexiones sobre el lenguaje creativo, ejemplos literarios y ejercicios aplicando distintas t\u00e9cnicas de escritura.<\/p>\n","protected":false},"featured_media":17475,"comment_status":"open","ping_status":"closed","template":"","meta":{"_et_pb_use_builder":"","_et_pb_old_content":"","_et_gb_content_width":""},"product_cat":[1512],"product_tag":[2602],"edicion":[1083],"editoriales":[1160],"tienda":[],"autor_id":[5908],"universidades_coeditoras":[],"palabras_clave":[],"listado_alfabetico":[],"acf":[],"_links":{"self":[{"href":"https:\/\/wizardly-davinci.82-223-8-23.plesk.page\/en\/wp-json\/wp\/v2\/product\/17474"}],"collection":[{"href":"https:\/\/wizardly-davinci.82-223-8-23.plesk.page\/en\/wp-json\/wp\/v2\/product"}],"about":[{"href":"https:\/\/wizardly-davinci.82-223-8-23.plesk.page\/en\/wp-json\/wp\/v2\/types\/product"}],"replies":[{"embeddable":true,"href":"https:\/\/wizardly-davinci.82-223-8-23.plesk.page\/en\/wp-json\/wp\/v2\/comments?post=17474"}],"wp:featuredmedia":[{"embeddable":true,"href":"https:\/\/wizardly-davinci.82-223-8-23.plesk.page\/en\/wp-json\/wp\/v2\/media\/17475"}],"wp:attachment":[{"href":"https:\/\/wizardly-davinci.82-223-8-23.plesk.page\/en\/wp-json\/wp\/v2\/media?parent=17474"}],"wp:term":[{"taxonomy":"product_cat","embeddable":true,"href":"https:\/\/wizardly-davinci.82-223-8-23.plesk.page\/en\/wp-json\/wp\/v2\/product_cat?post=17474"},{"taxonomy":"product_tag","embeddable":true,"href":"https:\/\/wizardly-davinci.82-223-8-23.plesk.page\/en\/wp-json\/wp\/v2\/product_tag?post=17474"},{"taxonomy":"edicion","embeddable":true,"href":"https:\/\/wizardly-davinci.82-223-8-23.plesk.page\/en\/wp-json\/wp\/v2\/edicion?post=17474"},{"taxonomy":"editoriales","embeddable":true,"href":"https:\/\/wizardly-davinci.82-223-8-23.plesk.page\/en\/wp-json\/wp\/v2\/editoriales?post=17474"},{"taxonomy":"tienda","embeddable":true,"href":"https:\/\/wizardly-davinci.82-223-8-23.plesk.page\/en\/wp-json\/wp\/v2\/tienda?post=17474"},{"taxonomy":"autor_id","embeddable":true,"href":"https:\/\/wizardly-davinci.82-223-8-23.plesk.page\/en\/wp-json\/wp\/v2\/autor_id?post=17474"},{"taxonomy":"universidades_coeditoras","embeddable":true,"href":"https:\/\/wizardly-davinci.82-223-8-23.plesk.page\/en\/wp-json\/wp\/v2\/universidades_coeditoras?post=17474"},{"taxonomy":"palabras_clave","embeddable":true,"href":"https:\/\/wizardly-davinci.82-223-8-23.plesk.page\/en\/wp-json\/wp\/v2\/palabras_clave?post=17474"},{"taxonomy":"listado_alfabetico","embeddable":true,"href":"https:\/\/wizardly-davinci.82-223-8-23.plesk.page\/en\/wp-json\/wp\/v2\/listado_alfabetico?post=17474"}],"curies":[{"name":"wp","href":"https:\/\/api.w.org\/{rel}","templated":true}]}}