{"id":17476,"date":"2019-04-09T22:47:22","date_gmt":"2019-04-09T22:47:22","guid":{"rendered":"https:\/\/octaedro.com\/producto\/lecturas-de-la-poesia\/"},"modified":"2023-04-20T12:35:29","modified_gmt":"2023-04-20T10:35:29","slug":"lecturas-de-la-poesia","status":"publish","type":"product","link":"https:\/\/wizardly-davinci.82-223-8-23.plesk.page\/en\/producto\/lecturas-de-la-poesia\/","title":{"rendered":"Lecturas de la poes\u00eda"},"content":{"rendered":"<p>Si en Iniciaci\u00f3n a la poes\u00eda (primer n\u00famero de esta colecci\u00f3n) se trataba de aspectos m\u00e1s \u201ct\u00e9cnicos\u201d de la poes\u00eda, relativos a su forma externa (cuales la disposici\u00f3n de los versos) y a su realidad sonora (ritmos, clases de versos, formas estr\u00f3ficas&#8230;). Es decir que aqu\u00ed se ahonda b\u00e1sicamente en el ritmo, esencial elemento de enlace con las artes musicales, al tiempo que se ofrece una antolog\u00eda de versos y estrofas de la tradici\u00f3n l\u00edrica hispana, desde la Edad Media hasta el pasado siglo XX.<\/p>\n","protected":false},"excerpt":{"rendered":"<p>Si en Iniciaci\u00f3n a la poes\u00eda (primer n\u00famero de esta colecci\u00f3n) se trataba de aspectos m\u00e1s \u201ct\u00e9cnicos\u201d de la poes\u00eda, relativos a su forma externa (cuales la disposici\u00f3n de los versos) y a su realidad sonora (ritmos, clases de versos, formas estr\u00f3ficas&#8230;). Es decir que aqu\u00ed se ahonda b\u00e1sicamente en el ritmo, esencial elemento de enlace con las artes musicales, al tiempo que se ofrece una antolog\u00eda de versos y estrofas de la tradici\u00f3n l\u00edrica hispana, desde la Edad Media hasta el pasado siglo XX.<\/p>\n","protected":false},"featured_media":17477,"comment_status":"open","ping_status":"closed","template":"","meta":{"_et_pb_use_builder":"","_et_pb_old_content":"","_et_gb_content_width":""},"product_cat":[1512],"product_tag":[2602],"edicion":[],"editoriales":[1160],"tienda":[],"autor_id":[5183],"universidades_coeditoras":[],"palabras_clave":[],"listado_alfabetico":[],"acf":[],"_links":{"self":[{"href":"https:\/\/wizardly-davinci.82-223-8-23.plesk.page\/en\/wp-json\/wp\/v2\/product\/17476"}],"collection":[{"href":"https:\/\/wizardly-davinci.82-223-8-23.plesk.page\/en\/wp-json\/wp\/v2\/product"}],"about":[{"href":"https:\/\/wizardly-davinci.82-223-8-23.plesk.page\/en\/wp-json\/wp\/v2\/types\/product"}],"replies":[{"embeddable":true,"href":"https:\/\/wizardly-davinci.82-223-8-23.plesk.page\/en\/wp-json\/wp\/v2\/comments?post=17476"}],"wp:featuredmedia":[{"embeddable":true,"href":"https:\/\/wizardly-davinci.82-223-8-23.plesk.page\/en\/wp-json\/wp\/v2\/media\/17477"}],"wp:attachment":[{"href":"https:\/\/wizardly-davinci.82-223-8-23.plesk.page\/en\/wp-json\/wp\/v2\/media?parent=17476"}],"wp:term":[{"taxonomy":"product_cat","embeddable":true,"href":"https:\/\/wizardly-davinci.82-223-8-23.plesk.page\/en\/wp-json\/wp\/v2\/product_cat?post=17476"},{"taxonomy":"product_tag","embeddable":true,"href":"https:\/\/wizardly-davinci.82-223-8-23.plesk.page\/en\/wp-json\/wp\/v2\/product_tag?post=17476"},{"taxonomy":"edicion","embeddable":true,"href":"https:\/\/wizardly-davinci.82-223-8-23.plesk.page\/en\/wp-json\/wp\/v2\/edicion?post=17476"},{"taxonomy":"editoriales","embeddable":true,"href":"https:\/\/wizardly-davinci.82-223-8-23.plesk.page\/en\/wp-json\/wp\/v2\/editoriales?post=17476"},{"taxonomy":"tienda","embeddable":true,"href":"https:\/\/wizardly-davinci.82-223-8-23.plesk.page\/en\/wp-json\/wp\/v2\/tienda?post=17476"},{"taxonomy":"autor_id","embeddable":true,"href":"https:\/\/wizardly-davinci.82-223-8-23.plesk.page\/en\/wp-json\/wp\/v2\/autor_id?post=17476"},{"taxonomy":"universidades_coeditoras","embeddable":true,"href":"https:\/\/wizardly-davinci.82-223-8-23.plesk.page\/en\/wp-json\/wp\/v2\/universidades_coeditoras?post=17476"},{"taxonomy":"palabras_clave","embeddable":true,"href":"https:\/\/wizardly-davinci.82-223-8-23.plesk.page\/en\/wp-json\/wp\/v2\/palabras_clave?post=17476"},{"taxonomy":"listado_alfabetico","embeddable":true,"href":"https:\/\/wizardly-davinci.82-223-8-23.plesk.page\/en\/wp-json\/wp\/v2\/listado_alfabetico?post=17476"}],"curies":[{"name":"wp","href":"https:\/\/api.w.org\/{rel}","templated":true}]}}