{"id":17478,"date":"2019-04-09T22:47:22","date_gmt":"2019-04-09T22:47:22","guid":{"rendered":"https:\/\/octaedro.com\/producto\/diccionario-de-enigmistica\/"},"modified":"2023-04-20T12:35:37","modified_gmt":"2023-04-20T10:35:37","slug":"diccionario-de-enigmistica","status":"publish","type":"product","link":"https:\/\/wizardly-davinci.82-223-8-23.plesk.page\/en\/producto\/diccionario-de-enigmistica\/","title":{"rendered":"Diccionario de enigm\u00edstica"},"content":{"rendered":"<p>Cada art\u00edculo contiene noticias hist\u00f3ricas, curiosidades e informaciones que introducen en este estimulante pasatiempo y proporciona, adem\u00e1s, un buen pu\u00f1ado de ejemplos de modalidades de juego hasta ahora inexistentes en lengua castellana. Una gu\u00eda que sin lugar a dudas permitir\u00e1 ampliar el patrimonio tradicional de enigmas, adivinanzas o jerogl\u00edficos con otras variantes igualmente atractivas; y, sobre todo, descubrir nuevos modos de diversi\u00f3n creativa por medio del lenguaje.<br \/>\nRebus, bifronte, criptograf\u00eda mnem\u00f3nica, onomancia, empotre son algunos de los lemas que vertebran este peque\u00f1o Diccionario que ofrece un panorama \u00e1gil y al mismo tiempo exhaustivo de la enigm\u00edstica, una rama de los juegos de palabras surgida en Italia a lo largo del siglo XVIII y que luego se ha venido desarrollando hasta el punto de atraer incluso a escritores del calibre de Umberto Eco, Italo Calvino y Primo Levi.<\/p>\n","protected":false},"excerpt":{"rendered":"<p>Cada art\u00edculo contiene noticias hist\u00f3ricas, curiosidades e informaciones que introducen en este estimulante pasatiempo y proporciona, adem\u00e1s, un buen pu\u00f1ado de ejemplos de modalidades de juego hasta ahora inexistentes en lengua castellana. Una gu\u00eda que sin lugar a dudas permitir\u00e1 ampliar el patrimonio tradicional de enigmas, adivinanzas o jerogl\u00edficos con otras variantes igualmente atractivas; y, sobre todo, descubrir nuevos modos de diversi\u00f3n creativa por medio del lenguaje.<br \/>\nRebus, bifronte, criptograf\u00eda mnem\u00f3nica, onomancia, empotre son algunos de los lemas que vertebran este peque\u00f1o Diccionario que ofrece un panorama \u00e1gil y al mismo tiempo exhaustivo de la enigm\u00edstica, una rama de los juegos de palabras surgida en Italia a lo largo del siglo XVIII y que luego se ha venido desarrollando hasta el punto de atraer incluso a escritores del calibre de Umberto Eco, Italo Calvino y Primo Levi.<\/p>\n","protected":false},"featured_media":17479,"comment_status":"open","ping_status":"closed","template":"","meta":{"_et_pb_use_builder":"","_et_pb_old_content":"","_et_gb_content_width":""},"product_cat":[1512],"product_tag":[2602],"edicion":[1083],"editoriales":[1160],"tienda":[],"autor_id":[5692,6124],"universidades_coeditoras":[],"palabras_clave":[],"listado_alfabetico":[],"acf":[],"_links":{"self":[{"href":"https:\/\/wizardly-davinci.82-223-8-23.plesk.page\/en\/wp-json\/wp\/v2\/product\/17478"}],"collection":[{"href":"https:\/\/wizardly-davinci.82-223-8-23.plesk.page\/en\/wp-json\/wp\/v2\/product"}],"about":[{"href":"https:\/\/wizardly-davinci.82-223-8-23.plesk.page\/en\/wp-json\/wp\/v2\/types\/product"}],"replies":[{"embeddable":true,"href":"https:\/\/wizardly-davinci.82-223-8-23.plesk.page\/en\/wp-json\/wp\/v2\/comments?post=17478"}],"wp:featuredmedia":[{"embeddable":true,"href":"https:\/\/wizardly-davinci.82-223-8-23.plesk.page\/en\/wp-json\/wp\/v2\/media\/17479"}],"wp:attachment":[{"href":"https:\/\/wizardly-davinci.82-223-8-23.plesk.page\/en\/wp-json\/wp\/v2\/media?parent=17478"}],"wp:term":[{"taxonomy":"product_cat","embeddable":true,"href":"https:\/\/wizardly-davinci.82-223-8-23.plesk.page\/en\/wp-json\/wp\/v2\/product_cat?post=17478"},{"taxonomy":"product_tag","embeddable":true,"href":"https:\/\/wizardly-davinci.82-223-8-23.plesk.page\/en\/wp-json\/wp\/v2\/product_tag?post=17478"},{"taxonomy":"edicion","embeddable":true,"href":"https:\/\/wizardly-davinci.82-223-8-23.plesk.page\/en\/wp-json\/wp\/v2\/edicion?post=17478"},{"taxonomy":"editoriales","embeddable":true,"href":"https:\/\/wizardly-davinci.82-223-8-23.plesk.page\/en\/wp-json\/wp\/v2\/editoriales?post=17478"},{"taxonomy":"tienda","embeddable":true,"href":"https:\/\/wizardly-davinci.82-223-8-23.plesk.page\/en\/wp-json\/wp\/v2\/tienda?post=17478"},{"taxonomy":"autor_id","embeddable":true,"href":"https:\/\/wizardly-davinci.82-223-8-23.plesk.page\/en\/wp-json\/wp\/v2\/autor_id?post=17478"},{"taxonomy":"universidades_coeditoras","embeddable":true,"href":"https:\/\/wizardly-davinci.82-223-8-23.plesk.page\/en\/wp-json\/wp\/v2\/universidades_coeditoras?post=17478"},{"taxonomy":"palabras_clave","embeddable":true,"href":"https:\/\/wizardly-davinci.82-223-8-23.plesk.page\/en\/wp-json\/wp\/v2\/palabras_clave?post=17478"},{"taxonomy":"listado_alfabetico","embeddable":true,"href":"https:\/\/wizardly-davinci.82-223-8-23.plesk.page\/en\/wp-json\/wp\/v2\/listado_alfabetico?post=17478"}],"curies":[{"name":"wp","href":"https:\/\/api.w.org\/{rel}","templated":true}]}}