{"id":17480,"date":"2019-04-09T22:47:22","date_gmt":"2019-04-09T22:47:22","guid":{"rendered":"https:\/\/octaedro.com\/producto\/juegos-de-palabras-y-con-las-palabras-2\/"},"modified":"2023-04-20T12:35:43","modified_gmt":"2023-04-20T10:35:43","slug":"juegos-de-palabras-y-con-las-palabras-2","status":"publish","type":"product","link":"https:\/\/wizardly-davinci.82-223-8-23.plesk.page\/en\/producto\/juegos-de-palabras-y-con-las-palabras-2\/","title":{"rendered":"Juegos de palabras y con las palabras"},"content":{"rendered":"<p>Una serie de juegos con las palabras, de los m\u00e1s sencillos a los m\u00e1s complejos, y su infinita capacidad de ser manejadas y plasmadas como protagonistas de multitud de enigmas. Se trata de pasatiempos que ayudan a divertirse pero que sirven tambi\u00e9n para cultivar la inteligencia y mantener en forma el cerebro. Se pueden organizar f\u00e1cilmente en grupo, con muchachos, j\u00f3venes y adultos. Cada juego est\u00e1 descrito de manera sencilla e inmediata y va acompa\u00f1ado de una serie de ejemplos pr\u00e1cticos. Un libro ideal para animar una velada, un viaje demasiado largo, unas vacaciones lluviosas y, por qu\u00e9 no, hacer inolvidable incluso una clase de lengua o de gram\u00e1tica.<\/p>\n","protected":false},"excerpt":{"rendered":"<p>Una serie de juegos con las palabras, de los m\u00e1s sencillos a los m\u00e1s complejos, y su infinita capacidad de ser manejadas y plasmadas como protagonistas de multitud de enigmas. Se trata de pasatiempos que ayudan a divertirse pero que sirven tambi\u00e9n para cultivar la inteligencia y mantener en forma el cerebro. Se pueden organizar f\u00e1cilmente en grupo, con muchachos, j\u00f3venes y adultos. Cada juego est\u00e1 descrito de manera sencilla e inmediata y va acompa\u00f1ado de una serie de ejemplos pr\u00e1cticos. Un libro ideal para animar una velada, un viaje demasiado largo, unas vacaciones lluviosas y, por qu\u00e9 no, hacer inolvidable incluso una clase de lengua o de gram\u00e1tica.<\/p>\n","protected":false},"featured_media":17481,"comment_status":"open","ping_status":"closed","template":"","meta":{"_et_pb_use_builder":"","_et_pb_old_content":"","_et_gb_content_width":""},"product_cat":[1512],"product_tag":[2602],"edicion":[1083],"editoriales":[1160],"tienda":[],"autor_id":[6145],"universidades_coeditoras":[],"palabras_clave":[],"listado_alfabetico":[],"acf":[],"_links":{"self":[{"href":"https:\/\/wizardly-davinci.82-223-8-23.plesk.page\/en\/wp-json\/wp\/v2\/product\/17480"}],"collection":[{"href":"https:\/\/wizardly-davinci.82-223-8-23.plesk.page\/en\/wp-json\/wp\/v2\/product"}],"about":[{"href":"https:\/\/wizardly-davinci.82-223-8-23.plesk.page\/en\/wp-json\/wp\/v2\/types\/product"}],"replies":[{"embeddable":true,"href":"https:\/\/wizardly-davinci.82-223-8-23.plesk.page\/en\/wp-json\/wp\/v2\/comments?post=17480"}],"wp:featuredmedia":[{"embeddable":true,"href":"https:\/\/wizardly-davinci.82-223-8-23.plesk.page\/en\/wp-json\/wp\/v2\/media\/17481"}],"wp:attachment":[{"href":"https:\/\/wizardly-davinci.82-223-8-23.plesk.page\/en\/wp-json\/wp\/v2\/media?parent=17480"}],"wp:term":[{"taxonomy":"product_cat","embeddable":true,"href":"https:\/\/wizardly-davinci.82-223-8-23.plesk.page\/en\/wp-json\/wp\/v2\/product_cat?post=17480"},{"taxonomy":"product_tag","embeddable":true,"href":"https:\/\/wizardly-davinci.82-223-8-23.plesk.page\/en\/wp-json\/wp\/v2\/product_tag?post=17480"},{"taxonomy":"edicion","embeddable":true,"href":"https:\/\/wizardly-davinci.82-223-8-23.plesk.page\/en\/wp-json\/wp\/v2\/edicion?post=17480"},{"taxonomy":"editoriales","embeddable":true,"href":"https:\/\/wizardly-davinci.82-223-8-23.plesk.page\/en\/wp-json\/wp\/v2\/editoriales?post=17480"},{"taxonomy":"tienda","embeddable":true,"href":"https:\/\/wizardly-davinci.82-223-8-23.plesk.page\/en\/wp-json\/wp\/v2\/tienda?post=17480"},{"taxonomy":"autor_id","embeddable":true,"href":"https:\/\/wizardly-davinci.82-223-8-23.plesk.page\/en\/wp-json\/wp\/v2\/autor_id?post=17480"},{"taxonomy":"universidades_coeditoras","embeddable":true,"href":"https:\/\/wizardly-davinci.82-223-8-23.plesk.page\/en\/wp-json\/wp\/v2\/universidades_coeditoras?post=17480"},{"taxonomy":"palabras_clave","embeddable":true,"href":"https:\/\/wizardly-davinci.82-223-8-23.plesk.page\/en\/wp-json\/wp\/v2\/palabras_clave?post=17480"},{"taxonomy":"listado_alfabetico","embeddable":true,"href":"https:\/\/wizardly-davinci.82-223-8-23.plesk.page\/en\/wp-json\/wp\/v2\/listado_alfabetico?post=17480"}],"curies":[{"name":"wp","href":"https:\/\/api.w.org\/{rel}","templated":true}]}}