{"id":17482,"date":"2019-04-09T22:47:22","date_gmt":"2019-04-09T22:47:22","guid":{"rendered":"https:\/\/octaedro.com\/producto\/lecciones-de-enigmistica\/"},"modified":"2023-04-20T12:35:50","modified_gmt":"2023-04-20T10:35:50","slug":"lecciones-de-enigmistica","status":"publish","type":"product","link":"https:\/\/wizardly-davinci.82-223-8-23.plesk.page\/en\/producto\/lecciones-de-enigmistica\/","title":{"rendered":"Lecciones de enigm\u00edstica"},"content":{"rendered":"<p>Los ni\u00f1os tratan las palabras como si fueran cosas, la margarita es una cosa con nombre e imagen, las vocales son los colores, las consonantes son los contornos. Modificando el nombre tambi\u00e9n se modifica la cosa, y en esto consiste el juego.El objetivo de las Lecciones de enigm\u00edstica, cuyo autor es uno de los ludoling\u00fcistas italianos m\u00e1s destacados, es precisamente \u00e9ste: ayudar a los adultos a recobrar una relaci\u00f3n m\u00e1s instintiva y m\u00e1s gozosa con las palabras, a fijarse no s\u00f3lo en su sentido sino tambi\u00e9n en su forma, a utilizarlas sencillamente como si fueran instrumentos para crear, jugar y disfrutar. Estructurado como una especie de texto escolar, el libro arranca de las bases del saber enigm\u00edstico \u2013 las cuatro operaciones fundamentales: combinar, leer, componer, resolver \u2013 para llegar a las formas m\u00e1s refinadas y chocantes de los juegos ling\u00fc\u00edsticos. Las explicaciones van acompa\u00f1adas de numerosos ejemplos pr\u00e1cticos e interesantes notas de car\u00e1cter hist\u00f3rico y literario, con abundantes pinceladas ir\u00f3nicas y sabrosas an\u00e9cdotas. En resumidas cuentas, un libro ameno, divertido, entretenido, que se lee de una tirada y puede ser consultado con provecho una infinidad de veces.<\/p>\n","protected":false},"excerpt":{"rendered":"<p>Los ni\u00f1os tratan las palabras como si fueran cosas, la margarita es una cosa con nombre e imagen, las vocales son los colores, las consonantes son los contornos. Modificando el nombre tambi\u00e9n se modifica la cosa, y en esto consiste el juego.El objetivo de las Lecciones de enigm\u00edstica, cuyo autor es uno de los ludoling\u00fcistas italianos m\u00e1s destacados, es precisamente \u00e9ste: ayudar a los adultos a recobrar una relaci\u00f3n m\u00e1s instintiva y m\u00e1s gozosa con las palabras, a fijarse no s\u00f3lo en su sentido sino tambi\u00e9n en su forma, a utilizarlas sencillamente como si fueran instrumentos para crear, jugar y disfrutar. Estructurado como una especie de texto escolar, el libro arranca de las bases del saber enigm\u00edstico \u2013 las cuatro operaciones fundamentales: combinar, leer, componer, resolver \u2013 para llegar a las formas m\u00e1s refinadas y chocantes de los juegos ling\u00fc\u00edsticos. Las explicaciones van acompa\u00f1adas de numerosos ejemplos pr\u00e1cticos e interesantes notas de car\u00e1cter hist\u00f3rico y literario, con abundantes pinceladas ir\u00f3nicas y sabrosas an\u00e9cdotas. En resumidas cuentas, un libro ameno, divertido, entretenido, que se lee de una tirada y puede ser consultado con provecho una infinidad de veces.<\/p>\n","protected":false},"featured_media":17483,"comment_status":"open","ping_status":"closed","template":"","meta":{"_et_pb_use_builder":"","_et_pb_old_content":"","_et_gb_content_width":""},"product_cat":[1512],"product_tag":[2602],"edicion":[1083],"editoriales":[1160],"tienda":[],"autor_id":[5119],"universidades_coeditoras":[],"palabras_clave":[],"listado_alfabetico":[],"acf":[],"_links":{"self":[{"href":"https:\/\/wizardly-davinci.82-223-8-23.plesk.page\/en\/wp-json\/wp\/v2\/product\/17482"}],"collection":[{"href":"https:\/\/wizardly-davinci.82-223-8-23.plesk.page\/en\/wp-json\/wp\/v2\/product"}],"about":[{"href":"https:\/\/wizardly-davinci.82-223-8-23.plesk.page\/en\/wp-json\/wp\/v2\/types\/product"}],"replies":[{"embeddable":true,"href":"https:\/\/wizardly-davinci.82-223-8-23.plesk.page\/en\/wp-json\/wp\/v2\/comments?post=17482"}],"wp:featuredmedia":[{"embeddable":true,"href":"https:\/\/wizardly-davinci.82-223-8-23.plesk.page\/en\/wp-json\/wp\/v2\/media\/17483"}],"wp:attachment":[{"href":"https:\/\/wizardly-davinci.82-223-8-23.plesk.page\/en\/wp-json\/wp\/v2\/media?parent=17482"}],"wp:term":[{"taxonomy":"product_cat","embeddable":true,"href":"https:\/\/wizardly-davinci.82-223-8-23.plesk.page\/en\/wp-json\/wp\/v2\/product_cat?post=17482"},{"taxonomy":"product_tag","embeddable":true,"href":"https:\/\/wizardly-davinci.82-223-8-23.plesk.page\/en\/wp-json\/wp\/v2\/product_tag?post=17482"},{"taxonomy":"edicion","embeddable":true,"href":"https:\/\/wizardly-davinci.82-223-8-23.plesk.page\/en\/wp-json\/wp\/v2\/edicion?post=17482"},{"taxonomy":"editoriales","embeddable":true,"href":"https:\/\/wizardly-davinci.82-223-8-23.plesk.page\/en\/wp-json\/wp\/v2\/editoriales?post=17482"},{"taxonomy":"tienda","embeddable":true,"href":"https:\/\/wizardly-davinci.82-223-8-23.plesk.page\/en\/wp-json\/wp\/v2\/tienda?post=17482"},{"taxonomy":"autor_id","embeddable":true,"href":"https:\/\/wizardly-davinci.82-223-8-23.plesk.page\/en\/wp-json\/wp\/v2\/autor_id?post=17482"},{"taxonomy":"universidades_coeditoras","embeddable":true,"href":"https:\/\/wizardly-davinci.82-223-8-23.plesk.page\/en\/wp-json\/wp\/v2\/universidades_coeditoras?post=17482"},{"taxonomy":"palabras_clave","embeddable":true,"href":"https:\/\/wizardly-davinci.82-223-8-23.plesk.page\/en\/wp-json\/wp\/v2\/palabras_clave?post=17482"},{"taxonomy":"listado_alfabetico","embeddable":true,"href":"https:\/\/wizardly-davinci.82-223-8-23.plesk.page\/en\/wp-json\/wp\/v2\/listado_alfabetico?post=17482"}],"curies":[{"name":"wp","href":"https:\/\/api.w.org\/{rel}","templated":true}]}}