{"id":17496,"date":"2019-04-09T22:47:27","date_gmt":"2019-04-09T22:47:27","guid":{"rendered":"https:\/\/octaedro.com\/producto\/los-tiempos-verbales\/"},"modified":"2023-04-20T12:44:29","modified_gmt":"2023-04-20T10:44:29","slug":"los-tiempos-verbales","status":"publish","type":"product","link":"https:\/\/wizardly-davinci.82-223-8-23.plesk.page\/en\/producto\/los-tiempos-verbales\/","title":{"rendered":"Los tiempos verbales"},"content":{"rendered":"<p>Para los estudiantes de lengua, el presente libro Los tiempos verbales ofrece un sencillo m\u00e9todo que les permite dominar las 3 conjugaciones con s\u00f3lo aprender 9 \u201cf\u00f3rmulas introductorias\u201d (una para cada tiempo simple) y las 8 relaciones entre los tiempos simples y los compuestos. Se explica adem\u00e1s el uso b\u00e1sico de cada tiempo, as\u00ed como las dificultades m\u00e1s habituales de acentuaci\u00f3n, ortograf\u00eda y conjugaci\u00f3n de ciertos verbos de uso frecuente. Para los profesionales de la lengua o los estudiantes avanzados, el libro ofrece un exhaustivo estudio del uso matizado de los tiempos (se analizan m\u00e1s de 20 tipos de oraciones condicionales, la relaci\u00f3n de tiempos verbales entre los discursos directo e indirecto, todos los complejos usos del subjuntivo, etc.).<\/p>\n","protected":false},"excerpt":{"rendered":"<p>Para los estudiantes de lengua, el presente libro Los tiempos verbales ofrece un sencillo m\u00e9todo que les permite dominar las 3 conjugaciones con s\u00f3lo aprender 9 \u201cf\u00f3rmulas introductorias\u201d (una para cada tiempo simple) y las 8 relaciones entre los tiempos simples y los compuestos. Se explica adem\u00e1s el uso b\u00e1sico de cada tiempo, as\u00ed como las dificultades m\u00e1s habituales de acentuaci\u00f3n, ortograf\u00eda y conjugaci\u00f3n de ciertos verbos de uso frecuente. Para los profesionales de la lengua o los estudiantes avanzados, el libro ofrece un exhaustivo estudio del uso matizado de los tiempos (se analizan m\u00e1s de 20 tipos de oraciones condicionales, la relaci\u00f3n de tiempos verbales entre los discursos directo e indirecto, todos los complejos usos del subjuntivo, etc.).<\/p>\n","protected":false},"featured_media":17497,"comment_status":"open","ping_status":"closed","template":"","meta":{"_et_pb_use_builder":"","_et_pb_old_content":"","_et_gb_content_width":""},"product_cat":[1512,6675],"product_tag":[2602],"edicion":[1083],"editoriales":[1160],"tienda":[],"autor_id":[6281],"universidades_coeditoras":[],"palabras_clave":[],"listado_alfabetico":[],"acf":[],"_links":{"self":[{"href":"https:\/\/wizardly-davinci.82-223-8-23.plesk.page\/en\/wp-json\/wp\/v2\/product\/17496"}],"collection":[{"href":"https:\/\/wizardly-davinci.82-223-8-23.plesk.page\/en\/wp-json\/wp\/v2\/product"}],"about":[{"href":"https:\/\/wizardly-davinci.82-223-8-23.plesk.page\/en\/wp-json\/wp\/v2\/types\/product"}],"replies":[{"embeddable":true,"href":"https:\/\/wizardly-davinci.82-223-8-23.plesk.page\/en\/wp-json\/wp\/v2\/comments?post=17496"}],"wp:featuredmedia":[{"embeddable":true,"href":"https:\/\/wizardly-davinci.82-223-8-23.plesk.page\/en\/wp-json\/wp\/v2\/media\/17497"}],"wp:attachment":[{"href":"https:\/\/wizardly-davinci.82-223-8-23.plesk.page\/en\/wp-json\/wp\/v2\/media?parent=17496"}],"wp:term":[{"taxonomy":"product_cat","embeddable":true,"href":"https:\/\/wizardly-davinci.82-223-8-23.plesk.page\/en\/wp-json\/wp\/v2\/product_cat?post=17496"},{"taxonomy":"product_tag","embeddable":true,"href":"https:\/\/wizardly-davinci.82-223-8-23.plesk.page\/en\/wp-json\/wp\/v2\/product_tag?post=17496"},{"taxonomy":"edicion","embeddable":true,"href":"https:\/\/wizardly-davinci.82-223-8-23.plesk.page\/en\/wp-json\/wp\/v2\/edicion?post=17496"},{"taxonomy":"editoriales","embeddable":true,"href":"https:\/\/wizardly-davinci.82-223-8-23.plesk.page\/en\/wp-json\/wp\/v2\/editoriales?post=17496"},{"taxonomy":"tienda","embeddable":true,"href":"https:\/\/wizardly-davinci.82-223-8-23.plesk.page\/en\/wp-json\/wp\/v2\/tienda?post=17496"},{"taxonomy":"autor_id","embeddable":true,"href":"https:\/\/wizardly-davinci.82-223-8-23.plesk.page\/en\/wp-json\/wp\/v2\/autor_id?post=17496"},{"taxonomy":"universidades_coeditoras","embeddable":true,"href":"https:\/\/wizardly-davinci.82-223-8-23.plesk.page\/en\/wp-json\/wp\/v2\/universidades_coeditoras?post=17496"},{"taxonomy":"palabras_clave","embeddable":true,"href":"https:\/\/wizardly-davinci.82-223-8-23.plesk.page\/en\/wp-json\/wp\/v2\/palabras_clave?post=17496"},{"taxonomy":"listado_alfabetico","embeddable":true,"href":"https:\/\/wizardly-davinci.82-223-8-23.plesk.page\/en\/wp-json\/wp\/v2\/listado_alfabetico?post=17496"}],"curies":[{"name":"wp","href":"https:\/\/api.w.org\/{rel}","templated":true}]}}