{"id":17500,"date":"2019-04-09T22:47:28","date_gmt":"2019-04-09T22:47:28","guid":{"rendered":"https:\/\/octaedro.com\/producto\/los-verbos-espanoles-conjugados\/"},"modified":"2023-04-20T12:44:39","modified_gmt":"2023-04-20T10:44:39","slug":"los-verbos-espanoles-conjugados","status":"publish","type":"product","link":"https:\/\/wizardly-davinci.82-223-8-23.plesk.page\/en\/producto\/los-verbos-espanoles-conjugados\/","title":{"rendered":"Los verbos espa\u00f1oles conjugados"},"content":{"rendered":"<p><em>Los verbos espa\u00f1oles conjugados<\/em> es un diccionario manual concebido para su uso frecuente. Se inicia con una breve introducci\u00f3n sobre las caracter\u00edsticas principales del verbo espa\u00f1ol y unas sencillas instrucciones de manejo.<br \/>\nLos 115 verbos y modelos conjugados son ejemplos de conjugaci\u00f3n regular e irregular, de verbos cuya pronunciaci\u00f3n puede resultar dudosa (adeudar, aislar, arg\u00fcir, bailar, cocer, enviudar, etc.), y de verbos voc\u00e1licos acabador en \u2013iar y en \u2013uar (confiar, cambiar, actuar, averiguar, etc.).<br \/>\nEl volumen se cierra con un exhaustivo \u00edndice general de 12.549 entradas que remiten a uno de los modelos.<br \/>\nAdem\u00e1s del verbo ordinario, el \u00edndice incluye una extensa lista de verbos pronominales, tanto los forzosamente pronominales (arrepentirse, quejarse, etc.), como los que presentan doble disponibilidad (levantar\/levantarse, ir\/irse, etc.). Entre par\u00e9ntesis se se\u00f1alan las principales preposiciones que rigen los verbos m\u00e1s comunes, tanto si son obligadas (ocuparse[de]) como si dependen del uso (empezar <a>).Se indican tambi\u00e9n los verbos defectivos o incompletos, los verbos impersonales y los participios irregulares. Los casos dudosos o de doble conjugaci\u00f3n se comentan en nota al pie de p\u00e1gina.<\/p>\n","protected":false},"excerpt":{"rendered":"<p><em>Los verbos espa\u00f1oles conjugados<\/em> es un diccionario manual concebido para su uso frecuente. Se inicia con una breve introducci\u00f3n sobre las caracter\u00edsticas principales del verbo espa\u00f1ol y unas sencillas instrucciones de manejo.<br \/>\nLos 115 verbos y modelos conjugados son ejemplos de conjugaci\u00f3n regular e irregular, de verbos cuya pronunciaci\u00f3n puede resultar dudosa (adeudar, aislar, arg\u00fcir, bailar, cocer, enviudar, etc.), y de verbos voc\u00e1licos acabador en \u2013iar y en \u2013uar (confiar, cambiar, actuar, averiguar, etc.).<br \/>\nEl volumen se cierra con un exhaustivo \u00edndice general de 12.549 entradas que remiten a uno de los modelos.<br \/>\nAdem\u00e1s del verbo ordinario, el \u00edndice incluye una extensa lista de verbos pronominales, tanto los forzosamente pronominales (arrepentirse, quejarse, etc.), como los que presentan doble disponibilidad (levantar\/levantarse, ir\/irse, etc.). Entre par\u00e9ntesis se se\u00f1alan las principales preposiciones que rigen los verbos m\u00e1s comunes, tanto si son obligadas (ocuparse[de]) como si dependen del uso (empezar <a>).Se indican tambi\u00e9n los verbos defectivos o incompletos, los verbos impersonales y los participios irregulares. Los casos dudosos o de doble conjugaci\u00f3n se comentan en nota al pie de p\u00e1gina.<\/p>\n","protected":false},"featured_media":17501,"comment_status":"open","ping_status":"closed","template":"","meta":{"_et_pb_use_builder":"","_et_pb_old_content":"","_et_gb_content_width":""},"product_cat":[1512],"product_tag":[2602],"edicion":[],"editoriales":[1160],"tienda":[],"autor_id":[5048,5381],"universidades_coeditoras":[],"palabras_clave":[],"listado_alfabetico":[],"acf":[],"_links":{"self":[{"href":"https:\/\/wizardly-davinci.82-223-8-23.plesk.page\/en\/wp-json\/wp\/v2\/product\/17500"}],"collection":[{"href":"https:\/\/wizardly-davinci.82-223-8-23.plesk.page\/en\/wp-json\/wp\/v2\/product"}],"about":[{"href":"https:\/\/wizardly-davinci.82-223-8-23.plesk.page\/en\/wp-json\/wp\/v2\/types\/product"}],"replies":[{"embeddable":true,"href":"https:\/\/wizardly-davinci.82-223-8-23.plesk.page\/en\/wp-json\/wp\/v2\/comments?post=17500"}],"wp:featuredmedia":[{"embeddable":true,"href":"https:\/\/wizardly-davinci.82-223-8-23.plesk.page\/en\/wp-json\/wp\/v2\/media\/17501"}],"wp:attachment":[{"href":"https:\/\/wizardly-davinci.82-223-8-23.plesk.page\/en\/wp-json\/wp\/v2\/media?parent=17500"}],"wp:term":[{"taxonomy":"product_cat","embeddable":true,"href":"https:\/\/wizardly-davinci.82-223-8-23.plesk.page\/en\/wp-json\/wp\/v2\/product_cat?post=17500"},{"taxonomy":"product_tag","embeddable":true,"href":"https:\/\/wizardly-davinci.82-223-8-23.plesk.page\/en\/wp-json\/wp\/v2\/product_tag?post=17500"},{"taxonomy":"edicion","embeddable":true,"href":"https:\/\/wizardly-davinci.82-223-8-23.plesk.page\/en\/wp-json\/wp\/v2\/edicion?post=17500"},{"taxonomy":"editoriales","embeddable":true,"href":"https:\/\/wizardly-davinci.82-223-8-23.plesk.page\/en\/wp-json\/wp\/v2\/editoriales?post=17500"},{"taxonomy":"tienda","embeddable":true,"href":"https:\/\/wizardly-davinci.82-223-8-23.plesk.page\/en\/wp-json\/wp\/v2\/tienda?post=17500"},{"taxonomy":"autor_id","embeddable":true,"href":"https:\/\/wizardly-davinci.82-223-8-23.plesk.page\/en\/wp-json\/wp\/v2\/autor_id?post=17500"},{"taxonomy":"universidades_coeditoras","embeddable":true,"href":"https:\/\/wizardly-davinci.82-223-8-23.plesk.page\/en\/wp-json\/wp\/v2\/universidades_coeditoras?post=17500"},{"taxonomy":"palabras_clave","embeddable":true,"href":"https:\/\/wizardly-davinci.82-223-8-23.plesk.page\/en\/wp-json\/wp\/v2\/palabras_clave?post=17500"},{"taxonomy":"listado_alfabetico","embeddable":true,"href":"https:\/\/wizardly-davinci.82-223-8-23.plesk.page\/en\/wp-json\/wp\/v2\/listado_alfabetico?post=17500"}],"curies":[{"name":"wp","href":"https:\/\/api.w.org\/{rel}","templated":true}]}}