{"id":17502,"date":"2019-04-09T22:47:28","date_gmt":"2019-04-09T22:47:28","guid":{"rendered":"https:\/\/octaedro.com\/producto\/leo-lo-que-veo\/"},"modified":"2023-04-20T12:44:44","modified_gmt":"2023-04-20T10:44:44","slug":"leo-lo-que-veo","status":"publish","type":"product","link":"https:\/\/wizardly-davinci.82-223-8-23.plesk.page\/en\/producto\/leo-lo-que-veo\/","title":{"rendered":"Leo lo que veo"},"content":{"rendered":"<p>El diccionario LEO LO QUE VEO es un material did\u00e1ctico visual-gr\u00e1fico que facilita el aprendizaje de un vocabulario b\u00e1sico para el alumnado con deficiencias auditivas, y que puede ser utilizado por todos ellos, en funci\u00f3n de sus capacidades o niveles curriculares. Este material es, tambi\u00e9n, muy \u00fatil para alumnos y alumnas oyentes con necesidades educativas relacionadas con el aprendizaje de la lengua castellana.Es un diccionario tem\u00e1tico (sus contenidos est\u00e1n agrupados por temas), visual (cada palabra tiene su imagen de referencia) y con actividades pr\u00e1cticas sobre los temas propuestos. En cada uno de \u00e9stos, los alumnos y las alumnas pueden completar su propio diccionario personal y realizar distintas actividades:<br \/>\n&#8211; De aprendizaje del vocabulario del tema o bloque.<br \/>\n&#8211; De lectoescritura<br \/>\n&#8211; De comprensi\u00f3n lectora<br \/>\n&#8211; De redacci\u00f3n de textos breves (en funci\u00f3n de los niveles de aprendizaje y sus necesidades educativas).<br \/>\n&#8211; De refuerzo de los contenidos de otras \u00e1reas, como el Conocimiento del medio.<\/p>\n","protected":false},"excerpt":{"rendered":"<p>El diccionario LEO LO QUE VEO es un material did\u00e1ctico visual-gr\u00e1fico que facilita el aprendizaje de un vocabulario b\u00e1sico para el alumnado con deficiencias auditivas, y que puede ser utilizado por todos ellos, en funci\u00f3n de sus capacidades o niveles curriculares. Este material es, tambi\u00e9n, muy \u00fatil para alumnos y alumnas oyentes con necesidades educativas relacionadas con el aprendizaje de la lengua castellana.Es un diccionario tem\u00e1tico (sus contenidos est\u00e1n agrupados por temas), visual (cada palabra tiene su imagen de referencia) y con actividades pr\u00e1cticas sobre los temas propuestos. En cada uno de \u00e9stos, los alumnos y las alumnas pueden completar su propio diccionario personal y realizar distintas actividades:<br \/>\n&#8211; De aprendizaje del vocabulario del tema o bloque.<br \/>\n&#8211; De lectoescritura<br \/>\n&#8211; De comprensi\u00f3n lectora<br \/>\n&#8211; De redacci\u00f3n de textos breves (en funci\u00f3n de los niveles de aprendizaje y sus necesidades educativas).<br \/>\n&#8211; De refuerzo de los contenidos de otras \u00e1reas, como el Conocimiento del medio.<\/p>\n","protected":false},"featured_media":17503,"comment_status":"open","ping_status":"closed","template":"","meta":{"_et_pb_use_builder":"","_et_pb_old_content":"","_et_gb_content_width":""},"product_cat":[1512],"product_tag":[2602],"edicion":[],"editoriales":[1160],"tienda":[],"autor_id":[5439,5560,6132,6396,6523,6541,6581],"universidades_coeditoras":[],"palabras_clave":[],"listado_alfabetico":[],"acf":[],"_links":{"self":[{"href":"https:\/\/wizardly-davinci.82-223-8-23.plesk.page\/en\/wp-json\/wp\/v2\/product\/17502"}],"collection":[{"href":"https:\/\/wizardly-davinci.82-223-8-23.plesk.page\/en\/wp-json\/wp\/v2\/product"}],"about":[{"href":"https:\/\/wizardly-davinci.82-223-8-23.plesk.page\/en\/wp-json\/wp\/v2\/types\/product"}],"replies":[{"embeddable":true,"href":"https:\/\/wizardly-davinci.82-223-8-23.plesk.page\/en\/wp-json\/wp\/v2\/comments?post=17502"}],"wp:featuredmedia":[{"embeddable":true,"href":"https:\/\/wizardly-davinci.82-223-8-23.plesk.page\/en\/wp-json\/wp\/v2\/media\/17503"}],"wp:attachment":[{"href":"https:\/\/wizardly-davinci.82-223-8-23.plesk.page\/en\/wp-json\/wp\/v2\/media?parent=17502"}],"wp:term":[{"taxonomy":"product_cat","embeddable":true,"href":"https:\/\/wizardly-davinci.82-223-8-23.plesk.page\/en\/wp-json\/wp\/v2\/product_cat?post=17502"},{"taxonomy":"product_tag","embeddable":true,"href":"https:\/\/wizardly-davinci.82-223-8-23.plesk.page\/en\/wp-json\/wp\/v2\/product_tag?post=17502"},{"taxonomy":"edicion","embeddable":true,"href":"https:\/\/wizardly-davinci.82-223-8-23.plesk.page\/en\/wp-json\/wp\/v2\/edicion?post=17502"},{"taxonomy":"editoriales","embeddable":true,"href":"https:\/\/wizardly-davinci.82-223-8-23.plesk.page\/en\/wp-json\/wp\/v2\/editoriales?post=17502"},{"taxonomy":"tienda","embeddable":true,"href":"https:\/\/wizardly-davinci.82-223-8-23.plesk.page\/en\/wp-json\/wp\/v2\/tienda?post=17502"},{"taxonomy":"autor_id","embeddable":true,"href":"https:\/\/wizardly-davinci.82-223-8-23.plesk.page\/en\/wp-json\/wp\/v2\/autor_id?post=17502"},{"taxonomy":"universidades_coeditoras","embeddable":true,"href":"https:\/\/wizardly-davinci.82-223-8-23.plesk.page\/en\/wp-json\/wp\/v2\/universidades_coeditoras?post=17502"},{"taxonomy":"palabras_clave","embeddable":true,"href":"https:\/\/wizardly-davinci.82-223-8-23.plesk.page\/en\/wp-json\/wp\/v2\/palabras_clave?post=17502"},{"taxonomy":"listado_alfabetico","embeddable":true,"href":"https:\/\/wizardly-davinci.82-223-8-23.plesk.page\/en\/wp-json\/wp\/v2\/listado_alfabetico?post=17502"}],"curies":[{"name":"wp","href":"https:\/\/api.w.org\/{rel}","templated":true}]}}