{"id":17506,"date":"2019-04-09T22:47:28","date_gmt":"2019-04-09T22:47:28","guid":{"rendered":"https:\/\/octaedro.com\/producto\/echando-una-mano-101-tecnicas-de-andamiaje-clil\/"},"modified":"2023-04-20T12:44:53","modified_gmt":"2023-04-20T10:44:53","slug":"echando-una-mano-101-tecnicas-de-andamiaje-clil","status":"publish","type":"product","link":"https:\/\/wizardly-davinci.82-223-8-23.plesk.page\/en\/producto\/echando-una-mano-101-tecnicas-de-andamiaje-clil\/","title":{"rendered":"Echando una mano: 101 t\u00e9cnicas de andamiaje CLIL"},"content":{"rendered":"<p>ANDAMIAJE\u2003Por muy eficaz que sea la palabra, no alcanza la meta de definir la t\u00e9cnica CLIL (la integraci\u00f3n del aprendizaje del contenido y la lengua): proporcionar ayuda a los estudiantes para facilitarles su aprendizaje. En cambio, la met\u00e1fora echar una mano s\u00ed acierta de pleno en el centro de la diana. Porque el reto de este libro es dar apoyo a los estudiantes para que puedan alcanzar los est\u00e1ndares de aprendizaje. As\u00ed, echas una mano a un aprendiz cuando no se cree capaz de cumplir una tarea o realizar algunas competencias; se la ofreces en un momento dado y la retiras paulatinamente cuando ya no es necesario. Habr\u00e1 desaparecido el nivel de ansiedad de tus alumnos y alumnas y comprobar\u00e1s c\u00f3mo se comprometen en su propio aprendizaje, dispuestos a seguir adelante.<br \/>\nCon las 101 t\u00e9cnicas de andamiaje que se incluyen en el libro, m\u00e1s el anexo digital que se puede descargar de la web de la editorial, ayudamos al profesorado a ense\u00f1ar materias que puedan servir de puente entre su lengua nativa (L1) y otra lengua (L2), y a los estudiantes, a aprender el contenido de cualquier materia en una lengua extranjera (aunque, como hoy en d\u00eda el ingl\u00e9s es la lengua franca, presentamos muchas actividades en este idioma).<br \/>\nLa autora ha viajado alrededor del mundo, ha trabajado con estudiantes y profesores, ha puesto en pr\u00e1ctica las t\u00e9cnicas que aqu\u00ed se presentan y ha comprobado su eficacia.<\/p>\n","protected":false},"excerpt":{"rendered":"<p>ANDAMIAJE\u2003Por muy eficaz que sea la palabra, no alcanza la meta de definir la t\u00e9cnica CLIL (la integraci\u00f3n del aprendizaje del contenido y la lengua): proporcionar ayuda a los estudiantes para facilitarles su aprendizaje. En cambio, la met\u00e1fora echar una mano s\u00ed acierta de pleno en el centro de la diana. Porque el reto de este libro es dar apoyo a los estudiantes para que puedan alcanzar los est\u00e1ndares de aprendizaje. As\u00ed, echas una mano a un aprendiz cuando no se cree capaz de cumplir una tarea o realizar algunas competencias; se la ofreces en un momento dado y la retiras paulatinamente cuando ya no es necesario. Habr\u00e1 desaparecido el nivel de ansiedad de tus alumnos y alumnas y comprobar\u00e1s c\u00f3mo se comprometen en su propio aprendizaje, dispuestos a seguir adelante.<br \/>\nCon las 101 t\u00e9cnicas de andamiaje que se incluyen en el libro, m\u00e1s el anexo digital que se puede descargar de la web de la editorial, ayudamos al profesorado a ense\u00f1ar materias que puedan servir de puente entre su lengua nativa (L1) y otra lengua (L2), y a los estudiantes, a aprender el contenido de cualquier materia en una lengua extranjera (aunque, como hoy en d\u00eda el ingl\u00e9s es la lengua franca, presentamos muchas actividades en este idioma).<br \/>\nLa autora ha viajado alrededor del mundo, ha trabajado con estudiantes y profesores, ha puesto en pr\u00e1ctica las t\u00e9cnicas que aqu\u00ed se presentan y ha comprobado su eficacia.<\/p>\n","protected":false},"featured_media":31262,"comment_status":"open","ping_status":"closed","template":"","meta":{"_et_pb_use_builder":"","_et_pb_old_content":"","_et_gb_content_width":""},"product_cat":[2606,1512,6675,6673],"product_tag":[2604],"edicion":[1084,1083],"editoriales":[1160],"tienda":[],"autor_id":[5798],"universidades_coeditoras":[],"palabras_clave":[],"listado_alfabetico":[],"acf":[],"_links":{"self":[{"href":"https:\/\/wizardly-davinci.82-223-8-23.plesk.page\/en\/wp-json\/wp\/v2\/product\/17506"}],"collection":[{"href":"https:\/\/wizardly-davinci.82-223-8-23.plesk.page\/en\/wp-json\/wp\/v2\/product"}],"about":[{"href":"https:\/\/wizardly-davinci.82-223-8-23.plesk.page\/en\/wp-json\/wp\/v2\/types\/product"}],"replies":[{"embeddable":true,"href":"https:\/\/wizardly-davinci.82-223-8-23.plesk.page\/en\/wp-json\/wp\/v2\/comments?post=17506"}],"wp:featuredmedia":[{"embeddable":true,"href":"https:\/\/wizardly-davinci.82-223-8-23.plesk.page\/en\/wp-json\/wp\/v2\/media\/31262"}],"wp:attachment":[{"href":"https:\/\/wizardly-davinci.82-223-8-23.plesk.page\/en\/wp-json\/wp\/v2\/media?parent=17506"}],"wp:term":[{"taxonomy":"product_cat","embeddable":true,"href":"https:\/\/wizardly-davinci.82-223-8-23.plesk.page\/en\/wp-json\/wp\/v2\/product_cat?post=17506"},{"taxonomy":"product_tag","embeddable":true,"href":"https:\/\/wizardly-davinci.82-223-8-23.plesk.page\/en\/wp-json\/wp\/v2\/product_tag?post=17506"},{"taxonomy":"edicion","embeddable":true,"href":"https:\/\/wizardly-davinci.82-223-8-23.plesk.page\/en\/wp-json\/wp\/v2\/edicion?post=17506"},{"taxonomy":"editoriales","embeddable":true,"href":"https:\/\/wizardly-davinci.82-223-8-23.plesk.page\/en\/wp-json\/wp\/v2\/editoriales?post=17506"},{"taxonomy":"tienda","embeddable":true,"href":"https:\/\/wizardly-davinci.82-223-8-23.plesk.page\/en\/wp-json\/wp\/v2\/tienda?post=17506"},{"taxonomy":"autor_id","embeddable":true,"href":"https:\/\/wizardly-davinci.82-223-8-23.plesk.page\/en\/wp-json\/wp\/v2\/autor_id?post=17506"},{"taxonomy":"universidades_coeditoras","embeddable":true,"href":"https:\/\/wizardly-davinci.82-223-8-23.plesk.page\/en\/wp-json\/wp\/v2\/universidades_coeditoras?post=17506"},{"taxonomy":"palabras_clave","embeddable":true,"href":"https:\/\/wizardly-davinci.82-223-8-23.plesk.page\/en\/wp-json\/wp\/v2\/palabras_clave?post=17506"},{"taxonomy":"listado_alfabetico","embeddable":true,"href":"https:\/\/wizardly-davinci.82-223-8-23.plesk.page\/en\/wp-json\/wp\/v2\/listado_alfabetico?post=17506"}],"curies":[{"name":"wp","href":"https:\/\/api.w.org\/{rel}","templated":true}]}}