{"id":17510,"date":"2019-04-09T22:47:29","date_gmt":"2019-04-09T22:47:29","guid":{"rendered":"https:\/\/octaedro.com\/producto\/aprender-a-ser-con-internet\/"},"modified":"2023-04-20T12:45:05","modified_gmt":"2023-04-20T10:45:05","slug":"aprender-a-ser-con-internet","status":"publish","type":"product","link":"https:\/\/wizardly-davinci.82-223-8-23.plesk.page\/en\/producto\/aprender-a-ser-con-internet\/","title":{"rendered":"Aprender a ser con internet"},"content":{"rendered":"<p>Los ni\u00f1os y adolescentes de hoy han nacido y crecido con las nuevas tecnolog\u00edas de la informaci\u00f3n y la comunicaci\u00f3n (TIC), e internet se ha convertido para ellos en una extensi\u00f3n del mundo f\u00edsico. De hecho, pueden ser considerados <strong>nativos digitales<\/strong>, t\u00e9rmino que acu\u00f1\u00f3 Marc Prensky hace algunos a\u00f1os.<\/p>\n<p>Las nuevas generaciones han hecho del ciberespacio un entorno en el que interact\u00faan, opinan, aprenden, consumen o incluso crean. La <strong>hiperconectividad de nuestro tiempo<\/strong>, propiciada por los <em>social media<\/em>, <strong>condiciona y modela la propia identidad de los m\u00e1s j\u00f3venes, incluida la digital<\/strong>.<\/p>\n<p>Pese a todo, nuestros peque\u00f1os se aventuran muchas veces a explorar el ciberespacio sin conocer los problemas y amenazas que pueden encontrar. Por ello, <em>Aprender a ser con internet<\/em> quiere ofrecer a familias y profesores algunas ideas clave que les permitan acompa\u00f1ar a sus hijos y alumnos en su descubrimiento y exploraci\u00f3n de la red. El fin es poder hacer de ellos aut\u00e9nticos <strong>ciudadanos 2.0<\/strong>.<\/p>\n","protected":false},"excerpt":{"rendered":"<p>Los ni\u00f1os y adolescentes de hoy han nacido y crecido con las nuevas tecnolog\u00edas de la informaci\u00f3n y la comunicaci\u00f3n (TIC), e internet se ha convertido para ellos en una extensi\u00f3n del mundo f\u00edsico. De hecho, pueden ser considerados <strong>nativos digitales<\/strong>, t\u00e9rmino que acu\u00f1\u00f3 Marc Prensky hace algunos a\u00f1os.<\/p>\n<p>Las nuevas generaciones han hecho del ciberespacio un entorno en el que interact\u00faan, opinan, aprenden, consumen o incluso crean. La <strong>hiperconectividad de nuestro tiempo<\/strong>, propiciada por los <em>social media<\/em>, <strong>condiciona y modela la propia identidad de los m\u00e1s j\u00f3venes, incluida la digital<\/strong>.<\/p>\n<p>Pese a todo, nuestros peque\u00f1os se aventuran muchas veces a explorar el ciberespacio sin conocer los problemas y amenazas que pueden encontrar. Por ello, <em>Aprender a ser con internet<\/em> quiere ofrecer a familias y profesores algunas ideas clave que les permitan acompa\u00f1ar a sus hijos y alumnos en su descubrimiento y exploraci\u00f3n de la red. El fin es poder hacer de ellos aut\u00e9nticos <strong>ciudadanos 2.0<\/strong>.<\/p>\n","protected":false},"featured_media":17511,"comment_status":"open","ping_status":"closed","template":"","meta":{"_et_pb_use_builder":"","_et_pb_old_content":"","_et_gb_content_width":""},"product_cat":[1512,6944],"product_tag":[2602],"edicion":[1083],"editoriales":[1160],"tienda":[],"autor_id":[6208],"universidades_coeditoras":[],"palabras_clave":[],"listado_alfabetico":[],"acf":[],"_links":{"self":[{"href":"https:\/\/wizardly-davinci.82-223-8-23.plesk.page\/en\/wp-json\/wp\/v2\/product\/17510"}],"collection":[{"href":"https:\/\/wizardly-davinci.82-223-8-23.plesk.page\/en\/wp-json\/wp\/v2\/product"}],"about":[{"href":"https:\/\/wizardly-davinci.82-223-8-23.plesk.page\/en\/wp-json\/wp\/v2\/types\/product"}],"replies":[{"embeddable":true,"href":"https:\/\/wizardly-davinci.82-223-8-23.plesk.page\/en\/wp-json\/wp\/v2\/comments?post=17510"}],"wp:featuredmedia":[{"embeddable":true,"href":"https:\/\/wizardly-davinci.82-223-8-23.plesk.page\/en\/wp-json\/wp\/v2\/media\/17511"}],"wp:attachment":[{"href":"https:\/\/wizardly-davinci.82-223-8-23.plesk.page\/en\/wp-json\/wp\/v2\/media?parent=17510"}],"wp:term":[{"taxonomy":"product_cat","embeddable":true,"href":"https:\/\/wizardly-davinci.82-223-8-23.plesk.page\/en\/wp-json\/wp\/v2\/product_cat?post=17510"},{"taxonomy":"product_tag","embeddable":true,"href":"https:\/\/wizardly-davinci.82-223-8-23.plesk.page\/en\/wp-json\/wp\/v2\/product_tag?post=17510"},{"taxonomy":"edicion","embeddable":true,"href":"https:\/\/wizardly-davinci.82-223-8-23.plesk.page\/en\/wp-json\/wp\/v2\/edicion?post=17510"},{"taxonomy":"editoriales","embeddable":true,"href":"https:\/\/wizardly-davinci.82-223-8-23.plesk.page\/en\/wp-json\/wp\/v2\/editoriales?post=17510"},{"taxonomy":"tienda","embeddable":true,"href":"https:\/\/wizardly-davinci.82-223-8-23.plesk.page\/en\/wp-json\/wp\/v2\/tienda?post=17510"},{"taxonomy":"autor_id","embeddable":true,"href":"https:\/\/wizardly-davinci.82-223-8-23.plesk.page\/en\/wp-json\/wp\/v2\/autor_id?post=17510"},{"taxonomy":"universidades_coeditoras","embeddable":true,"href":"https:\/\/wizardly-davinci.82-223-8-23.plesk.page\/en\/wp-json\/wp\/v2\/universidades_coeditoras?post=17510"},{"taxonomy":"palabras_clave","embeddable":true,"href":"https:\/\/wizardly-davinci.82-223-8-23.plesk.page\/en\/wp-json\/wp\/v2\/palabras_clave?post=17510"},{"taxonomy":"listado_alfabetico","embeddable":true,"href":"https:\/\/wizardly-davinci.82-223-8-23.plesk.page\/en\/wp-json\/wp\/v2\/listado_alfabetico?post=17510"}],"curies":[{"name":"wp","href":"https:\/\/api.w.org\/{rel}","templated":true}]}}