{"id":17512,"date":"2019-04-09T22:47:29","date_gmt":"2019-04-09T22:47:29","guid":{"rendered":"https:\/\/octaedro.com\/producto\/aprender-a-estudiar-con-internet\/"},"modified":"2023-04-20T12:45:10","modified_gmt":"2023-04-20T10:45:10","slug":"aprender-a-estudiar-con-internet","status":"publish","type":"product","link":"https:\/\/wizardly-davinci.82-223-8-23.plesk.page\/en\/producto\/aprender-a-estudiar-con-internet\/","title":{"rendered":"Aprender a estudiar con internet"},"content":{"rendered":"<p>El mundo de la educaci\u00f3n se encuentra en estos momentos en una aut\u00e9ntica encrucijada. El reciente auge de <strong>nuevas corrientes pedag\u00f3gicas<\/strong> junto con el cada vez mayor protagonismo de las tecnolog\u00edas de la informaci\u00f3n y la comunicaci\u00f3n (TIC) obligan a considerar estrategias de ense\u00f1anza-aprendizaje adaptadas al nuevo paradigma educativo.<\/p>\n<p>Estas nuevas estrategias deben considerar la necesidad de <strong>integrar de manera natural el uso de internet y de las TIC en los distintos niveles formativos<\/strong>. No se trata de digitalizar por digitalizar, sino de aprovechar al m\u00e1ximo las posibilidades que estos recursos ofrecen para ayudar a los alumnos no solo a estudiar, sino tambi\u00e9n a desarrollar su creatividad, su capacidad de trabajo en equipo, su motivaci\u00f3n frente al aprendizaje\u2026<\/p>\n<p>A\u00fan hoy muchas familias y docentes desconf\u00edan de la integraci\u00f3n de las TIC en la educaci\u00f3n y tienen dudas sobre sus posibles beneficios para el aprendizaje. Por esta raz\u00f3n, <strong><em>Aprender a estudiar con internet<\/em><\/strong> pretende ofrecer, sobre todo a los profesores, algunas <strong>ideas, estrategias, rutinas y herramientas que les ayuden a mejorar los conocimientos y competencias de sus alumnos<\/strong> gracias al uso de las nuevas tecnolog\u00edas.<\/p>\n","protected":false},"excerpt":{"rendered":"<p>El mundo de la educaci\u00f3n se encuentra en estos momentos en una aut\u00e9ntica encrucijada. El reciente auge de <strong>nuevas corrientes pedag\u00f3gicas<\/strong> junto con el cada vez mayor protagonismo de las tecnolog\u00edas de la informaci\u00f3n y la comunicaci\u00f3n (TIC) obligan a considerar estrategias de ense\u00f1anza-aprendizaje adaptadas al nuevo paradigma educativo.<\/p>\n<p>Estas nuevas estrategias deben considerar la necesidad de <strong>integrar de manera natural el uso de internet y de las TIC en los distintos niveles formativos<\/strong>. No se trata de digitalizar por digitalizar, sino de aprovechar al m\u00e1ximo las posibilidades que estos recursos ofrecen para ayudar a los alumnos no solo a estudiar, sino tambi\u00e9n a desarrollar su creatividad, su capacidad de trabajo en equipo, su motivaci\u00f3n frente al aprendizaje\u2026<\/p>\n<p>A\u00fan hoy muchas familias y docentes desconf\u00edan de la integraci\u00f3n de las TIC en la educaci\u00f3n y tienen dudas sobre sus posibles beneficios para el aprendizaje. Por esta raz\u00f3n, <strong><em>Aprender a estudiar con internet<\/em><\/strong> pretende ofrecer, sobre todo a los profesores, algunas <strong>ideas, estrategias, rutinas y herramientas que les ayuden a mejorar los conocimientos y competencias de sus alumnos<\/strong> gracias al uso de las nuevas tecnolog\u00edas.<\/p>\n","protected":false},"featured_media":17513,"comment_status":"open","ping_status":"closed","template":"","meta":{"_et_pb_use_builder":"","_et_pb_old_content":"","_et_gb_content_width":""},"product_cat":[1512,6944],"product_tag":[2602],"edicion":[1083],"editoriales":[1160],"tienda":[],"autor_id":[6208],"universidades_coeditoras":[],"palabras_clave":[],"listado_alfabetico":[],"acf":[],"_links":{"self":[{"href":"https:\/\/wizardly-davinci.82-223-8-23.plesk.page\/en\/wp-json\/wp\/v2\/product\/17512"}],"collection":[{"href":"https:\/\/wizardly-davinci.82-223-8-23.plesk.page\/en\/wp-json\/wp\/v2\/product"}],"about":[{"href":"https:\/\/wizardly-davinci.82-223-8-23.plesk.page\/en\/wp-json\/wp\/v2\/types\/product"}],"replies":[{"embeddable":true,"href":"https:\/\/wizardly-davinci.82-223-8-23.plesk.page\/en\/wp-json\/wp\/v2\/comments?post=17512"}],"wp:featuredmedia":[{"embeddable":true,"href":"https:\/\/wizardly-davinci.82-223-8-23.plesk.page\/en\/wp-json\/wp\/v2\/media\/17513"}],"wp:attachment":[{"href":"https:\/\/wizardly-davinci.82-223-8-23.plesk.page\/en\/wp-json\/wp\/v2\/media?parent=17512"}],"wp:term":[{"taxonomy":"product_cat","embeddable":true,"href":"https:\/\/wizardly-davinci.82-223-8-23.plesk.page\/en\/wp-json\/wp\/v2\/product_cat?post=17512"},{"taxonomy":"product_tag","embeddable":true,"href":"https:\/\/wizardly-davinci.82-223-8-23.plesk.page\/en\/wp-json\/wp\/v2\/product_tag?post=17512"},{"taxonomy":"edicion","embeddable":true,"href":"https:\/\/wizardly-davinci.82-223-8-23.plesk.page\/en\/wp-json\/wp\/v2\/edicion?post=17512"},{"taxonomy":"editoriales","embeddable":true,"href":"https:\/\/wizardly-davinci.82-223-8-23.plesk.page\/en\/wp-json\/wp\/v2\/editoriales?post=17512"},{"taxonomy":"tienda","embeddable":true,"href":"https:\/\/wizardly-davinci.82-223-8-23.plesk.page\/en\/wp-json\/wp\/v2\/tienda?post=17512"},{"taxonomy":"autor_id","embeddable":true,"href":"https:\/\/wizardly-davinci.82-223-8-23.plesk.page\/en\/wp-json\/wp\/v2\/autor_id?post=17512"},{"taxonomy":"universidades_coeditoras","embeddable":true,"href":"https:\/\/wizardly-davinci.82-223-8-23.plesk.page\/en\/wp-json\/wp\/v2\/universidades_coeditoras?post=17512"},{"taxonomy":"palabras_clave","embeddable":true,"href":"https:\/\/wizardly-davinci.82-223-8-23.plesk.page\/en\/wp-json\/wp\/v2\/palabras_clave?post=17512"},{"taxonomy":"listado_alfabetico","embeddable":true,"href":"https:\/\/wizardly-davinci.82-223-8-23.plesk.page\/en\/wp-json\/wp\/v2\/listado_alfabetico?post=17512"}],"curies":[{"name":"wp","href":"https:\/\/api.w.org\/{rel}","templated":true}]}}