{"id":17514,"date":"2019-04-09T22:47:29","date_gmt":"2019-04-09T22:47:29","guid":{"rendered":"https:\/\/octaedro.com\/producto\/aprender-a-relacionarse-con-internet\/"},"modified":"2023-04-20T12:45:14","modified_gmt":"2023-04-20T10:45:14","slug":"aprender-a-relacionarse-con-internet","status":"publish","type":"product","link":"https:\/\/wizardly-davinci.82-223-8-23.plesk.page\/en\/producto\/aprender-a-relacionarse-con-internet\/","title":{"rendered":"Aprender a relacionarse con internet"},"content":{"rendered":"<p>Internet se ha convertido en un amplio espacio de encuentro que posibilita la conexi\u00f3n entre millones de usuarios de todo el planeta. De hecho, el mundo virtual se ha convertido en una extensi\u00f3n del propio mundo f\u00edsico y las <strong>redes sociales<\/strong>, en el <strong>mejor medio para relacionarse con los dem\u00e1s<\/strong>.<\/p>\n<p>Facebook, Twitter, Instagram, YouTube\u2026 son algunos de los ejemplos m\u00e1s conocidos de redes sociales, aunque existen muchos otros. Cada d\u00eda, personas de todo el planeta se conectan a las redes e <strong>interact\u00faan con otras personas, comparten fotos, opinan, comentan<\/strong>\u2026 Muchas veces sin considerar con qui\u00e9n lo hacen ni las consecuencias que ello puede tener.<\/p>\n<p>De manera especial, son los adolescentes quienes hacen un uso m\u00e1s intensivo de estas redes. Muchas veces buscan <strong>destacar, acumular \u00abamigos\u00bb y engordar su cuenta de \u00abMe gusta\u00bb<\/strong>. Esto puede hacer pensar que las redes son perniciosas para ellos y que solo contribuyen a potenciar antivalores como la vanidad y el egocentrismo. Con el objetivo de acabar con esta idea, <strong><em> Aprender a relacionarse con internet<\/em><\/strong> propone estrategias y rutinas que ayudar\u00e1n a familias y docentes a <strong>desarrollar relaciones positivas en la red<\/strong>.<\/p>\n","protected":false},"excerpt":{"rendered":"<p>Internet se ha convertido en un amplio espacio de encuentro que posibilita la conexi\u00f3n entre millones de usuarios de todo el planeta. De hecho, el mundo virtual se ha convertido en una extensi\u00f3n del propio mundo f\u00edsico y las <strong>redes sociales<\/strong>, en el <strong>mejor medio para relacionarse con los dem\u00e1s<\/strong>.<\/p>\n<p>Facebook, Twitter, Instagram, YouTube\u2026 son algunos de los ejemplos m\u00e1s conocidos de redes sociales, aunque existen muchos otros. Cada d\u00eda, personas de todo el planeta se conectan a las redes e <strong>interact\u00faan con otras personas, comparten fotos, opinan, comentan<\/strong>\u2026 Muchas veces sin considerar con qui\u00e9n lo hacen ni las consecuencias que ello puede tener.<\/p>\n<p>De manera especial, son los adolescentes quienes hacen un uso m\u00e1s intensivo de estas redes. Muchas veces buscan <strong>destacar, acumular \u00abamigos\u00bb y engordar su cuenta de \u00abMe gusta\u00bb<\/strong>. Esto puede hacer pensar que las redes son perniciosas para ellos y que solo contribuyen a potenciar antivalores como la vanidad y el egocentrismo. Con el objetivo de acabar con esta idea, <strong><em> Aprender a relacionarse con internet<\/em><\/strong> propone estrategias y rutinas que ayudar\u00e1n a familias y docentes a <strong>desarrollar relaciones positivas en la red<\/strong>.<\/p>\n","protected":false},"featured_media":17515,"comment_status":"open","ping_status":"closed","template":"","meta":{"_et_pb_use_builder":"","_et_pb_old_content":"","_et_gb_content_width":""},"product_cat":[1512,6944],"product_tag":[2602],"edicion":[1083],"editoriales":[1160],"tienda":[],"autor_id":[6208],"universidades_coeditoras":[],"palabras_clave":[],"listado_alfabetico":[],"acf":[],"_links":{"self":[{"href":"https:\/\/wizardly-davinci.82-223-8-23.plesk.page\/en\/wp-json\/wp\/v2\/product\/17514"}],"collection":[{"href":"https:\/\/wizardly-davinci.82-223-8-23.plesk.page\/en\/wp-json\/wp\/v2\/product"}],"about":[{"href":"https:\/\/wizardly-davinci.82-223-8-23.plesk.page\/en\/wp-json\/wp\/v2\/types\/product"}],"replies":[{"embeddable":true,"href":"https:\/\/wizardly-davinci.82-223-8-23.plesk.page\/en\/wp-json\/wp\/v2\/comments?post=17514"}],"wp:featuredmedia":[{"embeddable":true,"href":"https:\/\/wizardly-davinci.82-223-8-23.plesk.page\/en\/wp-json\/wp\/v2\/media\/17515"}],"wp:attachment":[{"href":"https:\/\/wizardly-davinci.82-223-8-23.plesk.page\/en\/wp-json\/wp\/v2\/media?parent=17514"}],"wp:term":[{"taxonomy":"product_cat","embeddable":true,"href":"https:\/\/wizardly-davinci.82-223-8-23.plesk.page\/en\/wp-json\/wp\/v2\/product_cat?post=17514"},{"taxonomy":"product_tag","embeddable":true,"href":"https:\/\/wizardly-davinci.82-223-8-23.plesk.page\/en\/wp-json\/wp\/v2\/product_tag?post=17514"},{"taxonomy":"edicion","embeddable":true,"href":"https:\/\/wizardly-davinci.82-223-8-23.plesk.page\/en\/wp-json\/wp\/v2\/edicion?post=17514"},{"taxonomy":"editoriales","embeddable":true,"href":"https:\/\/wizardly-davinci.82-223-8-23.plesk.page\/en\/wp-json\/wp\/v2\/editoriales?post=17514"},{"taxonomy":"tienda","embeddable":true,"href":"https:\/\/wizardly-davinci.82-223-8-23.plesk.page\/en\/wp-json\/wp\/v2\/tienda?post=17514"},{"taxonomy":"autor_id","embeddable":true,"href":"https:\/\/wizardly-davinci.82-223-8-23.plesk.page\/en\/wp-json\/wp\/v2\/autor_id?post=17514"},{"taxonomy":"universidades_coeditoras","embeddable":true,"href":"https:\/\/wizardly-davinci.82-223-8-23.plesk.page\/en\/wp-json\/wp\/v2\/universidades_coeditoras?post=17514"},{"taxonomy":"palabras_clave","embeddable":true,"href":"https:\/\/wizardly-davinci.82-223-8-23.plesk.page\/en\/wp-json\/wp\/v2\/palabras_clave?post=17514"},{"taxonomy":"listado_alfabetico","embeddable":true,"href":"https:\/\/wizardly-davinci.82-223-8-23.plesk.page\/en\/wp-json\/wp\/v2\/listado_alfabetico?post=17514"}],"curies":[{"name":"wp","href":"https:\/\/api.w.org\/{rel}","templated":true}]}}