{"id":17518,"date":"2019-04-09T22:47:30","date_gmt":"2019-04-09T22:47:30","guid":{"rendered":"https:\/\/octaedro.com\/producto\/aprender-valores-con-internet\/"},"modified":"2023-04-20T12:45:24","modified_gmt":"2023-04-20T10:45:24","slug":"aprender-valores-con-internet","status":"publish","type":"product","link":"https:\/\/wizardly-davinci.82-223-8-23.plesk.page\/en\/producto\/aprender-valores-con-internet\/","title":{"rendered":"Aprender valores con internet"},"content":{"rendered":"<p>Internet se ha convertido en poco tiempo en una extensi\u00f3n del mundo f\u00edsico y, gracias a la revoluci\u00f3n que ha supuesto el desarrollo de la telefon\u00eda inteligente, ha propiciado una <strong>interacci\u00f3n casi permanente<\/strong>. Para muchos, sin embargo, esto no ha servido m\u00e1s que para socavar nuestro propio sistema de valores y estimular actitudes negativas, como la relativizaci\u00f3n de problemas, la falta de honestidad, el culto al yo, la vulneraci\u00f3n de los derechos de autor o el enaltecimiento del discurso del odio, entre otras.<\/p>\n<p>Es cierto que la red puede ser utilizada por ciertos usuarios como el medio para expresar y propagar estos y otros antivalores, pero tambi\u00e9n puede ser un instrumento id\u00f3neo para la <strong>difusi\u00f3n de valores positivos<\/strong>. Con la correcta formaci\u00f3n en <em> netiqueta<\/em> y una serie de propuestas que posibiliten la definici\u00f3n de un entorno digital sano, los ni\u00f1os y adolescentes tambi\u00e9n pueden adquirir los valores necesarios para <strong>concienciarse de los problemas de su entorno<\/strong>.<\/p>\n<p>Para ello, <em>Aprender valores con internet<\/em> analiza los pros y los contras de la red como medio que contribuye a que los j\u00f3venes no solo aprendan a hacer un uso seguro y responsable de esta, sino para que adem\u00e1s asuman <strong>principios y valores \u00e9ticos como el respeto, la tolerancia y la cooperaci\u00f3n con los dem\u00e1s<\/strong>.<\/p>\n","protected":false},"excerpt":{"rendered":"<p>Internet se ha convertido en poco tiempo en una extensi\u00f3n del mundo f\u00edsico y, gracias a la revoluci\u00f3n que ha supuesto el desarrollo de la telefon\u00eda inteligente, ha propiciado una <strong>interacci\u00f3n casi permanente<\/strong>. Para muchos, sin embargo, esto no ha servido m\u00e1s que para socavar nuestro propio sistema de valores y estimular actitudes negativas, como la relativizaci\u00f3n de problemas, la falta de honestidad, el culto al yo, la vulneraci\u00f3n de los derechos de autor o el enaltecimiento del discurso del odio, entre otras.<\/p>\n<p>Es cierto que la red puede ser utilizada por ciertos usuarios como el medio para expresar y propagar estos y otros antivalores, pero tambi\u00e9n puede ser un instrumento id\u00f3neo para la <strong>difusi\u00f3n de valores positivos<\/strong>. Con la correcta formaci\u00f3n en <em> netiqueta<\/em> y una serie de propuestas que posibiliten la definici\u00f3n de un entorno digital sano, los ni\u00f1os y adolescentes tambi\u00e9n pueden adquirir los valores necesarios para <strong>concienciarse de los problemas de su entorno<\/strong>.<\/p>\n<p>Para ello, <em>Aprender valores con internet<\/em> analiza los pros y los contras de la red como medio que contribuye a que los j\u00f3venes no solo aprendan a hacer un uso seguro y responsable de esta, sino para que adem\u00e1s asuman <strong>principios y valores \u00e9ticos como el respeto, la tolerancia y la cooperaci\u00f3n con los dem\u00e1s<\/strong>.<\/p>\n","protected":false},"featured_media":17519,"comment_status":"open","ping_status":"closed","template":"","meta":{"_et_pb_use_builder":"","_et_pb_old_content":"","_et_gb_content_width":""},"product_cat":[1512,6944],"product_tag":[2602],"edicion":[1083],"editoriales":[1160],"tienda":[],"autor_id":[6208],"universidades_coeditoras":[],"palabras_clave":[],"listado_alfabetico":[],"acf":[],"_links":{"self":[{"href":"https:\/\/wizardly-davinci.82-223-8-23.plesk.page\/en\/wp-json\/wp\/v2\/product\/17518"}],"collection":[{"href":"https:\/\/wizardly-davinci.82-223-8-23.plesk.page\/en\/wp-json\/wp\/v2\/product"}],"about":[{"href":"https:\/\/wizardly-davinci.82-223-8-23.plesk.page\/en\/wp-json\/wp\/v2\/types\/product"}],"replies":[{"embeddable":true,"href":"https:\/\/wizardly-davinci.82-223-8-23.plesk.page\/en\/wp-json\/wp\/v2\/comments?post=17518"}],"wp:featuredmedia":[{"embeddable":true,"href":"https:\/\/wizardly-davinci.82-223-8-23.plesk.page\/en\/wp-json\/wp\/v2\/media\/17519"}],"wp:attachment":[{"href":"https:\/\/wizardly-davinci.82-223-8-23.plesk.page\/en\/wp-json\/wp\/v2\/media?parent=17518"}],"wp:term":[{"taxonomy":"product_cat","embeddable":true,"href":"https:\/\/wizardly-davinci.82-223-8-23.plesk.page\/en\/wp-json\/wp\/v2\/product_cat?post=17518"},{"taxonomy":"product_tag","embeddable":true,"href":"https:\/\/wizardly-davinci.82-223-8-23.plesk.page\/en\/wp-json\/wp\/v2\/product_tag?post=17518"},{"taxonomy":"edicion","embeddable":true,"href":"https:\/\/wizardly-davinci.82-223-8-23.plesk.page\/en\/wp-json\/wp\/v2\/edicion?post=17518"},{"taxonomy":"editoriales","embeddable":true,"href":"https:\/\/wizardly-davinci.82-223-8-23.plesk.page\/en\/wp-json\/wp\/v2\/editoriales?post=17518"},{"taxonomy":"tienda","embeddable":true,"href":"https:\/\/wizardly-davinci.82-223-8-23.plesk.page\/en\/wp-json\/wp\/v2\/tienda?post=17518"},{"taxonomy":"autor_id","embeddable":true,"href":"https:\/\/wizardly-davinci.82-223-8-23.plesk.page\/en\/wp-json\/wp\/v2\/autor_id?post=17518"},{"taxonomy":"universidades_coeditoras","embeddable":true,"href":"https:\/\/wizardly-davinci.82-223-8-23.plesk.page\/en\/wp-json\/wp\/v2\/universidades_coeditoras?post=17518"},{"taxonomy":"palabras_clave","embeddable":true,"href":"https:\/\/wizardly-davinci.82-223-8-23.plesk.page\/en\/wp-json\/wp\/v2\/palabras_clave?post=17518"},{"taxonomy":"listado_alfabetico","embeddable":true,"href":"https:\/\/wizardly-davinci.82-223-8-23.plesk.page\/en\/wp-json\/wp\/v2\/listado_alfabetico?post=17518"}],"curies":[{"name":"wp","href":"https:\/\/api.w.org\/{rel}","templated":true}]}}