{"id":17520,"date":"2019-04-09T22:47:30","date_gmt":"2019-04-09T22:47:30","guid":{"rendered":"https:\/\/octaedro.com\/producto\/aprender-a-ser-criticos-con-internet\/"},"modified":"2023-04-20T12:45:28","modified_gmt":"2023-04-20T10:45:28","slug":"aprender-a-ser-criticos-con-internet","status":"publish","type":"product","link":"https:\/\/wizardly-davinci.82-223-8-23.plesk.page\/en\/producto\/aprender-a-ser-criticos-con-internet\/","title":{"rendered":"Aprender a ser cr\u00edticos con internet"},"content":{"rendered":"<p>Puede considerarse que vivimos en la <strong>era de la informaci\u00f3n<\/strong>. El uso generalizado de internet y de las nuevas tecnolog\u00edas ha propiciado que tanto j\u00f3venes como adultos se mantengan conectados en todo momento. La red genera grandes vol\u00famenes de informaci\u00f3n que consumimos, comentamos, compartimos\u2026 a trav\u00e9s de m\u00faltiples dispositivos: ordenadores, tel\u00e9fonos inteligentes, tabletas\u2026<\/p>\n<p>Para algunos, sin embargo, este exceso de informaci\u00f3n es contraproducente y se encuentra en el origen de uno de los males de nuestra sociedad: la <strong>desinformaci\u00f3n<\/strong>. Nuestro <strong>sentido cr\u00edtico<\/strong> se est\u00e1 viendo afectado por un aluvi\u00f3n de datos y cada vez resulta m\u00e1s complicado discernir entre lo cierto y lo falso. Esto evidencia, por tanto, la necesidad de que la <strong>alfabetizaci\u00f3n medi\u00e1tica<\/strong> sea uno de los objetivos educativos de este siglo.<\/p>\n<p>\u00bfSon los j\u00f3venes capaces de manejar la informaci\u00f3n que hoy tienen a su alcance? Parece que no, por lo que <strong><em>Aprender a ser cr\u00edticos con internet<\/em><\/strong> apuesta por mostrar a familias y docentes el camino que hay que seguir para que sus hijos y alumnos sean capaces de plantearse preguntas, cuestionar informaciones, buscar alternativas, resolver problemas\u2026 y desarrollar, en \u00faltima instancia, su <strong>capacidad para consumir y generar informaci\u00f3n cr\u00edtica y responsablemente<\/strong>.<\/p>\n","protected":false},"excerpt":{"rendered":"<p>Puede considerarse que vivimos en la <strong>era de la informaci\u00f3n<\/strong>. El uso generalizado de internet y de las nuevas tecnolog\u00edas ha propiciado que tanto j\u00f3venes como adultos se mantengan conectados en todo momento. La red genera grandes vol\u00famenes de informaci\u00f3n que consumimos, comentamos, compartimos\u2026 a trav\u00e9s de m\u00faltiples dispositivos: ordenadores, tel\u00e9fonos inteligentes, tabletas\u2026<\/p>\n<p>Para algunos, sin embargo, este exceso de informaci\u00f3n es contraproducente y se encuentra en el origen de uno de los males de nuestra sociedad: la <strong>desinformaci\u00f3n<\/strong>. Nuestro <strong>sentido cr\u00edtico<\/strong> se est\u00e1 viendo afectado por un aluvi\u00f3n de datos y cada vez resulta m\u00e1s complicado discernir entre lo cierto y lo falso. Esto evidencia, por tanto, la necesidad de que la <strong>alfabetizaci\u00f3n medi\u00e1tica<\/strong> sea uno de los objetivos educativos de este siglo.<\/p>\n<p>\u00bfSon los j\u00f3venes capaces de manejar la informaci\u00f3n que hoy tienen a su alcance? Parece que no, por lo que <strong><em>Aprender a ser cr\u00edticos con internet<\/em><\/strong> apuesta por mostrar a familias y docentes el camino que hay que seguir para que sus hijos y alumnos sean capaces de plantearse preguntas, cuestionar informaciones, buscar alternativas, resolver problemas\u2026 y desarrollar, en \u00faltima instancia, su <strong>capacidad para consumir y generar informaci\u00f3n cr\u00edtica y responsablemente<\/strong>.<\/p>\n","protected":false},"featured_media":17521,"comment_status":"open","ping_status":"closed","template":"","meta":{"_et_pb_use_builder":"","_et_pb_old_content":"","_et_gb_content_width":""},"product_cat":[1512,6944],"product_tag":[2602],"edicion":[],"editoriales":[1160],"tienda":[],"autor_id":[6208],"universidades_coeditoras":[],"palabras_clave":[],"listado_alfabetico":[],"acf":[],"_links":{"self":[{"href":"https:\/\/wizardly-davinci.82-223-8-23.plesk.page\/en\/wp-json\/wp\/v2\/product\/17520"}],"collection":[{"href":"https:\/\/wizardly-davinci.82-223-8-23.plesk.page\/en\/wp-json\/wp\/v2\/product"}],"about":[{"href":"https:\/\/wizardly-davinci.82-223-8-23.plesk.page\/en\/wp-json\/wp\/v2\/types\/product"}],"replies":[{"embeddable":true,"href":"https:\/\/wizardly-davinci.82-223-8-23.plesk.page\/en\/wp-json\/wp\/v2\/comments?post=17520"}],"wp:featuredmedia":[{"embeddable":true,"href":"https:\/\/wizardly-davinci.82-223-8-23.plesk.page\/en\/wp-json\/wp\/v2\/media\/17521"}],"wp:attachment":[{"href":"https:\/\/wizardly-davinci.82-223-8-23.plesk.page\/en\/wp-json\/wp\/v2\/media?parent=17520"}],"wp:term":[{"taxonomy":"product_cat","embeddable":true,"href":"https:\/\/wizardly-davinci.82-223-8-23.plesk.page\/en\/wp-json\/wp\/v2\/product_cat?post=17520"},{"taxonomy":"product_tag","embeddable":true,"href":"https:\/\/wizardly-davinci.82-223-8-23.plesk.page\/en\/wp-json\/wp\/v2\/product_tag?post=17520"},{"taxonomy":"edicion","embeddable":true,"href":"https:\/\/wizardly-davinci.82-223-8-23.plesk.page\/en\/wp-json\/wp\/v2\/edicion?post=17520"},{"taxonomy":"editoriales","embeddable":true,"href":"https:\/\/wizardly-davinci.82-223-8-23.plesk.page\/en\/wp-json\/wp\/v2\/editoriales?post=17520"},{"taxonomy":"tienda","embeddable":true,"href":"https:\/\/wizardly-davinci.82-223-8-23.plesk.page\/en\/wp-json\/wp\/v2\/tienda?post=17520"},{"taxonomy":"autor_id","embeddable":true,"href":"https:\/\/wizardly-davinci.82-223-8-23.plesk.page\/en\/wp-json\/wp\/v2\/autor_id?post=17520"},{"taxonomy":"universidades_coeditoras","embeddable":true,"href":"https:\/\/wizardly-davinci.82-223-8-23.plesk.page\/en\/wp-json\/wp\/v2\/universidades_coeditoras?post=17520"},{"taxonomy":"palabras_clave","embeddable":true,"href":"https:\/\/wizardly-davinci.82-223-8-23.plesk.page\/en\/wp-json\/wp\/v2\/palabras_clave?post=17520"},{"taxonomy":"listado_alfabetico","embeddable":true,"href":"https:\/\/wizardly-davinci.82-223-8-23.plesk.page\/en\/wp-json\/wp\/v2\/listado_alfabetico?post=17520"}],"curies":[{"name":"wp","href":"https:\/\/api.w.org\/{rel}","templated":true}]}}