{"id":17526,"date":"2019-04-09T22:47:31","date_gmt":"2019-04-09T22:47:31","guid":{"rendered":"https:\/\/octaedro.com\/producto\/asesinato-en-el-politecnico\/"},"modified":"2023-04-24T12:28:44","modified_gmt":"2023-04-24T10:28:44","slug":"asesinato-en-el-politecnico","status":"publish","type":"product","link":"https:\/\/wizardly-davinci.82-223-8-23.plesk.page\/en\/producto\/asesinato-en-el-politecnico\/","title":{"rendered":"Asesinato en el polit\u00e9cnico"},"content":{"rendered":"<p>Barcelona, 1918. Un hombre es asesinado a tiros frente al polit\u00e9cnico. La personalidad de la v\u00edctima y las causas de su muerte violenta ser\u00e1n el hilo conductor de la novela. M\u00e1quinas de vapor, sindicalistas, dinamos, ingenieros, la Gran Guerra, el dique flotante, la Escuela de Trabajo, pistoleros, nuevas aleaciones, agentes alemanes&#8230;, todo forma una red indesmellable.<\/p>\n<p>Este libro se completa con una gu\u00eda did\u00e1ctica y una propuesta de actividades.<\/p>\n","protected":false},"excerpt":{"rendered":"<p>Barcelona, 1918. Un hombre es asesinado a tiros frente al polit\u00e9cnico. La personalidad de la v\u00edctima y las causas de su muerte violenta ser\u00e1n el hilo conductor de la novela. M\u00e1quinas de vapor, sindicalistas, dinamos, ingenieros, la Gran Guerra, el dique flotante, la Escuela de Trabajo, pistoleros, nuevas aleaciones, agentes alemanes&#8230;, todo forma una red indesmellable.<\/p>\n<p>Este libro se completa con una gu\u00eda did\u00e1ctica y una propuesta de actividades.<\/p>\n","protected":false},"featured_media":17527,"comment_status":"open","ping_status":"closed","template":"","meta":{"_et_pb_use_builder":"","_et_pb_old_content":"","_et_gb_content_width":""},"product_cat":[1512],"product_tag":[],"edicion":[1083],"editoriales":[1160],"tienda":[],"autor_id":[5497,6607],"universidades_coeditoras":[],"palabras_clave":[],"listado_alfabetico":[],"acf":[],"_links":{"self":[{"href":"https:\/\/wizardly-davinci.82-223-8-23.plesk.page\/en\/wp-json\/wp\/v2\/product\/17526"}],"collection":[{"href":"https:\/\/wizardly-davinci.82-223-8-23.plesk.page\/en\/wp-json\/wp\/v2\/product"}],"about":[{"href":"https:\/\/wizardly-davinci.82-223-8-23.plesk.page\/en\/wp-json\/wp\/v2\/types\/product"}],"replies":[{"embeddable":true,"href":"https:\/\/wizardly-davinci.82-223-8-23.plesk.page\/en\/wp-json\/wp\/v2\/comments?post=17526"}],"wp:featuredmedia":[{"embeddable":true,"href":"https:\/\/wizardly-davinci.82-223-8-23.plesk.page\/en\/wp-json\/wp\/v2\/media\/17527"}],"wp:attachment":[{"href":"https:\/\/wizardly-davinci.82-223-8-23.plesk.page\/en\/wp-json\/wp\/v2\/media?parent=17526"}],"wp:term":[{"taxonomy":"product_cat","embeddable":true,"href":"https:\/\/wizardly-davinci.82-223-8-23.plesk.page\/en\/wp-json\/wp\/v2\/product_cat?post=17526"},{"taxonomy":"product_tag","embeddable":true,"href":"https:\/\/wizardly-davinci.82-223-8-23.plesk.page\/en\/wp-json\/wp\/v2\/product_tag?post=17526"},{"taxonomy":"edicion","embeddable":true,"href":"https:\/\/wizardly-davinci.82-223-8-23.plesk.page\/en\/wp-json\/wp\/v2\/edicion?post=17526"},{"taxonomy":"editoriales","embeddable":true,"href":"https:\/\/wizardly-davinci.82-223-8-23.plesk.page\/en\/wp-json\/wp\/v2\/editoriales?post=17526"},{"taxonomy":"tienda","embeddable":true,"href":"https:\/\/wizardly-davinci.82-223-8-23.plesk.page\/en\/wp-json\/wp\/v2\/tienda?post=17526"},{"taxonomy":"autor_id","embeddable":true,"href":"https:\/\/wizardly-davinci.82-223-8-23.plesk.page\/en\/wp-json\/wp\/v2\/autor_id?post=17526"},{"taxonomy":"universidades_coeditoras","embeddable":true,"href":"https:\/\/wizardly-davinci.82-223-8-23.plesk.page\/en\/wp-json\/wp\/v2\/universidades_coeditoras?post=17526"},{"taxonomy":"palabras_clave","embeddable":true,"href":"https:\/\/wizardly-davinci.82-223-8-23.plesk.page\/en\/wp-json\/wp\/v2\/palabras_clave?post=17526"},{"taxonomy":"listado_alfabetico","embeddable":true,"href":"https:\/\/wizardly-davinci.82-223-8-23.plesk.page\/en\/wp-json\/wp\/v2\/listado_alfabetico?post=17526"}],"curies":[{"name":"wp","href":"https:\/\/api.w.org\/{rel}","templated":true}]}}