{"id":17530,"date":"2019-04-10T22:47:32","date_gmt":"2019-04-10T20:47:32","guid":{"rendered":"https:\/\/octaedro.com\/producto\/ojos-de-pantera\/"},"modified":"2023-04-24T12:29:01","modified_gmt":"2023-04-24T10:29:01","slug":"ojos-de-pantera","status":"publish","type":"product","link":"https:\/\/wizardly-davinci.82-223-8-23.plesk.page\/en\/producto\/ojos-de-pantera\/","title":{"rendered":"Ojos de pantera"},"content":{"rendered":"<p>\u00bfQu\u00e9 puede pasar cuando tienes un mont\u00f3n de evaluaciones pendientes, un grupo de rock a medio formar, y alguien -a quien tu padre le ha encargado que te eche una mano- consigue que te entren ganas de descubrir los secretos ocultos de tus genes?<br \/>\nNadie lo sabe mejor que Marc y, siguiendo el hilo de su historia, comprendemos los fundamentos de la gen\u00e9tica que nos son m\u00e1s cercanos. De este modo, una serie de conceptos cient\u00edficos b\u00e1sicos ir\u00e1n tomando cuerpo y dejar\u00e1n de ser palabras desligadas de nuestra realidad inmediata&#8230;Este libro se completa con una gu\u00eda did\u00e1ctica y una propuesta de actividades.<\/p>\n","protected":false},"excerpt":{"rendered":"<p>\u00bfQu\u00e9 puede pasar cuando tienes un mont\u00f3n de evaluaciones pendientes, un grupo de rock a medio formar, y alguien -a quien tu padre le ha encargado que te eche una mano- consigue que te entren ganas de descubrir los secretos ocultos de tus genes?<br \/>\nNadie lo sabe mejor que Marc y, siguiendo el hilo de su historia, comprendemos los fundamentos de la gen\u00e9tica que nos son m\u00e1s cercanos. De este modo, una serie de conceptos cient\u00edficos b\u00e1sicos ir\u00e1n tomando cuerpo y dejar\u00e1n de ser palabras desligadas de nuestra realidad inmediata&#8230;Este libro se completa con una gu\u00eda did\u00e1ctica y una propuesta de actividades.<\/p>\n","protected":false},"featured_media":17531,"comment_status":"open","ping_status":"closed","template":"","meta":{"_et_pb_use_builder":"","_et_pb_old_content":"","_et_gb_content_width":""},"product_cat":[1512],"product_tag":[2602],"edicion":[],"editoriales":[1160],"tienda":[],"autor_id":[5086],"universidades_coeditoras":[],"palabras_clave":[],"listado_alfabetico":[],"acf":[],"_links":{"self":[{"href":"https:\/\/wizardly-davinci.82-223-8-23.plesk.page\/en\/wp-json\/wp\/v2\/product\/17530"}],"collection":[{"href":"https:\/\/wizardly-davinci.82-223-8-23.plesk.page\/en\/wp-json\/wp\/v2\/product"}],"about":[{"href":"https:\/\/wizardly-davinci.82-223-8-23.plesk.page\/en\/wp-json\/wp\/v2\/types\/product"}],"replies":[{"embeddable":true,"href":"https:\/\/wizardly-davinci.82-223-8-23.plesk.page\/en\/wp-json\/wp\/v2\/comments?post=17530"}],"wp:featuredmedia":[{"embeddable":true,"href":"https:\/\/wizardly-davinci.82-223-8-23.plesk.page\/en\/wp-json\/wp\/v2\/media\/17531"}],"wp:attachment":[{"href":"https:\/\/wizardly-davinci.82-223-8-23.plesk.page\/en\/wp-json\/wp\/v2\/media?parent=17530"}],"wp:term":[{"taxonomy":"product_cat","embeddable":true,"href":"https:\/\/wizardly-davinci.82-223-8-23.plesk.page\/en\/wp-json\/wp\/v2\/product_cat?post=17530"},{"taxonomy":"product_tag","embeddable":true,"href":"https:\/\/wizardly-davinci.82-223-8-23.plesk.page\/en\/wp-json\/wp\/v2\/product_tag?post=17530"},{"taxonomy":"edicion","embeddable":true,"href":"https:\/\/wizardly-davinci.82-223-8-23.plesk.page\/en\/wp-json\/wp\/v2\/edicion?post=17530"},{"taxonomy":"editoriales","embeddable":true,"href":"https:\/\/wizardly-davinci.82-223-8-23.plesk.page\/en\/wp-json\/wp\/v2\/editoriales?post=17530"},{"taxonomy":"tienda","embeddable":true,"href":"https:\/\/wizardly-davinci.82-223-8-23.plesk.page\/en\/wp-json\/wp\/v2\/tienda?post=17530"},{"taxonomy":"autor_id","embeddable":true,"href":"https:\/\/wizardly-davinci.82-223-8-23.plesk.page\/en\/wp-json\/wp\/v2\/autor_id?post=17530"},{"taxonomy":"universidades_coeditoras","embeddable":true,"href":"https:\/\/wizardly-davinci.82-223-8-23.plesk.page\/en\/wp-json\/wp\/v2\/universidades_coeditoras?post=17530"},{"taxonomy":"palabras_clave","embeddable":true,"href":"https:\/\/wizardly-davinci.82-223-8-23.plesk.page\/en\/wp-json\/wp\/v2\/palabras_clave?post=17530"},{"taxonomy":"listado_alfabetico","embeddable":true,"href":"https:\/\/wizardly-davinci.82-223-8-23.plesk.page\/en\/wp-json\/wp\/v2\/listado_alfabetico?post=17530"}],"curies":[{"name":"wp","href":"https:\/\/api.w.org\/{rel}","templated":true}]}}