{"id":17532,"date":"2019-04-09T22:47:32","date_gmt":"2019-04-09T22:47:32","guid":{"rendered":"https:\/\/octaedro.com\/producto\/el-ascensor-okupado\/"},"modified":"2023-04-24T12:29:10","modified_gmt":"2023-04-24T10:29:10","slug":"el-ascensor-okupado","status":"publish","type":"product","link":"https:\/\/wizardly-davinci.82-223-8-23.plesk.page\/en\/producto\/el-ascensor-okupado\/","title":{"rendered":"El ascensor okupado"},"content":{"rendered":"<p>Andrea no alcanza a comprender que m\u00f3viles impulsan a Mambo y Arnau a desentra\u00f1ar los mecanismos de funcionamiento del ascensor de la casa que \u201cocupan\u201d. \u00bfCu\u00e1l es el oscuro inter\u00e9s que les anima a manipular el ascensor y a volver locos a los vecinos? \u00bfAct\u00faan por pura perversidad o acaso prev\u00e9n futuros peligros de los que tendr\u00e1n que librarse con este tipo de enga\u00f1os? \u00bfTienen algo que ver los insultantes an\u00f3nimos que reciben?Este libro se completa con una gu\u00eda did\u00e1ctica y una propuesta de actividades.<\/p>\n","protected":false},"excerpt":{"rendered":"<p>Andrea no alcanza a comprender que m\u00f3viles impulsan a Mambo y Arnau a desentra\u00f1ar los mecanismos de funcionamiento del ascensor de la casa que \u201cocupan\u201d. \u00bfCu\u00e1l es el oscuro inter\u00e9s que les anima a manipular el ascensor y a volver locos a los vecinos? \u00bfAct\u00faan por pura perversidad o acaso prev\u00e9n futuros peligros de los que tendr\u00e1n que librarse con este tipo de enga\u00f1os? \u00bfTienen algo que ver los insultantes an\u00f3nimos que reciben?Este libro se completa con una gu\u00eda did\u00e1ctica y una propuesta de actividades.<\/p>\n","protected":false},"featured_media":17533,"comment_status":"open","ping_status":"closed","template":"","meta":{"_et_pb_use_builder":"","_et_pb_old_content":"","_et_gb_content_width":""},"product_cat":[1512],"product_tag":[],"edicion":[],"editoriales":[1160],"tienda":[],"autor_id":[6084,6234],"universidades_coeditoras":[],"palabras_clave":[],"listado_alfabetico":[],"acf":[],"_links":{"self":[{"href":"https:\/\/wizardly-davinci.82-223-8-23.plesk.page\/en\/wp-json\/wp\/v2\/product\/17532"}],"collection":[{"href":"https:\/\/wizardly-davinci.82-223-8-23.plesk.page\/en\/wp-json\/wp\/v2\/product"}],"about":[{"href":"https:\/\/wizardly-davinci.82-223-8-23.plesk.page\/en\/wp-json\/wp\/v2\/types\/product"}],"replies":[{"embeddable":true,"href":"https:\/\/wizardly-davinci.82-223-8-23.plesk.page\/en\/wp-json\/wp\/v2\/comments?post=17532"}],"wp:featuredmedia":[{"embeddable":true,"href":"https:\/\/wizardly-davinci.82-223-8-23.plesk.page\/en\/wp-json\/wp\/v2\/media\/17533"}],"wp:attachment":[{"href":"https:\/\/wizardly-davinci.82-223-8-23.plesk.page\/en\/wp-json\/wp\/v2\/media?parent=17532"}],"wp:term":[{"taxonomy":"product_cat","embeddable":true,"href":"https:\/\/wizardly-davinci.82-223-8-23.plesk.page\/en\/wp-json\/wp\/v2\/product_cat?post=17532"},{"taxonomy":"product_tag","embeddable":true,"href":"https:\/\/wizardly-davinci.82-223-8-23.plesk.page\/en\/wp-json\/wp\/v2\/product_tag?post=17532"},{"taxonomy":"edicion","embeddable":true,"href":"https:\/\/wizardly-davinci.82-223-8-23.plesk.page\/en\/wp-json\/wp\/v2\/edicion?post=17532"},{"taxonomy":"editoriales","embeddable":true,"href":"https:\/\/wizardly-davinci.82-223-8-23.plesk.page\/en\/wp-json\/wp\/v2\/editoriales?post=17532"},{"taxonomy":"tienda","embeddable":true,"href":"https:\/\/wizardly-davinci.82-223-8-23.plesk.page\/en\/wp-json\/wp\/v2\/tienda?post=17532"},{"taxonomy":"autor_id","embeddable":true,"href":"https:\/\/wizardly-davinci.82-223-8-23.plesk.page\/en\/wp-json\/wp\/v2\/autor_id?post=17532"},{"taxonomy":"universidades_coeditoras","embeddable":true,"href":"https:\/\/wizardly-davinci.82-223-8-23.plesk.page\/en\/wp-json\/wp\/v2\/universidades_coeditoras?post=17532"},{"taxonomy":"palabras_clave","embeddable":true,"href":"https:\/\/wizardly-davinci.82-223-8-23.plesk.page\/en\/wp-json\/wp\/v2\/palabras_clave?post=17532"},{"taxonomy":"listado_alfabetico","embeddable":true,"href":"https:\/\/wizardly-davinci.82-223-8-23.plesk.page\/en\/wp-json\/wp\/v2\/listado_alfabetico?post=17532"}],"curies":[{"name":"wp","href":"https:\/\/api.w.org\/{rel}","templated":true}]}}