{"id":17534,"date":"2019-04-10T22:47:32","date_gmt":"2019-04-10T20:47:32","guid":{"rendered":"https:\/\/octaedro.com\/producto\/oro-para-la-libertad\/"},"modified":"2023-04-24T12:29:18","modified_gmt":"2023-04-24T10:29:18","slug":"oro-para-la-libertad","status":"publish","type":"product","link":"https:\/\/wizardly-davinci.82-223-8-23.plesk.page\/en\/producto\/oro-para-la-libertad\/","title":{"rendered":"Oro para la libertad"},"content":{"rendered":"<p>Al regresar de su pa\u00eds, Egipto, en un momento de profundos cambios pol\u00edticos, el joven Nahmi se encuentra envuelto, casi sin darse cuenta, en una aventura inesperada que le obligar\u00e1 a ser valiente, decidido y muy imaginativo. \u00bfQu\u00e9 puede hacer con el oro que han puesto en sus manos? \u00bfConseguir\u00e1 hacerlo desaparecer a tiempo? Los nuevos procedimientos qu\u00edmicos que le han ense\u00f1ado en Par\u00eds le ser\u00e1n de gran ayuda. Esta historia es, por un lado, un exponente de la defensa de los ideales personales y, por otro, un testimonio de los v\u00ednculos de amistad. Este libro se completa con una gu\u00eda did\u00e1ctica y una propuesta de actividades.<\/p>\n","protected":false},"excerpt":{"rendered":"<p>Al regresar de su pa\u00eds, Egipto, en un momento de profundos cambios pol\u00edticos, el joven Nahmi se encuentra envuelto, casi sin darse cuenta, en una aventura inesperada que le obligar\u00e1 a ser valiente, decidido y muy imaginativo. \u00bfQu\u00e9 puede hacer con el oro que han puesto en sus manos? \u00bfConseguir\u00e1 hacerlo desaparecer a tiempo? Los nuevos procedimientos qu\u00edmicos que le han ense\u00f1ado en Par\u00eds le ser\u00e1n de gran ayuda. Esta historia es, por un lado, un exponente de la defensa de los ideales personales y, por otro, un testimonio de los v\u00ednculos de amistad.Este libro se completa con una gu\u00eda did\u00e1ctica y una propuesta de actividades.<\/p>\n","protected":false},"featured_media":17535,"comment_status":"open","ping_status":"closed","template":"","meta":{"_et_pb_use_builder":"","_et_pb_old_content":"","_et_gb_content_width":""},"product_cat":[1512,6675],"product_tag":[2602],"edicion":[1083],"editoriales":[1160],"tienda":[],"autor_id":[5728,5729],"universidades_coeditoras":[],"palabras_clave":[],"listado_alfabetico":[],"acf":[],"_links":{"self":[{"href":"https:\/\/wizardly-davinci.82-223-8-23.plesk.page\/en\/wp-json\/wp\/v2\/product\/17534"}],"collection":[{"href":"https:\/\/wizardly-davinci.82-223-8-23.plesk.page\/en\/wp-json\/wp\/v2\/product"}],"about":[{"href":"https:\/\/wizardly-davinci.82-223-8-23.plesk.page\/en\/wp-json\/wp\/v2\/types\/product"}],"replies":[{"embeddable":true,"href":"https:\/\/wizardly-davinci.82-223-8-23.plesk.page\/en\/wp-json\/wp\/v2\/comments?post=17534"}],"wp:featuredmedia":[{"embeddable":true,"href":"https:\/\/wizardly-davinci.82-223-8-23.plesk.page\/en\/wp-json\/wp\/v2\/media\/17535"}],"wp:attachment":[{"href":"https:\/\/wizardly-davinci.82-223-8-23.plesk.page\/en\/wp-json\/wp\/v2\/media?parent=17534"}],"wp:term":[{"taxonomy":"product_cat","embeddable":true,"href":"https:\/\/wizardly-davinci.82-223-8-23.plesk.page\/en\/wp-json\/wp\/v2\/product_cat?post=17534"},{"taxonomy":"product_tag","embeddable":true,"href":"https:\/\/wizardly-davinci.82-223-8-23.plesk.page\/en\/wp-json\/wp\/v2\/product_tag?post=17534"},{"taxonomy":"edicion","embeddable":true,"href":"https:\/\/wizardly-davinci.82-223-8-23.plesk.page\/en\/wp-json\/wp\/v2\/edicion?post=17534"},{"taxonomy":"editoriales","embeddable":true,"href":"https:\/\/wizardly-davinci.82-223-8-23.plesk.page\/en\/wp-json\/wp\/v2\/editoriales?post=17534"},{"taxonomy":"tienda","embeddable":true,"href":"https:\/\/wizardly-davinci.82-223-8-23.plesk.page\/en\/wp-json\/wp\/v2\/tienda?post=17534"},{"taxonomy":"autor_id","embeddable":true,"href":"https:\/\/wizardly-davinci.82-223-8-23.plesk.page\/en\/wp-json\/wp\/v2\/autor_id?post=17534"},{"taxonomy":"universidades_coeditoras","embeddable":true,"href":"https:\/\/wizardly-davinci.82-223-8-23.plesk.page\/en\/wp-json\/wp\/v2\/universidades_coeditoras?post=17534"},{"taxonomy":"palabras_clave","embeddable":true,"href":"https:\/\/wizardly-davinci.82-223-8-23.plesk.page\/en\/wp-json\/wp\/v2\/palabras_clave?post=17534"},{"taxonomy":"listado_alfabetico","embeddable":true,"href":"https:\/\/wizardly-davinci.82-223-8-23.plesk.page\/en\/wp-json\/wp\/v2\/listado_alfabetico?post=17534"}],"curies":[{"name":"wp","href":"https:\/\/api.w.org\/{rel}","templated":true}]}}