{"id":17536,"date":"2019-04-09T22:47:32","date_gmt":"2019-04-09T22:47:32","guid":{"rendered":"https:\/\/octaedro.com\/producto\/la-frontera-de-la-luz\/"},"modified":"2023-04-24T12:29:27","modified_gmt":"2023-04-24T10:29:27","slug":"la-frontera-de-la-luz","status":"publish","type":"product","link":"https:\/\/wizardly-davinci.82-223-8-23.plesk.page\/en\/producto\/la-frontera-de-la-luz\/","title":{"rendered":"La frontera de la luz"},"content":{"rendered":"<p>Marc Prems, cient\u00edfico especializado en germinaci\u00f3n artificial de la estaci\u00f3n espacial Alpha, nunca se habr\u00eda imaginado que despu\u00e9s de sufrir el tr\u00e1gico accidente que lo propuls\u00f3 fuera de la base, hacia lo que \u00e9l pensaba que ser\u00eda la muerte segura, se ver\u00eda implicado en una trama de espionaje a casi&#8230; 300.000 quil\u00f3metros por segundo. Este libro se completa con una gu\u00eda did\u00e1ctica y una propuesta de actividades.<\/p>\n","protected":false},"excerpt":{"rendered":"<p>Marc Prems, cient\u00edfico especializado en germinaci\u00f3n artificial de la estaci\u00f3n espacial Alpha, nunca se habr\u00eda imaginado que despu\u00e9s de sufrir el tr\u00e1gico accidente que lo propuls\u00f3 fuera de la base, hacia lo que \u00e9l pensaba que ser\u00eda la muerte segura, se ver\u00eda implicado en una trama de espionaje a casi&#8230; 300.000 quil\u00f3metros por segundo. Este libro se completa con una gu\u00eda did\u00e1ctica y una propuesta de actividades.<\/p>\n","protected":false},"featured_media":17537,"comment_status":"open","ping_status":"closed","template":"","meta":{"_et_pb_use_builder":"","_et_pb_old_content":"","_et_gb_content_width":""},"product_cat":[1512],"product_tag":[],"edicion":[],"editoriales":[1160],"tienda":[],"autor_id":[5931,6335],"universidades_coeditoras":[],"palabras_clave":[],"listado_alfabetico":[],"acf":[],"_links":{"self":[{"href":"https:\/\/wizardly-davinci.82-223-8-23.plesk.page\/en\/wp-json\/wp\/v2\/product\/17536"}],"collection":[{"href":"https:\/\/wizardly-davinci.82-223-8-23.plesk.page\/en\/wp-json\/wp\/v2\/product"}],"about":[{"href":"https:\/\/wizardly-davinci.82-223-8-23.plesk.page\/en\/wp-json\/wp\/v2\/types\/product"}],"replies":[{"embeddable":true,"href":"https:\/\/wizardly-davinci.82-223-8-23.plesk.page\/en\/wp-json\/wp\/v2\/comments?post=17536"}],"wp:featuredmedia":[{"embeddable":true,"href":"https:\/\/wizardly-davinci.82-223-8-23.plesk.page\/en\/wp-json\/wp\/v2\/media\/17537"}],"wp:attachment":[{"href":"https:\/\/wizardly-davinci.82-223-8-23.plesk.page\/en\/wp-json\/wp\/v2\/media?parent=17536"}],"wp:term":[{"taxonomy":"product_cat","embeddable":true,"href":"https:\/\/wizardly-davinci.82-223-8-23.plesk.page\/en\/wp-json\/wp\/v2\/product_cat?post=17536"},{"taxonomy":"product_tag","embeddable":true,"href":"https:\/\/wizardly-davinci.82-223-8-23.plesk.page\/en\/wp-json\/wp\/v2\/product_tag?post=17536"},{"taxonomy":"edicion","embeddable":true,"href":"https:\/\/wizardly-davinci.82-223-8-23.plesk.page\/en\/wp-json\/wp\/v2\/edicion?post=17536"},{"taxonomy":"editoriales","embeddable":true,"href":"https:\/\/wizardly-davinci.82-223-8-23.plesk.page\/en\/wp-json\/wp\/v2\/editoriales?post=17536"},{"taxonomy":"tienda","embeddable":true,"href":"https:\/\/wizardly-davinci.82-223-8-23.plesk.page\/en\/wp-json\/wp\/v2\/tienda?post=17536"},{"taxonomy":"autor_id","embeddable":true,"href":"https:\/\/wizardly-davinci.82-223-8-23.plesk.page\/en\/wp-json\/wp\/v2\/autor_id?post=17536"},{"taxonomy":"universidades_coeditoras","embeddable":true,"href":"https:\/\/wizardly-davinci.82-223-8-23.plesk.page\/en\/wp-json\/wp\/v2\/universidades_coeditoras?post=17536"},{"taxonomy":"palabras_clave","embeddable":true,"href":"https:\/\/wizardly-davinci.82-223-8-23.plesk.page\/en\/wp-json\/wp\/v2\/palabras_clave?post=17536"},{"taxonomy":"listado_alfabetico","embeddable":true,"href":"https:\/\/wizardly-davinci.82-223-8-23.plesk.page\/en\/wp-json\/wp\/v2\/listado_alfabetico?post=17536"}],"curies":[{"name":"wp","href":"https:\/\/api.w.org\/{rel}","templated":true}]}}