{"id":17538,"date":"2019-04-09T22:47:33","date_gmt":"2019-04-09T22:47:33","guid":{"rendered":"https:\/\/octaedro.com\/producto\/la-fuerza-del-rio\/"},"modified":"2023-04-24T12:29:34","modified_gmt":"2023-04-24T10:29:34","slug":"la-fuerza-del-rio","status":"publish","type":"product","link":"https:\/\/wizardly-davinci.82-223-8-23.plesk.page\/en\/producto\/la-fuerza-del-rio\/","title":{"rendered":"La fuerza del r\u00edo"},"content":{"rendered":"<p>Marta, una chica que acaba de finalizar los estudios de ingenier\u00eda, recibe como herencia familiar el reto de volver a hacer productiva una peque\u00f1a central hidroel\u00e9ctrica que hab\u00eda construido un antepasado suyo. En una carrera contra el tiempo, no s\u00f3lo tendr\u00e1 que profundizar en la electrotecnia, sino que habr\u00e1 de sumergirse en la historia de la tecnolog\u00eda para conocer c\u00f3mo era la vida en el valle de los pioneros que a principios del siglo XX electrificaron la regi\u00f3n. Adem\u00e1s, para volver a poner en marcha la central tendr\u00e1 que resolver un enigma relacionado con los templarios y la conservaci\u00f3n del patrimonio hist\u00f3rico que, desde el pasado, le plantear\u00e1 su predecesor. Este libro se completa con una gu\u00eda did\u00e1ctica y una propuesta de actividades.<\/p>\n","protected":false},"excerpt":{"rendered":"<p>Marta, una chica que acaba de finalizar los estudios de ingenier\u00eda, recibe como herencia familiar el reto de volver a hacer productiva una peque\u00f1a central hidroel\u00e9ctrica que hab\u00eda construido un antepasado suyo. En una carrera contra el tiempo, no s\u00f3lo tendr\u00e1 que profundizar en la electrotecnia, sino que habr\u00e1 de sumergirse en la historia de la tecnolog\u00eda para conocer c\u00f3mo era la vida en el valle de los pioneros que a principios del siglo XX electrificaron la regi\u00f3n. Adem\u00e1s, para volver a poner en marcha la central tendr\u00e1 que resolver un enigma relacionado con los templarios y la conservaci\u00f3n del patrimonio hist\u00f3rico que, desde el pasado, le plantear\u00e1 su predecesor. Este libro se completa con una gu\u00eda did\u00e1ctica y una propuesta de actividades.<\/p>\n","protected":false},"featured_media":17539,"comment_status":"open","ping_status":"closed","template":"","meta":{"_et_pb_use_builder":"","_et_pb_old_content":"","_et_gb_content_width":""},"product_cat":[1512],"product_tag":[],"edicion":[],"editoriales":[1160],"tienda":[],"autor_id":[5497,6607],"universidades_coeditoras":[],"palabras_clave":[],"listado_alfabetico":[],"acf":[],"_links":{"self":[{"href":"https:\/\/wizardly-davinci.82-223-8-23.plesk.page\/en\/wp-json\/wp\/v2\/product\/17538"}],"collection":[{"href":"https:\/\/wizardly-davinci.82-223-8-23.plesk.page\/en\/wp-json\/wp\/v2\/product"}],"about":[{"href":"https:\/\/wizardly-davinci.82-223-8-23.plesk.page\/en\/wp-json\/wp\/v2\/types\/product"}],"replies":[{"embeddable":true,"href":"https:\/\/wizardly-davinci.82-223-8-23.plesk.page\/en\/wp-json\/wp\/v2\/comments?post=17538"}],"wp:featuredmedia":[{"embeddable":true,"href":"https:\/\/wizardly-davinci.82-223-8-23.plesk.page\/en\/wp-json\/wp\/v2\/media\/17539"}],"wp:attachment":[{"href":"https:\/\/wizardly-davinci.82-223-8-23.plesk.page\/en\/wp-json\/wp\/v2\/media?parent=17538"}],"wp:term":[{"taxonomy":"product_cat","embeddable":true,"href":"https:\/\/wizardly-davinci.82-223-8-23.plesk.page\/en\/wp-json\/wp\/v2\/product_cat?post=17538"},{"taxonomy":"product_tag","embeddable":true,"href":"https:\/\/wizardly-davinci.82-223-8-23.plesk.page\/en\/wp-json\/wp\/v2\/product_tag?post=17538"},{"taxonomy":"edicion","embeddable":true,"href":"https:\/\/wizardly-davinci.82-223-8-23.plesk.page\/en\/wp-json\/wp\/v2\/edicion?post=17538"},{"taxonomy":"editoriales","embeddable":true,"href":"https:\/\/wizardly-davinci.82-223-8-23.plesk.page\/en\/wp-json\/wp\/v2\/editoriales?post=17538"},{"taxonomy":"tienda","embeddable":true,"href":"https:\/\/wizardly-davinci.82-223-8-23.plesk.page\/en\/wp-json\/wp\/v2\/tienda?post=17538"},{"taxonomy":"autor_id","embeddable":true,"href":"https:\/\/wizardly-davinci.82-223-8-23.plesk.page\/en\/wp-json\/wp\/v2\/autor_id?post=17538"},{"taxonomy":"universidades_coeditoras","embeddable":true,"href":"https:\/\/wizardly-davinci.82-223-8-23.plesk.page\/en\/wp-json\/wp\/v2\/universidades_coeditoras?post=17538"},{"taxonomy":"palabras_clave","embeddable":true,"href":"https:\/\/wizardly-davinci.82-223-8-23.plesk.page\/en\/wp-json\/wp\/v2\/palabras_clave?post=17538"},{"taxonomy":"listado_alfabetico","embeddable":true,"href":"https:\/\/wizardly-davinci.82-223-8-23.plesk.page\/en\/wp-json\/wp\/v2\/listado_alfabetico?post=17538"}],"curies":[{"name":"wp","href":"https:\/\/api.w.org\/{rel}","templated":true}]}}