{"id":17542,"date":"2019-04-09T22:47:33","date_gmt":"2019-04-09T22:47:33","guid":{"rendered":"https:\/\/octaedro.com\/producto\/gelati\/"},"modified":"2023-04-24T12:29:47","modified_gmt":"2023-04-24T10:29:47","slug":"gelati","status":"publish","type":"product","link":"https:\/\/wizardly-davinci.82-223-8-23.plesk.page\/en\/producto\/gelati\/","title":{"rendered":"\u00a1Gelati!"},"content":{"rendered":"<p>N\u00eda quiere ser periodista pero los contratiempos se lo impedir\u00e1n moment\u00e1neamente. Quien crea que renunciar\u00e1 a escribir un reportaje sobre el Centro Europeo de Tautavel por falta de la formaci\u00f3n acad\u00e9mica necesaria, no la conoce en absoluto. Remover\u00e1 cielo y tierra para ponerse al d\u00eda: ni Lucy ni Internet se le podr\u00e1n resistir. Lo que ella no se imagina es que se ver\u00e1 implicada en la b\u00fasqueda de unos valiosos restos que han desaparecido y que en esa b\u00fasqueda llegar\u00e1 a comprender los aspectos m\u00e1s curiosos de la evoluci\u00f3n de las especies. Navegar por el ciberespacio como toda una experta la llevar\u00e1 m\u00e1s lejos de lo que pod\u00eda haber imaginado.<br \/>\nEste libro contiene una gu\u00eda did\u00e1ctica y una propuesta de actividades.<\/p>\n","protected":false},"excerpt":{"rendered":"<p>N\u00eda quiere ser periodista pero los contratiempos se lo impedir\u00e1n moment\u00e1neamente. Quien crea que renunciar\u00e1 a escribir un reportaje sobre el Centro Europeo de Tautavel por falta de la formaci\u00f3n acad\u00e9mica necesaria, no la conoce en absoluto. Remover\u00e1 cielo y tierra para ponerse al d\u00eda: ni Lucy ni Internet se le podr\u00e1n resistir. Lo que ella no se imagina es que se ver\u00e1 implicada en la b\u00fasqueda de unos valiosos restos que han desaparecido y que en esa b\u00fasqueda llegar\u00e1 a comprender los aspectos m\u00e1s curiosos de la evoluci\u00f3n de las especies. Navegar por el ciberespacio como toda una experta la llevar\u00e1 m\u00e1s lejos de lo que pod\u00eda haber imaginado.<br \/>\nEste libro contiene una gu\u00eda did\u00e1ctica y una propuesta de actividades.<\/p>\n","protected":false},"featured_media":17543,"comment_status":"open","ping_status":"closed","template":"","meta":{"_et_pb_use_builder":"","_et_pb_old_content":"","_et_gb_content_width":""},"product_cat":[1512],"product_tag":[2602],"edicion":[1083],"editoriales":[1160],"tienda":[],"autor_id":[5086],"universidades_coeditoras":[],"palabras_clave":[],"listado_alfabetico":[],"acf":[],"_links":{"self":[{"href":"https:\/\/wizardly-davinci.82-223-8-23.plesk.page\/en\/wp-json\/wp\/v2\/product\/17542"}],"collection":[{"href":"https:\/\/wizardly-davinci.82-223-8-23.plesk.page\/en\/wp-json\/wp\/v2\/product"}],"about":[{"href":"https:\/\/wizardly-davinci.82-223-8-23.plesk.page\/en\/wp-json\/wp\/v2\/types\/product"}],"replies":[{"embeddable":true,"href":"https:\/\/wizardly-davinci.82-223-8-23.plesk.page\/en\/wp-json\/wp\/v2\/comments?post=17542"}],"wp:featuredmedia":[{"embeddable":true,"href":"https:\/\/wizardly-davinci.82-223-8-23.plesk.page\/en\/wp-json\/wp\/v2\/media\/17543"}],"wp:attachment":[{"href":"https:\/\/wizardly-davinci.82-223-8-23.plesk.page\/en\/wp-json\/wp\/v2\/media?parent=17542"}],"wp:term":[{"taxonomy":"product_cat","embeddable":true,"href":"https:\/\/wizardly-davinci.82-223-8-23.plesk.page\/en\/wp-json\/wp\/v2\/product_cat?post=17542"},{"taxonomy":"product_tag","embeddable":true,"href":"https:\/\/wizardly-davinci.82-223-8-23.plesk.page\/en\/wp-json\/wp\/v2\/product_tag?post=17542"},{"taxonomy":"edicion","embeddable":true,"href":"https:\/\/wizardly-davinci.82-223-8-23.plesk.page\/en\/wp-json\/wp\/v2\/edicion?post=17542"},{"taxonomy":"editoriales","embeddable":true,"href":"https:\/\/wizardly-davinci.82-223-8-23.plesk.page\/en\/wp-json\/wp\/v2\/editoriales?post=17542"},{"taxonomy":"tienda","embeddable":true,"href":"https:\/\/wizardly-davinci.82-223-8-23.plesk.page\/en\/wp-json\/wp\/v2\/tienda?post=17542"},{"taxonomy":"autor_id","embeddable":true,"href":"https:\/\/wizardly-davinci.82-223-8-23.plesk.page\/en\/wp-json\/wp\/v2\/autor_id?post=17542"},{"taxonomy":"universidades_coeditoras","embeddable":true,"href":"https:\/\/wizardly-davinci.82-223-8-23.plesk.page\/en\/wp-json\/wp\/v2\/universidades_coeditoras?post=17542"},{"taxonomy":"palabras_clave","embeddable":true,"href":"https:\/\/wizardly-davinci.82-223-8-23.plesk.page\/en\/wp-json\/wp\/v2\/palabras_clave?post=17542"},{"taxonomy":"listado_alfabetico","embeddable":true,"href":"https:\/\/wizardly-davinci.82-223-8-23.plesk.page\/en\/wp-json\/wp\/v2\/listado_alfabetico?post=17542"}],"curies":[{"name":"wp","href":"https:\/\/api.w.org\/{rel}","templated":true}]}}