{"id":17544,"date":"2019-04-09T22:47:33","date_gmt":"2019-04-09T22:47:33","guid":{"rendered":"https:\/\/octaedro.com\/producto\/pull-back\/"},"modified":"2023-04-24T12:29:54","modified_gmt":"2023-04-24T10:29:54","slug":"pull-back","status":"publish","type":"product","link":"https:\/\/wizardly-davinci.82-223-8-23.plesk.page\/en\/producto\/pull-back\/","title":{"rendered":"Pull-back"},"content":{"rendered":"<p>El detective Andreu Balaguer nunca se hubiera imaginado que aquella llamada telef\u00f3nica de Isabel Casanova pidi\u00e9ndole ayuda para encontrar a su hijo le dar\u00eda mucho trabajo.<\/p>\n<p>A partir de aquel momento penetra en el mundo misterioso y oscuro de las finanzas y se ve envuelto en una historia extra\u00f1\u00edsima donde todos esconden algo. Se da cuenta de que detr\u00e1s de las pantallas de la bolsa, de los ordenadores y de los peri\u00f3dicos de econom\u00eda hay un mundo con todo tipo de personajes: inversores inteligentes, sabios despistados, profesores universitarios, jugadores de casino, estafadores, chantajistas y ladrones de guante blanco. Al final, como en las mejores pel\u00edculas de suspense, descubre que nada es lo que aparentaba a primera vista.<\/p>\n","protected":false},"excerpt":{"rendered":"<p>El detective Andreu Balaguer nunca se hubiera imaginado que aquella llamada telef\u00f3nica de Isabel Casanova pidi\u00e9ndole ayuda para encontrar a su hijo le dar\u00eda mucho trabajo.<\/p>\n<p>A partir de aquel momento penetra en el mundo misterioso y oscuro de las finanzas y se ve envuelto en una historia extra\u00f1\u00edsima donde todos esconden algo. Se da cuenta de que detr\u00e1s de las pantallas de la bolsa, de los ordenadores y de los peri\u00f3dicos de econom\u00eda hay un mundo con todo tipo de personajes: inversores inteligentes, sabios despistados, profesores universitarios, jugadores de casino, estafadores, chantajistas y ladrones de guante blanco. Al final, como en las mejores pel\u00edculas de suspense, descubre que nada es lo que aparentaba a primera vista.<\/p>\n","protected":false},"featured_media":17545,"comment_status":"open","ping_status":"closed","template":"","meta":{"_et_pb_use_builder":"","_et_pb_old_content":"","_et_gb_content_width":""},"product_cat":[1512,6675],"product_tag":[2602],"edicion":[1083],"editoriales":[1160],"tienda":[],"autor_id":[5040],"universidades_coeditoras":[],"palabras_clave":[],"listado_alfabetico":[],"acf":[],"_links":{"self":[{"href":"https:\/\/wizardly-davinci.82-223-8-23.plesk.page\/en\/wp-json\/wp\/v2\/product\/17544"}],"collection":[{"href":"https:\/\/wizardly-davinci.82-223-8-23.plesk.page\/en\/wp-json\/wp\/v2\/product"}],"about":[{"href":"https:\/\/wizardly-davinci.82-223-8-23.plesk.page\/en\/wp-json\/wp\/v2\/types\/product"}],"replies":[{"embeddable":true,"href":"https:\/\/wizardly-davinci.82-223-8-23.plesk.page\/en\/wp-json\/wp\/v2\/comments?post=17544"}],"wp:featuredmedia":[{"embeddable":true,"href":"https:\/\/wizardly-davinci.82-223-8-23.plesk.page\/en\/wp-json\/wp\/v2\/media\/17545"}],"wp:attachment":[{"href":"https:\/\/wizardly-davinci.82-223-8-23.plesk.page\/en\/wp-json\/wp\/v2\/media?parent=17544"}],"wp:term":[{"taxonomy":"product_cat","embeddable":true,"href":"https:\/\/wizardly-davinci.82-223-8-23.plesk.page\/en\/wp-json\/wp\/v2\/product_cat?post=17544"},{"taxonomy":"product_tag","embeddable":true,"href":"https:\/\/wizardly-davinci.82-223-8-23.plesk.page\/en\/wp-json\/wp\/v2\/product_tag?post=17544"},{"taxonomy":"edicion","embeddable":true,"href":"https:\/\/wizardly-davinci.82-223-8-23.plesk.page\/en\/wp-json\/wp\/v2\/edicion?post=17544"},{"taxonomy":"editoriales","embeddable":true,"href":"https:\/\/wizardly-davinci.82-223-8-23.plesk.page\/en\/wp-json\/wp\/v2\/editoriales?post=17544"},{"taxonomy":"tienda","embeddable":true,"href":"https:\/\/wizardly-davinci.82-223-8-23.plesk.page\/en\/wp-json\/wp\/v2\/tienda?post=17544"},{"taxonomy":"autor_id","embeddable":true,"href":"https:\/\/wizardly-davinci.82-223-8-23.plesk.page\/en\/wp-json\/wp\/v2\/autor_id?post=17544"},{"taxonomy":"universidades_coeditoras","embeddable":true,"href":"https:\/\/wizardly-davinci.82-223-8-23.plesk.page\/en\/wp-json\/wp\/v2\/universidades_coeditoras?post=17544"},{"taxonomy":"palabras_clave","embeddable":true,"href":"https:\/\/wizardly-davinci.82-223-8-23.plesk.page\/en\/wp-json\/wp\/v2\/palabras_clave?post=17544"},{"taxonomy":"listado_alfabetico","embeddable":true,"href":"https:\/\/wizardly-davinci.82-223-8-23.plesk.page\/en\/wp-json\/wp\/v2\/listado_alfabetico?post=17544"}],"curies":[{"name":"wp","href":"https:\/\/api.w.org\/{rel}","templated":true}]}}