{"id":17546,"date":"2019-04-09T22:47:33","date_gmt":"2019-04-09T22:47:33","guid":{"rendered":"https:\/\/octaedro.com\/producto\/roger-de-aurillac\/"},"modified":"2023-04-24T12:30:03","modified_gmt":"2023-04-24T10:30:03","slug":"roger-de-aurillac","status":"publish","type":"product","link":"https:\/\/wizardly-davinci.82-223-8-23.plesk.page\/en\/producto\/roger-de-aurillac\/","title":{"rendered":"Roger de Aurillac"},"content":{"rendered":"<p>Imaginaos que despert\u00e1is de pronto y, con s\u00f3lo catorce a\u00f1os, est\u00e1is al mando de todo un condado. Y que una dama de bell\u00edsimos ojos malva viene a pediros justicia. \u00bfC\u00f3mo reaccionar\u00edais? \u00bfD\u00f3nde acudir\u00edais si los jueces a los que hab\u00e9is encargado el caso no supieran dar con la clave?<br \/>A este reto se enfrenta <span class=destacat>Roger de Aurillac<\/span>; para superarlo deber\u00e1 hacer frente a situaciones que pondr\u00e1n a prueba su resistencia, sus creencias y sus conocimientos cient\u00edficos. Pero pronto se dar\u00e1 cuenta de que ni la vitalidad, ni el saber, ni el cargo bastan para conseguirlo.<br \/>En medio del alboroto social y del miedo y la incertidumbre que ha originado la reciente llegada del a\u00f1o Mil, el joven conde de Alvernia deber\u00e1 luchar por obtener una audiencia papal, afirmar su autoridad y conseguir su amor. Todo ello requerir\u00e1 el don de un l\u00edder h\u00e1bil y de un hombre sensato.<\/p>\n","protected":false},"excerpt":{"rendered":"<p>Imaginaos que despert\u00e1is de pronto y, con s\u00f3lo catorce a\u00f1os, est\u00e1is al mando de todo un condado. Y que una dama de bell\u00edsimos ojos malva viene a pediros justicia. \u00bfC\u00f3mo reaccionar\u00edais? \u00bfD\u00f3nde acudir\u00edais si los jueces a los que hab\u00e9is encargado el caso no supieran dar con la clave?<br \/>A este reto se enfrenta <span class=destacat>Roger de Aurillac<\/span>; para superarlo deber\u00e1 hacer frente a situaciones que pondr\u00e1n a prueba su resistencia, sus creencias y sus conocimientos cient\u00edficos. Pero pronto se dar\u00e1 cuenta de que ni la vitalidad, ni el saber, ni el cargo bastan para conseguirlo.<br \/>En medio del alboroto social y del miedo y la incertidumbre que ha originado la reciente llegada del a\u00f1o Mil, el joven conde de Alvernia deber\u00e1 luchar por obtener una audiencia papal, afirmar su autoridad y conseguir su amor. Todo ello requerir\u00e1 el don de un l\u00edder h\u00e1bil y de un hombre sensato.<\/p>\n","protected":false},"featured_media":17547,"comment_status":"open","ping_status":"closed","template":"","meta":{"_et_pb_use_builder":"","_et_pb_old_content":"","_et_gb_content_width":""},"product_cat":[1512],"product_tag":[],"edicion":[],"editoriales":[1160],"tienda":[],"autor_id":[5086,5276,6283],"universidades_coeditoras":[],"palabras_clave":[],"listado_alfabetico":[],"acf":[],"_links":{"self":[{"href":"https:\/\/wizardly-davinci.82-223-8-23.plesk.page\/en\/wp-json\/wp\/v2\/product\/17546"}],"collection":[{"href":"https:\/\/wizardly-davinci.82-223-8-23.plesk.page\/en\/wp-json\/wp\/v2\/product"}],"about":[{"href":"https:\/\/wizardly-davinci.82-223-8-23.plesk.page\/en\/wp-json\/wp\/v2\/types\/product"}],"replies":[{"embeddable":true,"href":"https:\/\/wizardly-davinci.82-223-8-23.plesk.page\/en\/wp-json\/wp\/v2\/comments?post=17546"}],"wp:featuredmedia":[{"embeddable":true,"href":"https:\/\/wizardly-davinci.82-223-8-23.plesk.page\/en\/wp-json\/wp\/v2\/media\/17547"}],"wp:attachment":[{"href":"https:\/\/wizardly-davinci.82-223-8-23.plesk.page\/en\/wp-json\/wp\/v2\/media?parent=17546"}],"wp:term":[{"taxonomy":"product_cat","embeddable":true,"href":"https:\/\/wizardly-davinci.82-223-8-23.plesk.page\/en\/wp-json\/wp\/v2\/product_cat?post=17546"},{"taxonomy":"product_tag","embeddable":true,"href":"https:\/\/wizardly-davinci.82-223-8-23.plesk.page\/en\/wp-json\/wp\/v2\/product_tag?post=17546"},{"taxonomy":"edicion","embeddable":true,"href":"https:\/\/wizardly-davinci.82-223-8-23.plesk.page\/en\/wp-json\/wp\/v2\/edicion?post=17546"},{"taxonomy":"editoriales","embeddable":true,"href":"https:\/\/wizardly-davinci.82-223-8-23.plesk.page\/en\/wp-json\/wp\/v2\/editoriales?post=17546"},{"taxonomy":"tienda","embeddable":true,"href":"https:\/\/wizardly-davinci.82-223-8-23.plesk.page\/en\/wp-json\/wp\/v2\/tienda?post=17546"},{"taxonomy":"autor_id","embeddable":true,"href":"https:\/\/wizardly-davinci.82-223-8-23.plesk.page\/en\/wp-json\/wp\/v2\/autor_id?post=17546"},{"taxonomy":"universidades_coeditoras","embeddable":true,"href":"https:\/\/wizardly-davinci.82-223-8-23.plesk.page\/en\/wp-json\/wp\/v2\/universidades_coeditoras?post=17546"},{"taxonomy":"palabras_clave","embeddable":true,"href":"https:\/\/wizardly-davinci.82-223-8-23.plesk.page\/en\/wp-json\/wp\/v2\/palabras_clave?post=17546"},{"taxonomy":"listado_alfabetico","embeddable":true,"href":"https:\/\/wizardly-davinci.82-223-8-23.plesk.page\/en\/wp-json\/wp\/v2\/listado_alfabetico?post=17546"}],"curies":[{"name":"wp","href":"https:\/\/api.w.org\/{rel}","templated":true}]}}