{"id":17550,"date":"2019-04-09T22:47:34","date_gmt":"2019-04-09T22:47:34","guid":{"rendered":"https:\/\/octaedro.com\/producto\/jaque-al-rey\/"},"modified":"2023-04-20T12:48:48","modified_gmt":"2023-04-20T10:48:48","slug":"jaque-al-rey","status":"publish","type":"product","link":"https:\/\/wizardly-davinci.82-223-8-23.plesk.page\/en\/producto\/jaque-al-rey\/","title":{"rendered":"Jaque al rey"},"content":{"rendered":"<p>Don Armillo fue un juglar que vivi\u00f3 en Burgos en 1221. Y, seg\u00fan Men\u00e9ndez Pidal, es probable que interpretara el <em>Poema de Fern\u00e1n Gonz\u00e1lez y el Cantar de Mio Cid<\/em>. Pero el \u00fanico conocimiento que tenemos sobre la interpretaci\u00f3n de estos poemas es esa leve sospecha del gran investigador. Ignoramos los destinatarios, la forma, los acompa\u00f1amientos y, sobre todo, las motivaciones, que en el caso del poema de Mio Cid debieron de ser m\u00e1s que econ\u00f3micas. Quien lo interpretase, en vez de ganarse la vida, se la estaba jugando, pues la segunda mitad del cantar se dedica a insultar a una de las casas m\u00e1s poderosas de Castilla, la de Carri\u00f3n.<br \/>\nEl encargo de recitar el poema durante la fiesta de colocaci\u00f3n de la primera piedra de la catedral de Burgos, el 20 de julio de 1221, termina con la vida tranquila de Don Armillo y desata una serie de fuerzas y tensiones destructivas, latentes en los reinos peninsulares del siglo XIII.<\/p>\n","protected":false},"excerpt":{"rendered":"<p>Don Armillo fue un juglar que vivi\u00f3 en Burgos en 1221. Y, seg\u00fan Men\u00e9ndez Pidal, es probable que interpretara el <em>Poema de Fern\u00e1n Gonz\u00e1lez y el Cantar de Mio Cid<\/em>. Pero el \u00fanico conocimiento que tenemos sobre la interpretaci\u00f3n de estos poemas es esa leve sospecha del gran investigador. Ignoramos los destinatarios, la forma, los acompa\u00f1amientos y, sobre todo, las motivaciones, que en el caso del poema de Mio Cid debieron de ser m\u00e1s que econ\u00f3micas. Quien lo interpretase, en vez de ganarse la vida, se la estaba jugando, pues la segunda mitad del cantar se dedica a insultar a una de las casas m\u00e1s poderosas de Castilla, la de Carri\u00f3n.<br \/>\nEl encargo de recitar el poema durante la fiesta de colocaci\u00f3n de la primera piedra de la catedral de Burgos, el 20 de julio de 1221, termina con la vida tranquila de Don Armillo y desata una serie de fuerzas y tensiones destructivas, latentes en los reinos peninsulares del siglo XIII.<\/p>\n","protected":false},"featured_media":17551,"comment_status":"open","ping_status":"closed","template":"","meta":{"_et_pb_use_builder":"","_et_pb_old_content":"","_et_gb_content_width":""},"product_cat":[2606,1512,6674,6675,6673],"product_tag":[2609],"edicion":[1085,1084,1083],"editoriales":[1160],"tienda":[],"autor_id":[6245],"universidades_coeditoras":[],"palabras_clave":[],"listado_alfabetico":[],"acf":[],"_links":{"self":[{"href":"https:\/\/wizardly-davinci.82-223-8-23.plesk.page\/en\/wp-json\/wp\/v2\/product\/17550"}],"collection":[{"href":"https:\/\/wizardly-davinci.82-223-8-23.plesk.page\/en\/wp-json\/wp\/v2\/product"}],"about":[{"href":"https:\/\/wizardly-davinci.82-223-8-23.plesk.page\/en\/wp-json\/wp\/v2\/types\/product"}],"replies":[{"embeddable":true,"href":"https:\/\/wizardly-davinci.82-223-8-23.plesk.page\/en\/wp-json\/wp\/v2\/comments?post=17550"}],"wp:featuredmedia":[{"embeddable":true,"href":"https:\/\/wizardly-davinci.82-223-8-23.plesk.page\/en\/wp-json\/wp\/v2\/media\/17551"}],"wp:attachment":[{"href":"https:\/\/wizardly-davinci.82-223-8-23.plesk.page\/en\/wp-json\/wp\/v2\/media?parent=17550"}],"wp:term":[{"taxonomy":"product_cat","embeddable":true,"href":"https:\/\/wizardly-davinci.82-223-8-23.plesk.page\/en\/wp-json\/wp\/v2\/product_cat?post=17550"},{"taxonomy":"product_tag","embeddable":true,"href":"https:\/\/wizardly-davinci.82-223-8-23.plesk.page\/en\/wp-json\/wp\/v2\/product_tag?post=17550"},{"taxonomy":"edicion","embeddable":true,"href":"https:\/\/wizardly-davinci.82-223-8-23.plesk.page\/en\/wp-json\/wp\/v2\/edicion?post=17550"},{"taxonomy":"editoriales","embeddable":true,"href":"https:\/\/wizardly-davinci.82-223-8-23.plesk.page\/en\/wp-json\/wp\/v2\/editoriales?post=17550"},{"taxonomy":"tienda","embeddable":true,"href":"https:\/\/wizardly-davinci.82-223-8-23.plesk.page\/en\/wp-json\/wp\/v2\/tienda?post=17550"},{"taxonomy":"autor_id","embeddable":true,"href":"https:\/\/wizardly-davinci.82-223-8-23.plesk.page\/en\/wp-json\/wp\/v2\/autor_id?post=17550"},{"taxonomy":"universidades_coeditoras","embeddable":true,"href":"https:\/\/wizardly-davinci.82-223-8-23.plesk.page\/en\/wp-json\/wp\/v2\/universidades_coeditoras?post=17550"},{"taxonomy":"palabras_clave","embeddable":true,"href":"https:\/\/wizardly-davinci.82-223-8-23.plesk.page\/en\/wp-json\/wp\/v2\/palabras_clave?post=17550"},{"taxonomy":"listado_alfabetico","embeddable":true,"href":"https:\/\/wizardly-davinci.82-223-8-23.plesk.page\/en\/wp-json\/wp\/v2\/listado_alfabetico?post=17550"}],"curies":[{"name":"wp","href":"https:\/\/api.w.org\/{rel}","templated":true}]}}