{"id":17552,"date":"2019-04-09T22:47:34","date_gmt":"2019-04-09T22:47:34","guid":{"rendered":"https:\/\/octaedro.com\/producto\/el-arte-y-la-belleza\/"},"modified":"2023-04-20T12:48:55","modified_gmt":"2023-04-20T10:48:55","slug":"el-arte-y-la-belleza","status":"publish","type":"product","link":"https:\/\/wizardly-davinci.82-223-8-23.plesk.page\/en\/producto\/el-arte-y-la-belleza\/","title":{"rendered":"El arte y la belleza"},"content":{"rendered":"<p>\u00bfUn atardecer tropical es una obra de arte? \u00bfUna escultura puede emocionarte hasta hacerte llorar? \u00bfConocer la vida de un artista ayuda a comprender su obra? \u00bfEl pl\u00e1stico puede considerarse un material noble? \u00bfUna moto puede ser una pieza de museo?<\/p>\n<p>A modo de obra de teatro, con el di\u00e1logo entre un afamado pintor de grafitis (Keith) y dos j\u00f3venes adolescentes (Marina y Andreas), dirigida a j\u00f3venes y adultos que sientan curiosidad por el arte, tanto en los aspectos formales como sociales, el texto abre algunos interrogantes y responde a otros. Se incluye tambi\u00e9n un anexo con propuestas did\u00e1cticas para el profesorado.<\/p>\n","protected":false},"excerpt":{"rendered":"<p>\u00bfUn atardecer tropical es una obra de arte? \u00bfUna escultura puede emocionarte hasta hacerte llorar? \u00bfConocer la vida de un artista ayuda a comprender su obra? \u00bfEl pl\u00e1stico puede considerarse un material noble? \u00bfUna moto puede ser una pieza de museo?<\/p>\n<p>A modo de obra de teatro, con el di\u00e1logo entre un afamado pintor de grafitis (Keith) y dos j\u00f3venes adolescentes (Marina y Andreas), dirigida a j\u00f3venes y adultos que sientan curiosidad por el arte, tanto en los aspectos formales como sociales, el texto abre algunos interrogantes y responde a otros. Se incluye tambi\u00e9n un anexo con propuestas did\u00e1cticas para el profesorado.<\/p>\n","protected":false},"featured_media":17553,"comment_status":"open","ping_status":"closed","template":"","meta":{"_et_pb_use_builder":"","_et_pb_old_content":"","_et_gb_content_width":""},"product_cat":[2606,1512,6675,6673],"product_tag":[2604],"edicion":[1084,1083],"editoriales":[1160],"tienda":[],"autor_id":[5662,5989],"universidades_coeditoras":[],"palabras_clave":[],"listado_alfabetico":[],"acf":[],"_links":{"self":[{"href":"https:\/\/wizardly-davinci.82-223-8-23.plesk.page\/en\/wp-json\/wp\/v2\/product\/17552"}],"collection":[{"href":"https:\/\/wizardly-davinci.82-223-8-23.plesk.page\/en\/wp-json\/wp\/v2\/product"}],"about":[{"href":"https:\/\/wizardly-davinci.82-223-8-23.plesk.page\/en\/wp-json\/wp\/v2\/types\/product"}],"replies":[{"embeddable":true,"href":"https:\/\/wizardly-davinci.82-223-8-23.plesk.page\/en\/wp-json\/wp\/v2\/comments?post=17552"}],"wp:featuredmedia":[{"embeddable":true,"href":"https:\/\/wizardly-davinci.82-223-8-23.plesk.page\/en\/wp-json\/wp\/v2\/media\/17553"}],"wp:attachment":[{"href":"https:\/\/wizardly-davinci.82-223-8-23.plesk.page\/en\/wp-json\/wp\/v2\/media?parent=17552"}],"wp:term":[{"taxonomy":"product_cat","embeddable":true,"href":"https:\/\/wizardly-davinci.82-223-8-23.plesk.page\/en\/wp-json\/wp\/v2\/product_cat?post=17552"},{"taxonomy":"product_tag","embeddable":true,"href":"https:\/\/wizardly-davinci.82-223-8-23.plesk.page\/en\/wp-json\/wp\/v2\/product_tag?post=17552"},{"taxonomy":"edicion","embeddable":true,"href":"https:\/\/wizardly-davinci.82-223-8-23.plesk.page\/en\/wp-json\/wp\/v2\/edicion?post=17552"},{"taxonomy":"editoriales","embeddable":true,"href":"https:\/\/wizardly-davinci.82-223-8-23.plesk.page\/en\/wp-json\/wp\/v2\/editoriales?post=17552"},{"taxonomy":"tienda","embeddable":true,"href":"https:\/\/wizardly-davinci.82-223-8-23.plesk.page\/en\/wp-json\/wp\/v2\/tienda?post=17552"},{"taxonomy":"autor_id","embeddable":true,"href":"https:\/\/wizardly-davinci.82-223-8-23.plesk.page\/en\/wp-json\/wp\/v2\/autor_id?post=17552"},{"taxonomy":"universidades_coeditoras","embeddable":true,"href":"https:\/\/wizardly-davinci.82-223-8-23.plesk.page\/en\/wp-json\/wp\/v2\/universidades_coeditoras?post=17552"},{"taxonomy":"palabras_clave","embeddable":true,"href":"https:\/\/wizardly-davinci.82-223-8-23.plesk.page\/en\/wp-json\/wp\/v2\/palabras_clave?post=17552"},{"taxonomy":"listado_alfabetico","embeddable":true,"href":"https:\/\/wizardly-davinci.82-223-8-23.plesk.page\/en\/wp-json\/wp\/v2\/listado_alfabetico?post=17552"}],"curies":[{"name":"wp","href":"https:\/\/api.w.org\/{rel}","templated":true}]}}