{"id":17554,"date":"2019-04-09T22:47:34","date_gmt":"2019-04-09T22:47:34","guid":{"rendered":"https:\/\/octaedro.com\/producto\/la-gallina-inductiva\/"},"modified":"2023-04-20T12:49:02","modified_gmt":"2023-04-20T10:49:02","slug":"la-gallina-inductiva","status":"publish","type":"product","link":"https:\/\/wizardly-davinci.82-223-8-23.plesk.page\/en\/producto\/la-gallina-inductiva\/","title":{"rendered":"La gallina inductiva"},"content":{"rendered":"<p>La Gallina inductiva plantea c\u00f3mo la repetici\u00f3n de un hecho en el pasado nos lleva a esperar que ocurra lo mismo, de forma justificada, en el futuro. A esta certeza le llamamos inducci\u00f3n. En una inducci\u00f3n decimos que existe un alto grado de probabilidad de que se repita lo que ha venido sucediendo siempre. Lo cual nos lleva a concluir que la costumbre, la tradici\u00f3n o el h\u00e1bito no tienen por qu\u00e9 hipotecar nuestro presente ni, lo que es m\u00e1s importante, nuestro futuro.<\/p>\n<p>Para todo ello recrearemos una historia que nos propone el mismo Bertrand Russell, quien nos acompa\u00f1ar\u00e1 en nuestras reflexiones, as\u00ed como en la presentaci\u00f3n del movimiento del cual \u00e9l es uno de sus m\u00e1ximos exponentes, la filosof\u00eda anal\u00edtica.<\/p>\n","protected":false},"excerpt":{"rendered":"<p>La Gallina inductiva plantea c\u00f3mo la repetici\u00f3n de un hecho en el pasado nos lleva a esperar que ocurra lo mismo, de forma justificada, en el futuro. A esta certeza le llamamos inducci\u00f3n. En una inducci\u00f3n decimos que existe un alto grado de probabilidad de que se repita lo que ha venido sucediendo siempre. Lo cual nos lleva a concluir que la costumbre, la tradici\u00f3n o el h\u00e1bito no tienen por qu\u00e9 hipotecar nuestro presente ni, lo que es m\u00e1s importante, nuestro futuro.<\/p>\n<p>Para todo ello recrearemos una historia que nos propone el mismo Bertrand Russell, quien nos acompa\u00f1ar\u00e1 en nuestras reflexiones, as\u00ed como en la presentaci\u00f3n del movimiento del cual \u00e9l es uno de sus m\u00e1ximos exponentes, la filosof\u00eda anal\u00edtica.<\/p>\n","protected":false},"featured_media":17555,"comment_status":"open","ping_status":"closed","template":"","meta":{"_et_pb_use_builder":"","_et_pb_old_content":"","_et_gb_content_width":""},"product_cat":[1512],"product_tag":[2602],"edicion":[1083],"editoriales":[1160],"tienda":[],"autor_id":[5565,6035],"universidades_coeditoras":[],"palabras_clave":[],"listado_alfabetico":[],"acf":[],"_links":{"self":[{"href":"https:\/\/wizardly-davinci.82-223-8-23.plesk.page\/en\/wp-json\/wp\/v2\/product\/17554"}],"collection":[{"href":"https:\/\/wizardly-davinci.82-223-8-23.plesk.page\/en\/wp-json\/wp\/v2\/product"}],"about":[{"href":"https:\/\/wizardly-davinci.82-223-8-23.plesk.page\/en\/wp-json\/wp\/v2\/types\/product"}],"replies":[{"embeddable":true,"href":"https:\/\/wizardly-davinci.82-223-8-23.plesk.page\/en\/wp-json\/wp\/v2\/comments?post=17554"}],"wp:featuredmedia":[{"embeddable":true,"href":"https:\/\/wizardly-davinci.82-223-8-23.plesk.page\/en\/wp-json\/wp\/v2\/media\/17555"}],"wp:attachment":[{"href":"https:\/\/wizardly-davinci.82-223-8-23.plesk.page\/en\/wp-json\/wp\/v2\/media?parent=17554"}],"wp:term":[{"taxonomy":"product_cat","embeddable":true,"href":"https:\/\/wizardly-davinci.82-223-8-23.plesk.page\/en\/wp-json\/wp\/v2\/product_cat?post=17554"},{"taxonomy":"product_tag","embeddable":true,"href":"https:\/\/wizardly-davinci.82-223-8-23.plesk.page\/en\/wp-json\/wp\/v2\/product_tag?post=17554"},{"taxonomy":"edicion","embeddable":true,"href":"https:\/\/wizardly-davinci.82-223-8-23.plesk.page\/en\/wp-json\/wp\/v2\/edicion?post=17554"},{"taxonomy":"editoriales","embeddable":true,"href":"https:\/\/wizardly-davinci.82-223-8-23.plesk.page\/en\/wp-json\/wp\/v2\/editoriales?post=17554"},{"taxonomy":"tienda","embeddable":true,"href":"https:\/\/wizardly-davinci.82-223-8-23.plesk.page\/en\/wp-json\/wp\/v2\/tienda?post=17554"},{"taxonomy":"autor_id","embeddable":true,"href":"https:\/\/wizardly-davinci.82-223-8-23.plesk.page\/en\/wp-json\/wp\/v2\/autor_id?post=17554"},{"taxonomy":"universidades_coeditoras","embeddable":true,"href":"https:\/\/wizardly-davinci.82-223-8-23.plesk.page\/en\/wp-json\/wp\/v2\/universidades_coeditoras?post=17554"},{"taxonomy":"palabras_clave","embeddable":true,"href":"https:\/\/wizardly-davinci.82-223-8-23.plesk.page\/en\/wp-json\/wp\/v2\/palabras_clave?post=17554"},{"taxonomy":"listado_alfabetico","embeddable":true,"href":"https:\/\/wizardly-davinci.82-223-8-23.plesk.page\/en\/wp-json\/wp\/v2\/listado_alfabetico?post=17554"}],"curies":[{"name":"wp","href":"https:\/\/api.w.org\/{rel}","templated":true}]}}