{"id":17558,"date":"2019-04-09T22:47:35","date_gmt":"2019-04-09T22:47:35","guid":{"rendered":"https:\/\/octaedro.com\/producto\/el-guepardo-y-la-tortuga\/"},"modified":"2023-04-20T12:49:15","modified_gmt":"2023-04-20T10:49:15","slug":"el-guepardo-y-la-tortuga","status":"publish","type":"product","link":"https:\/\/wizardly-davinci.82-223-8-23.plesk.page\/en\/producto\/el-guepardo-y-la-tortuga\/","title":{"rendered":"El guepardo y la tortuga"},"content":{"rendered":"<p>La contienda que se inspira en las reflexiones de Zen\u00f3n y que se desarrolla aqu\u00ed en forma de f\u00e1bula es desigual, fant\u00e1stica, inveros\u00edmil: una carrera entre un guepardo y una tortuga. El primero, un felino r\u00e1pido, el m\u00e1s veloz de la sabana; la segunda, un reptil que simboliza la tranquilidad, la parsimonia y la longevidad.<\/p>\n<p>Esta carrera m\u00edtica nos sirve para evocar, explicar y analizar los argumentos m\u00e1s c\u00e9lebres de Zen\u00f3n a favor de las tesis de su maestro Parm\u00e9nides, los argumentos que ponen en duda el cambio, el devenir y la multiplicidad, que han pasado a ser algunos de los distintivos m\u00e1s destacados de la modernidad.<\/p>\n","protected":false},"excerpt":{"rendered":"<p>La contienda que se inspira en las reflexiones de Zen\u00f3n y que se desarrolla aqu\u00ed en forma de f\u00e1bula es desigual, fant\u00e1stica, inveros\u00edmil: una carrera entre un guepardo y una tortuga. El primero, un felino r\u00e1pido, el m\u00e1s veloz de la sabana; la segunda, un reptil que simboliza la tranquilidad, la parsimonia y la longevidad.<\/p>\n<p>Esta carrera m\u00edtica nos sirve para evocar, explicar y analizar los argumentos m\u00e1s c\u00e9lebres de Zen\u00f3n a favor de las tesis de su maestro Parm\u00e9nides, los argumentos que ponen en duda el cambio, el devenir y la multiplicidad, que han pasado a ser algunos de los distintivos m\u00e1s destacados de la modernidad.<\/p>\n","protected":false},"featured_media":17559,"comment_status":"open","ping_status":"closed","template":"","meta":{"_et_pb_use_builder":"","_et_pb_old_content":"","_et_gb_content_width":""},"product_cat":[1512],"product_tag":[2602],"edicion":[1083],"editoriales":[1160],"tienda":[],"autor_id":[5065,6035],"universidades_coeditoras":[],"palabras_clave":[],"listado_alfabetico":[],"acf":[],"_links":{"self":[{"href":"https:\/\/wizardly-davinci.82-223-8-23.plesk.page\/en\/wp-json\/wp\/v2\/product\/17558"}],"collection":[{"href":"https:\/\/wizardly-davinci.82-223-8-23.plesk.page\/en\/wp-json\/wp\/v2\/product"}],"about":[{"href":"https:\/\/wizardly-davinci.82-223-8-23.plesk.page\/en\/wp-json\/wp\/v2\/types\/product"}],"replies":[{"embeddable":true,"href":"https:\/\/wizardly-davinci.82-223-8-23.plesk.page\/en\/wp-json\/wp\/v2\/comments?post=17558"}],"wp:featuredmedia":[{"embeddable":true,"href":"https:\/\/wizardly-davinci.82-223-8-23.plesk.page\/en\/wp-json\/wp\/v2\/media\/17559"}],"wp:attachment":[{"href":"https:\/\/wizardly-davinci.82-223-8-23.plesk.page\/en\/wp-json\/wp\/v2\/media?parent=17558"}],"wp:term":[{"taxonomy":"product_cat","embeddable":true,"href":"https:\/\/wizardly-davinci.82-223-8-23.plesk.page\/en\/wp-json\/wp\/v2\/product_cat?post=17558"},{"taxonomy":"product_tag","embeddable":true,"href":"https:\/\/wizardly-davinci.82-223-8-23.plesk.page\/en\/wp-json\/wp\/v2\/product_tag?post=17558"},{"taxonomy":"edicion","embeddable":true,"href":"https:\/\/wizardly-davinci.82-223-8-23.plesk.page\/en\/wp-json\/wp\/v2\/edicion?post=17558"},{"taxonomy":"editoriales","embeddable":true,"href":"https:\/\/wizardly-davinci.82-223-8-23.plesk.page\/en\/wp-json\/wp\/v2\/editoriales?post=17558"},{"taxonomy":"tienda","embeddable":true,"href":"https:\/\/wizardly-davinci.82-223-8-23.plesk.page\/en\/wp-json\/wp\/v2\/tienda?post=17558"},{"taxonomy":"autor_id","embeddable":true,"href":"https:\/\/wizardly-davinci.82-223-8-23.plesk.page\/en\/wp-json\/wp\/v2\/autor_id?post=17558"},{"taxonomy":"universidades_coeditoras","embeddable":true,"href":"https:\/\/wizardly-davinci.82-223-8-23.plesk.page\/en\/wp-json\/wp\/v2\/universidades_coeditoras?post=17558"},{"taxonomy":"palabras_clave","embeddable":true,"href":"https:\/\/wizardly-davinci.82-223-8-23.plesk.page\/en\/wp-json\/wp\/v2\/palabras_clave?post=17558"},{"taxonomy":"listado_alfabetico","embeddable":true,"href":"https:\/\/wizardly-davinci.82-223-8-23.plesk.page\/en\/wp-json\/wp\/v2\/listado_alfabetico?post=17558"}],"curies":[{"name":"wp","href":"https:\/\/api.w.org\/{rel}","templated":true}]}}