{"id":17560,"date":"2019-04-09T22:47:35","date_gmt":"2019-04-09T22:47:35","guid":{"rendered":"https:\/\/octaedro.com\/producto\/la-mosca-y-el-camaleon\/"},"modified":"2023-04-20T12:49:22","modified_gmt":"2023-04-20T10:49:22","slug":"la-mosca-y-el-camaleon","status":"publish","type":"product","link":"https:\/\/wizardly-davinci.82-223-8-23.plesk.page\/en\/producto\/la-mosca-y-el-camaleon\/","title":{"rendered":"La mosca y el camale\u00f3n"},"content":{"rendered":"<p>Entre los mitos m\u00e1s celebrados que ha generado la modernidad encontramos el del camale\u00f3n. Esta concepci\u00f3n falsa es f\u00e1cil de identificar: todas las especies animales tienen una naturaleza concreta, excepto la humana que ser\u00eda una excepci\u00f3n. Pico della Mirandola estaba convencido de que solo los seres humanos tenemos una naturaleza indefinida que se puede modelar a voluntad.<\/p>\n<p>Aprovechando la misma analog\u00eda que propone el autor del Renacimiento y desarroll\u00e1ndola en forma de f\u00e1bula, argumentamos contra la quimera de la indeterminaci\u00f3n con las herramientas que nos proporciona la historia, el pensamiento o la ciencia contempor\u00e1nea.<\/p>\n","protected":false},"excerpt":{"rendered":"<p>Entre los mitos m\u00e1s celebrados que ha generado la modernidad encontramos el del camale\u00f3n. Esta concepci\u00f3n falsa es f\u00e1cil de identificar: todas las especies animales tienen una naturaleza concreta, excepto la humana que ser\u00eda una excepci\u00f3n. Pico della Mirandola estaba convencido de que solo los seres humanos tenemos una naturaleza indefinida que se puede modelar a voluntad.<\/p>\n<p>Aprovechando la misma analog\u00eda que propone el autor del Renacimiento y desarroll\u00e1ndola en forma de f\u00e1bula, argumentamos contra la quimera de la indeterminaci\u00f3n con las herramientas que nos proporciona la historia, el pensamiento o la ciencia contempor\u00e1nea.<\/p>\n","protected":false},"featured_media":17561,"comment_status":"open","ping_status":"closed","template":"","meta":{"_et_pb_use_builder":"","_et_pb_old_content":"","_et_gb_content_width":""},"product_cat":[1512],"product_tag":[2602],"edicion":[1083],"editoriales":[1160],"tienda":[],"autor_id":[5065,6035],"universidades_coeditoras":[],"palabras_clave":[],"listado_alfabetico":[],"acf":[],"_links":{"self":[{"href":"https:\/\/wizardly-davinci.82-223-8-23.plesk.page\/en\/wp-json\/wp\/v2\/product\/17560"}],"collection":[{"href":"https:\/\/wizardly-davinci.82-223-8-23.plesk.page\/en\/wp-json\/wp\/v2\/product"}],"about":[{"href":"https:\/\/wizardly-davinci.82-223-8-23.plesk.page\/en\/wp-json\/wp\/v2\/types\/product"}],"replies":[{"embeddable":true,"href":"https:\/\/wizardly-davinci.82-223-8-23.plesk.page\/en\/wp-json\/wp\/v2\/comments?post=17560"}],"wp:featuredmedia":[{"embeddable":true,"href":"https:\/\/wizardly-davinci.82-223-8-23.plesk.page\/en\/wp-json\/wp\/v2\/media\/17561"}],"wp:attachment":[{"href":"https:\/\/wizardly-davinci.82-223-8-23.plesk.page\/en\/wp-json\/wp\/v2\/media?parent=17560"}],"wp:term":[{"taxonomy":"product_cat","embeddable":true,"href":"https:\/\/wizardly-davinci.82-223-8-23.plesk.page\/en\/wp-json\/wp\/v2\/product_cat?post=17560"},{"taxonomy":"product_tag","embeddable":true,"href":"https:\/\/wizardly-davinci.82-223-8-23.plesk.page\/en\/wp-json\/wp\/v2\/product_tag?post=17560"},{"taxonomy":"edicion","embeddable":true,"href":"https:\/\/wizardly-davinci.82-223-8-23.plesk.page\/en\/wp-json\/wp\/v2\/edicion?post=17560"},{"taxonomy":"editoriales","embeddable":true,"href":"https:\/\/wizardly-davinci.82-223-8-23.plesk.page\/en\/wp-json\/wp\/v2\/editoriales?post=17560"},{"taxonomy":"tienda","embeddable":true,"href":"https:\/\/wizardly-davinci.82-223-8-23.plesk.page\/en\/wp-json\/wp\/v2\/tienda?post=17560"},{"taxonomy":"autor_id","embeddable":true,"href":"https:\/\/wizardly-davinci.82-223-8-23.plesk.page\/en\/wp-json\/wp\/v2\/autor_id?post=17560"},{"taxonomy":"universidades_coeditoras","embeddable":true,"href":"https:\/\/wizardly-davinci.82-223-8-23.plesk.page\/en\/wp-json\/wp\/v2\/universidades_coeditoras?post=17560"},{"taxonomy":"palabras_clave","embeddable":true,"href":"https:\/\/wizardly-davinci.82-223-8-23.plesk.page\/en\/wp-json\/wp\/v2\/palabras_clave?post=17560"},{"taxonomy":"listado_alfabetico","embeddable":true,"href":"https:\/\/wizardly-davinci.82-223-8-23.plesk.page\/en\/wp-json\/wp\/v2\/listado_alfabetico?post=17560"}],"curies":[{"name":"wp","href":"https:\/\/api.w.org\/{rel}","templated":true}]}}