{"id":17562,"date":"2019-04-09T22:47:36","date_gmt":"2019-04-09T22:47:36","guid":{"rendered":"https:\/\/octaedro.com\/producto\/el-asno-indeciso\/"},"modified":"2023-04-20T12:49:29","modified_gmt":"2023-04-20T10:49:29","slug":"el-asno-indeciso","status":"publish","type":"product","link":"https:\/\/wizardly-davinci.82-223-8-23.plesk.page\/en\/producto\/el-asno-indeciso\/","title":{"rendered":"El asno indeciso"},"content":{"rendered":"<p>Sin la menor duda, el fil\u00f3sofo que encarna el principio de la indecisi\u00f3n, dentro de la tradici\u00f3n filos\u00f3fica y fuera de ella, ha sido Buridan, gracias a la f\u00e1bula del asno que impropiamente se le atribuye. Jean Buridan es un fil\u00f3sofo franc\u00e9s de la primera mitad del siglo XIV, seguidor de Occam. Gracias a \u00e9l nos planteamos las ventajas y los inconvenientes que tiene el car\u00e1cter dubitativo que ha caracterizado a fil\u00f3sofos de todas las \u00e9pocas.<\/p>\n<p>Los argumentos de Bertrand Russell o Mario Bunge vienen a ampliar nuestro horizonte intelectual en un contexto m\u00e1s contempor\u00e1neo.<\/p>\n","protected":false},"excerpt":{"rendered":"<p>Sin la menor duda, el fil\u00f3sofo que encarna el principio de la indecisi\u00f3n, dentro de la tradici\u00f3n filos\u00f3fica y fuera de ella, ha sido Buridan, gracias a la f\u00e1bula del asno que impropiamente se le atribuye. Jean Buridan es un fil\u00f3sofo franc\u00e9s de la primera mitad del siglo XIV, seguidor de Occam. Gracias a \u00e9l nos planteamos las ventajas y los inconvenientes que tiene el car\u00e1cter dubitativo que ha caracterizado a fil\u00f3sofos de todas las \u00e9pocas.<\/p>\n<p>Los argumentos de Bertrand Russell o Mario Bunge vienen a ampliar nuestro horizonte intelectual en un contexto m\u00e1s contempor\u00e1neo.<\/p>\n","protected":false},"featured_media":17563,"comment_status":"open","ping_status":"closed","template":"","meta":{"_et_pb_use_builder":"","_et_pb_old_content":"","_et_gb_content_width":""},"product_cat":[1512],"product_tag":[2602],"edicion":[1083],"editoriales":[1160],"tienda":[],"autor_id":[6035],"universidades_coeditoras":[],"palabras_clave":[],"listado_alfabetico":[],"acf":[],"_links":{"self":[{"href":"https:\/\/wizardly-davinci.82-223-8-23.plesk.page\/en\/wp-json\/wp\/v2\/product\/17562"}],"collection":[{"href":"https:\/\/wizardly-davinci.82-223-8-23.plesk.page\/en\/wp-json\/wp\/v2\/product"}],"about":[{"href":"https:\/\/wizardly-davinci.82-223-8-23.plesk.page\/en\/wp-json\/wp\/v2\/types\/product"}],"replies":[{"embeddable":true,"href":"https:\/\/wizardly-davinci.82-223-8-23.plesk.page\/en\/wp-json\/wp\/v2\/comments?post=17562"}],"wp:featuredmedia":[{"embeddable":true,"href":"https:\/\/wizardly-davinci.82-223-8-23.plesk.page\/en\/wp-json\/wp\/v2\/media\/17563"}],"wp:attachment":[{"href":"https:\/\/wizardly-davinci.82-223-8-23.plesk.page\/en\/wp-json\/wp\/v2\/media?parent=17562"}],"wp:term":[{"taxonomy":"product_cat","embeddable":true,"href":"https:\/\/wizardly-davinci.82-223-8-23.plesk.page\/en\/wp-json\/wp\/v2\/product_cat?post=17562"},{"taxonomy":"product_tag","embeddable":true,"href":"https:\/\/wizardly-davinci.82-223-8-23.plesk.page\/en\/wp-json\/wp\/v2\/product_tag?post=17562"},{"taxonomy":"edicion","embeddable":true,"href":"https:\/\/wizardly-davinci.82-223-8-23.plesk.page\/en\/wp-json\/wp\/v2\/edicion?post=17562"},{"taxonomy":"editoriales","embeddable":true,"href":"https:\/\/wizardly-davinci.82-223-8-23.plesk.page\/en\/wp-json\/wp\/v2\/editoriales?post=17562"},{"taxonomy":"tienda","embeddable":true,"href":"https:\/\/wizardly-davinci.82-223-8-23.plesk.page\/en\/wp-json\/wp\/v2\/tienda?post=17562"},{"taxonomy":"autor_id","embeddable":true,"href":"https:\/\/wizardly-davinci.82-223-8-23.plesk.page\/en\/wp-json\/wp\/v2\/autor_id?post=17562"},{"taxonomy":"universidades_coeditoras","embeddable":true,"href":"https:\/\/wizardly-davinci.82-223-8-23.plesk.page\/en\/wp-json\/wp\/v2\/universidades_coeditoras?post=17562"},{"taxonomy":"palabras_clave","embeddable":true,"href":"https:\/\/wizardly-davinci.82-223-8-23.plesk.page\/en\/wp-json\/wp\/v2\/palabras_clave?post=17562"},{"taxonomy":"listado_alfabetico","embeddable":true,"href":"https:\/\/wizardly-davinci.82-223-8-23.plesk.page\/en\/wp-json\/wp\/v2\/listado_alfabetico?post=17562"}],"curies":[{"name":"wp","href":"https:\/\/api.w.org\/{rel}","templated":true}]}}