{"id":17564,"date":"2019-04-09T22:47:36","date_gmt":"2019-04-09T22:47:36","guid":{"rendered":"https:\/\/octaedro.com\/producto\/el-lobo-y-las-fresas\/"},"modified":"2023-04-20T12:49:35","modified_gmt":"2023-04-20T10:49:35","slug":"el-lobo-y-las-fresas","status":"publish","type":"product","link":"https:\/\/wizardly-davinci.82-223-8-23.plesk.page\/en\/producto\/el-lobo-y-las-fresas\/","title":{"rendered":"El lobo y las fresas"},"content":{"rendered":"<p>La concepci\u00f3n de Hobbes se opone tradicionalmente a la de Rousseau. \u00abMucha gente cree que las personas somos corderos; en cambio, otros afirman que los seres humanos somos lobos. Las dos concepciones pueden acumular buenos argumentos a favor de sus respectivas posiciones\u00bb, escribe Erich Fromm.<br \/>\nLa recreaci\u00f3n de la sentencia m\u00e1s famosa de Hobbes: \u00abEl hombre es un lobo para el hombre\u00bb, en forma de f\u00e1bula, nos sirve para analizar los dos planteamientos tomando prestados algunos argumentos de la biolog\u00eda contempor\u00e1nea: hasta los lobos se contentan con victorias simb\u00f3licas como pudieran ser las del f\u00fatbol o las de los juegos digitales.<\/p>\n","protected":false},"excerpt":{"rendered":"<p>La concepci\u00f3n de Hobbes se opone tradicionalmente a la de Rousseau. \u00abMucha gente cree que las personas somos corderos; en cambio, otros afirman que los seres humanos somos lobos. Las dos concepciones pueden acumular buenos argumentos a favor de sus respectivas posiciones\u00bb, escribe Erich Fromm.<br \/>\nLa recreaci\u00f3n de la sentencia m\u00e1s famosa de Hobbes: \u00abEl hombre es un lobo para el hombre\u00bb, en forma de f\u00e1bula, nos sirve para analizar los dos planteamientos tomando prestados algunos argumentos de la biolog\u00eda contempor\u00e1nea: hasta los lobos se contentan con victorias simb\u00f3licas como pudieran ser las del f\u00fatbol o las de los juegos digitales.<\/p>\n","protected":false},"featured_media":17565,"comment_status":"open","ping_status":"closed","template":"","meta":{"_et_pb_use_builder":"","_et_pb_old_content":"","_et_gb_content_width":""},"product_cat":[1512],"product_tag":[2602],"edicion":[1083],"editoriales":[1160],"tienda":[],"autor_id":[6035],"universidades_coeditoras":[],"palabras_clave":[],"listado_alfabetico":[],"acf":[],"_links":{"self":[{"href":"https:\/\/wizardly-davinci.82-223-8-23.plesk.page\/en\/wp-json\/wp\/v2\/product\/17564"}],"collection":[{"href":"https:\/\/wizardly-davinci.82-223-8-23.plesk.page\/en\/wp-json\/wp\/v2\/product"}],"about":[{"href":"https:\/\/wizardly-davinci.82-223-8-23.plesk.page\/en\/wp-json\/wp\/v2\/types\/product"}],"replies":[{"embeddable":true,"href":"https:\/\/wizardly-davinci.82-223-8-23.plesk.page\/en\/wp-json\/wp\/v2\/comments?post=17564"}],"wp:featuredmedia":[{"embeddable":true,"href":"https:\/\/wizardly-davinci.82-223-8-23.plesk.page\/en\/wp-json\/wp\/v2\/media\/17565"}],"wp:attachment":[{"href":"https:\/\/wizardly-davinci.82-223-8-23.plesk.page\/en\/wp-json\/wp\/v2\/media?parent=17564"}],"wp:term":[{"taxonomy":"product_cat","embeddable":true,"href":"https:\/\/wizardly-davinci.82-223-8-23.plesk.page\/en\/wp-json\/wp\/v2\/product_cat?post=17564"},{"taxonomy":"product_tag","embeddable":true,"href":"https:\/\/wizardly-davinci.82-223-8-23.plesk.page\/en\/wp-json\/wp\/v2\/product_tag?post=17564"},{"taxonomy":"edicion","embeddable":true,"href":"https:\/\/wizardly-davinci.82-223-8-23.plesk.page\/en\/wp-json\/wp\/v2\/edicion?post=17564"},{"taxonomy":"editoriales","embeddable":true,"href":"https:\/\/wizardly-davinci.82-223-8-23.plesk.page\/en\/wp-json\/wp\/v2\/editoriales?post=17564"},{"taxonomy":"tienda","embeddable":true,"href":"https:\/\/wizardly-davinci.82-223-8-23.plesk.page\/en\/wp-json\/wp\/v2\/tienda?post=17564"},{"taxonomy":"autor_id","embeddable":true,"href":"https:\/\/wizardly-davinci.82-223-8-23.plesk.page\/en\/wp-json\/wp\/v2\/autor_id?post=17564"},{"taxonomy":"universidades_coeditoras","embeddable":true,"href":"https:\/\/wizardly-davinci.82-223-8-23.plesk.page\/en\/wp-json\/wp\/v2\/universidades_coeditoras?post=17564"},{"taxonomy":"palabras_clave","embeddable":true,"href":"https:\/\/wizardly-davinci.82-223-8-23.plesk.page\/en\/wp-json\/wp\/v2\/palabras_clave?post=17564"},{"taxonomy":"listado_alfabetico","embeddable":true,"href":"https:\/\/wizardly-davinci.82-223-8-23.plesk.page\/en\/wp-json\/wp\/v2\/listado_alfabetico?post=17564"}],"curies":[{"name":"wp","href":"https:\/\/api.w.org\/{rel}","templated":true}]}}